{"id":1670,"date":"2021-05-17T13:44:07","date_gmt":"2021-05-17T11:44:07","guid":{"rendered":"https:\/\/www.cercledecultura.org\/?page_id=1670"},"modified":"2021-05-17T14:00:38","modified_gmt":"2021-05-17T12:00:38","slug":"sala-de-prensa","status":"publish","type":"page","link":"https:\/\/www.cercledecultura.org\/es\/sala-de-prensa\/","title":{"rendered":"Sala de prensa"},"content":{"rendered":"<div class=\"vce-row-container\" data-vce-boxed-width=\"true\"><div class=\"vce-row vce-row--col-gap-30 vce-row-content--top\" id=\"el-18ffe5eb\" data-vce-do-apply=\"all el-18ffe5eb\"><div class=\"vce-row-content\" data-vce-element-content=\"true\"><div class=\"vce-col vce-col--md-auto vce-col--xs-1 vce-col--xs-last vce-col--xs-first vce-col--sm-last vce-col--sm-first vce-col--md-last vce-col--lg-last vce-col--xl-last vce-col--md-first vce-col--lg-first vce-col--xl-first\" id=\"el-130071df\"><div class=\"vce-col-inner\" data-vce-do-apply=\"border margin background  el-130071df\"><div class=\"vce-col-content\" data-vce-element-content=\"true\" data-vce-do-apply=\"padding el-130071df\"><div class=\"vce-google-fonts-heading page-title vce-google-fonts-heading--align-center vce-google-fonts-heading--color-empty--45--5C00FF--FF7200 vce-google-fonts-heading--font-family-Open-Sans\"><div class=\"vce-google-fonts-heading-wrapper\"><div class=\"vce-google-fonts-heading--background vce\" id=\"el-e6331ccc\" data-vce-do-apply=\"border background  padding margin el-e6331ccc\"><h1 class=\"vce-google-fonts-heading-inner\" style=\"font-weight: 400;\">Sala de prensa<\/h1><\/div><\/div><\/div><\/div><\/div><\/div><\/div><\/div><\/div><div class=\"vce-row-container\"><div class=\"vce-row vce-row--col-gap-30 vce-row-content--top vcv-state--show-resizer\" data-vce-full-width=\"true\" data-vce-stretch-content=\"true\" id=\"el-08237945\" data-vce-do-apply=\"all el-08237945\"><div class=\"vce-content-background-container\"><\/div><div class=\"vce-dividers-wrapper\"><div class=\"vce-container-divider vce-divider-position--top vce-container-divider-new vce-visible-all-only\" data-vce-do-apply=\"divider el-08237945\"><div class=\"vce-container-divider-inner\"><svg class=\"vce-divider-svg\" viewBox=\"0 0 500 89\" width=\"100%\" preserveAspectRatio=\"none\"><g fill=\"rgb(237, 237, 237)\"><path d=\"M230,175.83203120000002 C129.788636,126.3809051 25.1367188,158.5544211 0,194.65820309999998 L0,0 L500,0 L500,140.03283820000001 C474.679688,194.65820309999998 348.710938,234.412109 230,175.83203120000002 Z\"><\/path><\/g><\/svg><\/div><\/div><\/div><div class=\"vce-row-content\" data-vce-element-content=\"true\"><div class=\"vce-col vce-col--md-75p vce-col--xs-1 vce-col--xs-last vce-col--xs-first vce-col--sm-last vce-col--sm-first vce-col--md-first vce-col--lg-first vce-col--xl-first\" id=\"el-02b0294a\"><div class=\"vce-col-inner\" data-vce-do-apply=\"border margin background  el-02b0294a\"><div class=\"vce-col-content\" data-vce-element-content=\"true\" data-vce-do-apply=\"padding el-02b0294a\"><div class=\"vce-posts-grid-container vce-side-grid-container press-note\"><div class=\"vce vce-posts-grid-wrapper vce-side-grid-wrapper vce-posts-grid--gap-10 vce-posts-grid--columns-1 vce-posts-grid-pagination--color-b-29-100-197--b-27-157-209\" id=\"el-6b7fcc4c\" data-vce-do-apply=\"all el-6b7fcc4c\"><div class=\"vce-posts-grid-list\"><div class=\"vce-posts-grid-item\"><article class=\"vce-posts-grid-item-inner\"><div class=\"vce-post-description vce-post-description--image-alignment-left vce-post-description--title-color-b-27-157-203 vce-post-description--excerpt-color-b-33-33-33 vce-post-description--author-color-ffce00 vce-post-description--meta-color-b-127-127-127\"><div class=\"vce-post-description--image\" style=\"background-image:url(https:\/\/www.cercledecultura.org\/wp-content\/uploads\/2025\/06\/thumbnail_IMG_9081-e1751526961137.jpg)\"><a href=\"https:\/\/www.cercledecultura.org\/es\/el-cercle-de-cultura-rinde-homenaje-a-rosa-maria-malet-i-ybern-directora-emerita-de-la-fundacio-joan-miro\/\"><\/a><\/div><div class=\"vce-post-description--content\"><p class=\"vce-post-description--meta\"><span>Posted <\/span><span class=\"vce-post-description--meta-date\">on <time datetime=\"2025-06-18 07:31:29\">18 de junio de 2025 <\/time><\/span><\/p><h3 class=\"vce-post-description--title\"><a href=\"https:\/\/www.cercledecultura.org\/es\/el-cercle-de-cultura-rinde-homenaje-a-rosa-maria-malet-i-ybern-directora-emerita-de-la-fundacio-joan-miro\/\">El Cercle de Cultura otorga el premio \"Cercle de Cultura 2025\" a Rosa Maria Malet por su magn\u00edfica trayectoria profesional, coincidiendo con el 50.\u00ba cumplea\u00f1os de la Fundaci\u00f3 Joan Mir\u00f3<\/a><\/h3><div class=\"vce-post-description--excerpt\"><p>En un encuentro emotivo en el Cercle d&#8217;Economia, con profesionales y gestores culturales, compa\u00f1eros de profesi\u00f3n, amistades y familia, personas del entorno de Rosa Maria Malet han compartido palabras de reconocimiento para distinguir su magn\u00edfica trayectoria como directora de la Fundaci\u00f3 Mir\u00f3, desde el a\u00f1o 1980 hasta el momento de su jubilaci\u00f3n, en 2017. &nbsp;&hellip;<\/p>\n<\/div>\n<a href=\"https:\/\/www.cercledecultura.org\/es\/el-cercle-de-cultura-rinde-homenaje-a-rosa-maria-malet-i-ybern-directora-emerita-de-la-fundacio-joan-miro\/\" class=\"vce-post-link\"><div class=\"vce-button--style-outline-container vce-button--style-outline-container--align-left\"><span class=\"vce-button--style-outline-wrapper vce\" id=\"el-b1b44939\" data-vce-do-apply=\"margin el-b1b44939\"><button class=\"vce-button--style-outline-animated vce-button--style-outline--border-square vce-button--style-outline--size-small vce-button--style-outline-animated--color-b-84-168-208--fff--3d3d3d vce-button--style-outline-animated--border-color-b-84-168-208--3d3d3d vce-button--style-outline-animated--background-color-b-84-168-208\" data-vce-do-apply=\"padding border background  el-b1b44939\"><span class=\"vce-button--style-outline-text\">Llegir m\u00e9s<\/span><\/button><\/span><\/div><\/a><\/div><\/div><\/article><\/div><div class=\"vce-posts-grid-item\"><article class=\"vce-posts-grid-item-inner\"><div class=\"vce-post-description vce-post-description--image-alignment-left vce-post-description--title-color-b-27-157-203 vce-post-description--excerpt-color-b-33-33-33 vce-post-description--author-color-ffce00 vce-post-description--meta-color-b-127-127-127\"><div class=\"vce-post-description--image\" style=\"background-image:url(https:\/\/www.cercledecultura.org\/wp-content\/uploads\/2023\/07\/Web-def.png)\"><a href=\"https:\/\/www.cercledecultura.org\/es\/el-cercle-de-cultura-firma-un-convenio-de-colaboracion-con-la-sgae\/\"><\/a><\/div><div class=\"vce-post-description--content\"><p class=\"vce-post-description--meta\"><span>Posted <\/span><span class=\"vce-post-description--meta-date\">on <time datetime=\"2023-10-17 17:14:14\">17 de octubre de 2023 <\/time><\/span><\/p><h3 class=\"vce-post-description--title\"><a href=\"https:\/\/www.cercledecultura.org\/es\/el-cercle-de-cultura-firma-un-convenio-de-colaboracion-con-la-sgae\/\">El Cercle de Cultura firma un convenio de colaboraci\u00f3n con la SGAE<\/a><\/h3><div class=\"vce-post-description--excerpt\"><p>El Cercle de Cultura y la Sociedad General de Autores y Editores (SGAE) han firmado un acuerdo para trabajar conjuntamente en proyectos y actividades con un alto potencial de transformaci\u00f3n social a trav\u00e9s de la cultura. Ambas entidades comparten la visi\u00f3n de que la cultura es un elemento constitutivo primordial de la sociedad y, en&hellip;<\/p>\n<\/div>\n<a href=\"https:\/\/www.cercledecultura.org\/es\/el-cercle-de-cultura-firma-un-convenio-de-colaboracion-con-la-sgae\/\" class=\"vce-post-link\"><div class=\"vce-button--style-outline-container vce-button--style-outline-container--align-left\"><span class=\"vce-button--style-outline-wrapper vce\" id=\"el-b1b44939\" data-vce-do-apply=\"margin el-b1b44939\"><button class=\"vce-button--style-outline-animated vce-button--style-outline--border-square vce-button--style-outline--size-small vce-button--style-outline-animated--color-b-84-168-208--fff--3d3d3d vce-button--style-outline-animated--border-color-b-84-168-208--3d3d3d vce-button--style-outline-animated--background-color-b-84-168-208\" data-vce-do-apply=\"padding border background  el-b1b44939\"><span class=\"vce-button--style-outline-text\">Llegir m\u00e9s<\/span><\/button><\/span><\/div><\/a><\/div><\/div><\/article><\/div><div class=\"vce-posts-grid-item\"><article class=\"vce-posts-grid-item-inner\"><div class=\"vce-post-description vce-post-description--image-alignment-left vce-post-description--title-color-b-27-157-203 vce-post-description--excerpt-color-b-33-33-33 vce-post-description--author-color-ffce00 vce-post-description--meta-color-b-127-127-127\"><div class=\"vce-post-description--image\" style=\"background-image:url(https:\/\/www.cercledecultura.org\/wp-content\/uploads\/2021\/02\/MniXWysUu3CnW3hoPQQ.jpg)\"><a href=\"https:\/\/www.cercledecultura.org\/es\/jordi-pardo-president-cercle-cultura\/\"><\/a><\/div><div class=\"vce-post-description--content\"><p class=\"vce-post-description--meta\"><span>Posted <\/span><span class=\"vce-post-description--meta-date\">on <time datetime=\"2021-02-19 06:43:00\">19 de febrero de 2021 <\/time><\/span><\/p><h3 class=\"vce-post-description--title\"><a href=\"https:\/\/www.cercledecultura.org\/es\/jordi-pardo-president-cercle-cultura\/\">Jordi Pardo releva Segimon Borr\u00e0s como presidente del Cercle de Cultura<\/a><\/h3><div class=\"vce-post-description--excerpt\"><p>El hasta ahora vicepresidente y director general de la Fundaci\u00f3n Pau Casals ha sido elegido presidente del Cercle de Cultura en la asamblea que se ha celebrado este jueves 18 de febrero.<\/p>\n<\/div>\n<a href=\"https:\/\/www.cercledecultura.org\/es\/jordi-pardo-president-cercle-cultura\/\" class=\"vce-post-link\"><div class=\"vce-button--style-outline-container vce-button--style-outline-container--align-left\"><span class=\"vce-button--style-outline-wrapper vce\" id=\"el-b1b44939\" data-vce-do-apply=\"margin el-b1b44939\"><button class=\"vce-button--style-outline-animated vce-button--style-outline--border-square vce-button--style-outline--size-small vce-button--style-outline-animated--color-b-84-168-208--fff--3d3d3d vce-button--style-outline-animated--border-color-b-84-168-208--3d3d3d vce-button--style-outline-animated--background-color-b-84-168-208\" data-vce-do-apply=\"padding border background  el-b1b44939\"><span class=\"vce-button--style-outline-text\">Llegir m\u00e9s<\/span><\/button><\/span><\/div><\/a><\/div><\/div><\/article><\/div><div class=\"vce-posts-grid-item\"><article class=\"vce-posts-grid-item-inner\"><div class=\"vce-post-description vce-post-description--image-alignment-left vce-post-description--title-color-b-27-157-203 vce-post-description--excerpt-color-b-33-33-33 vce-post-description--author-color-ffce00 vce-post-description--meta-color-b-127-127-127\"><div class=\"vce-post-description--image\" style=\"background-image:url(https:\/\/www.cercledecultura.org\/wp-content\/uploads\/2021\/02\/GDQyyq5JIEN8lwWH0dWQ.jpg)\"><a href=\"https:\/\/www.cercledecultura.org\/es\/comunicado-del-cercle-de-cultura-sobre-los-sectores-de-la-cultura-y-los-fondos-de-recuperacion-europeos\/\"><\/a><\/div><div class=\"vce-post-description--content\"><p class=\"vce-post-description--meta\"><span>Posted <\/span><span class=\"vce-post-description--meta-date\">on <time datetime=\"2021-01-12 22:53:43\">13 de enero de 2021 <\/time><\/span><\/p><h3 class=\"vce-post-description--title\"><a href=\"https:\/\/www.cercledecultura.org\/es\/comunicado-del-cercle-de-cultura-sobre-los-sectores-de-la-cultura-y-los-fondos-de-recuperacion-europeos\/\">Comunicado del Cercle de Cultura sobre los sectores de la cultura y los Fondos de Recuperaci\u00f3n Europeos<\/a><\/h3><div class=\"vce-post-description--excerpt\"><p>Comunicado del Cercle de Cultura con relaci\u00f3n al valor estrat\u00e9gico de la cultura en la recuperaci\u00f3n y transici\u00f3n econ\u00f3mica post-Covidien-19. El Cercle de Cultura pide a las administraciones p\u00fablicas Estatal y Catalana que la cultura y las industrias culturales formen parte de las prioridades reales con las que se gestionen los fondos europeos de recuperaci\u00f3n, resiliencia y transformaci\u00f3n<\/p>\n<\/div>\n<a href=\"https:\/\/www.cercledecultura.org\/es\/comunicado-del-cercle-de-cultura-sobre-los-sectores-de-la-cultura-y-los-fondos-de-recuperacion-europeos\/\" class=\"vce-post-link\"><div class=\"vce-button--style-outline-container vce-button--style-outline-container--align-left\"><span class=\"vce-button--style-outline-wrapper vce\" id=\"el-b1b44939\" data-vce-do-apply=\"margin el-b1b44939\"><button class=\"vce-button--style-outline-animated vce-button--style-outline--border-square vce-button--style-outline--size-small vce-button--style-outline-animated--color-b-84-168-208--fff--3d3d3d vce-button--style-outline-animated--border-color-b-84-168-208--3d3d3d vce-button--style-outline-animated--background-color-b-84-168-208\" data-vce-do-apply=\"padding border background  el-b1b44939\"><span class=\"vce-button--style-outline-text\">Llegir m\u00e9s<\/span><\/button><\/span><\/div><\/a><\/div><\/div><\/article><\/div><\/div><div class=\"vce-posts-grid-pagination\">\n    <\/div>\n<\/div><\/div><\/div><\/div><\/div><div class=\"vce-col vce-col--md-25p vce-col--xs-1 vce-col--xs-last vce-col--xs-first vce-col--sm-last vce-col--sm-first vce-col--md-last vce-col--lg-last vce-col--xl-last media-resources\" id=\"el-b0befc7c\"><div class=\"vce-col-inner\" data-vce-do-apply=\"border margin background  el-b0befc7c\"><div class=\"vce-col-content\" data-vce-element-content=\"true\" data-vce-do-apply=\"padding el-b0befc7c\"><div class=\"vce-google-fonts-heading vce-google-fonts-heading--align-center vce-google-fonts-heading--color-empty--45--5C00FF--FF7200 vce-google-fonts-heading--font-family-Open-Sans\"><div class=\"vce-google-fonts-heading-wrapper\"><div class=\"vce-google-fonts-heading--background vce\" id=\"el-fbd589c1\" data-vce-do-apply=\"border background  padding margin el-fbd589c1\"><p class=\"vce-google-fonts-heading-inner\" style=\"font-size: 25px; font-weight: 600;\">Recursos<\/p><\/div><\/div><\/div><div class=\"vce-single-image-container vce-single-image--align-left\"><div class=\"vce vce-single-image-wrapper\" id=\"el-4fb13e1c\" data-vce-do-apply=\"all el-4fb13e1c\"><figure><a href=\"https:\/\/www.cercledecultura.org\/wp-content\/uploads\/2020\/01\/favicon.jpg\" target=\"_blank\" class=\"vce-single-image-inner vce-single-image--absolute\" style=\"padding-bottom: 100%; width: 400px;\" rel=\"noopener\"><img loading=\"lazy\" decoding=\"async\" class=\"vce-single-image\" width=\"400\" height=\"400\" src=\"https:\/\/www.cercledecultura.org\/wp-content\/uploads\/2021\/05\/favicon-400x400.jpg\" srcset=\"https:\/\/www.cercledecultura.org\/wp-content\/uploads\/2021\/05\/favicon-320x320.jpg 320w,https:\/\/www.cercledecultura.org\/wp-content\/uploads\/2021\/05\/favicon-400x400.jpg 400w\" data-img-src=\"https:\/\/www.cercledecultura.org\/wp-content\/uploads\/2020\/01\/favicon.jpg\" alt=\"Logotipo Cercle de Cultura Cuadrado\" title=\"Logotipo Cercle de Cultura Cuadrado\" \/><\/a><figcaption>Logotipo Cercle de Cultura Cuadrado<\/figcaption><\/figure><\/div><\/div><div class=\"vce-single-image-container vce-single-image--align-left\"><div class=\"vce vce-single-image-wrapper\" id=\"el-d6a34e72\" data-vce-do-apply=\"all el-d6a34e72\"><figure><a href=\"https:\/\/www.cercledecultura.org\/wp-content\/uploads\/2020\/01\/logo-cercle-de-cultura.png\" target=\"_blank\" class=\"vce-single-image-inner vce-single-image--absolute\" style=\"padding-bottom: 55.7143%; width: 350px;\" rel=\"noopener\"><img loading=\"lazy\" decoding=\"async\" class=\"vce-single-image\" width=\"350\" height=\"195\" src=\"https:\/\/www.cercledecultura.org\/wp-content\/uploads\/2021\/05\/logo-cercle-de-cultura-350x195.png\" srcset=\"https:\/\/www.cercledecultura.org\/wp-content\/uploads\/2021\/05\/logo-cercle-de-cultura-320x178.png 320w,https:\/\/www.cercledecultura.org\/wp-content\/uploads\/2021\/05\/logo-cercle-de-cultura-350x195.png 350w\" data-img-src=\"https:\/\/www.cercledecultura.org\/wp-content\/uploads\/2020\/01\/logo-cercle-de-cultura.png\" alt=\"Logotipo Cercle de Cultura Horizontal\" title=\"Logotipo Cercle de Cultura Horizontal\" \/><\/a><figcaption>Logotipo Cercle de Cultura Horizontal<\/figcaption><\/figure><\/div><\/div><\/div><\/div><\/div><\/div><\/div><\/div>\n","protected":false},"excerpt":{"rendered":"<p>Sala de prensaRecursosLogotipo Cercle de Cultura CuadradoLogotipo Cercle de Cultura Horizontal<\/p>\n","protected":false},"author":1,"featured_media":0,"parent":0,"menu_order":0,"comment_status":"closed","ping_status":"closed","template":"","meta":{"footnotes":""},"class_list":["post-1670","page","type-page","status-publish","hentry"],"yoast_head":"<!-- This site is optimized with the Yoast SEO plugin v27.5 - https:\/\/yoast.com\/product\/yoast-seo-wordpress\/ -->\n<title>Sala de prensa - Cercle de Cultura<\/title>\n<meta name=\"robots\" content=\"index, follow, max-snippet:-1, max-image-preview:large, max-video-preview:-1\" \/>\n<link rel=\"canonical\" href=\"https:\/\/www.cercledecultura.org\/es\/sala-de-prensa\/\" \/>\n<meta property=\"og:locale\" content=\"es_ES\" \/>\n<meta property=\"og:type\" content=\"article\" \/>\n<meta property=\"og:title\" content=\"Sala de prensa - Cercle de Cultura\" \/>\n<meta property=\"og:description\" content=\"Sala de prensaRecursosLogotipo Cercle de Cultura CuadradoLogotipo Cercle de Cultura Horizontal\" \/>\n<meta property=\"og:url\" content=\"https:\/\/www.cercledecultura.org\/es\/sala-de-prensa\/\" \/>\n<meta property=\"og:site_name\" content=\"Cercle de Cultura\" \/>\n<meta property=\"article:modified_time\" content=\"2021-05-17T12:00:38+00:00\" \/>\n<meta name=\"twitter:card\" content=\"summary_large_image\" \/>\n<meta name=\"twitter:label1\" content=\"Tiempo de lectura\" \/>\n\t<meta name=\"twitter:data1\" content=\"2 minutos\" \/>\n<script type=\"application\/ld+json\" class=\"yoast-schema-graph\">{\"@context\":\"https:\\\/\\\/schema.org\",\"@graph\":[{\"@type\":\"WebPage\",\"@id\":\"https:\\\/\\\/www.cercledecultura.org\\\/es\\\/sala-de-prensa\\\/\",\"url\":\"https:\\\/\\\/www.cercledecultura.org\\\/es\\\/sala-de-prensa\\\/\",\"name\":\"Sala de prensa - Cercle de Cultura\",\"isPartOf\":{\"@id\":\"https:\\\/\\\/www.cercledecultura.org\\\/es\\\/#website\"},\"datePublished\":\"2021-05-17T11:44:07+00:00\",\"dateModified\":\"2021-05-17T12:00:38+00:00\",\"breadcrumb\":{\"@id\":\"https:\\\/\\\/www.cercledecultura.org\\\/es\\\/sala-de-prensa\\\/#breadcrumb\"},\"inLanguage\":\"es\",\"potentialAction\":[{\"@type\":\"ReadAction\",\"target\":[\"https:\\\/\\\/www.cercledecultura.org\\\/es\\\/sala-de-prensa\\\/\"]}]},{\"@type\":\"BreadcrumbList\",\"@id\":\"https:\\\/\\\/www.cercledecultura.org\\\/es\\\/sala-de-prensa\\\/#breadcrumb\",\"itemListElement\":[{\"@type\":\"ListItem\",\"position\":1,\"name\":\"Portada\",\"item\":\"https:\\\/\\\/www.cercledecultura.org\\\/es\\\/\"},{\"@type\":\"ListItem\",\"position\":2,\"name\":\"Sala de prensa\"}]},{\"@type\":\"WebSite\",\"@id\":\"https:\\\/\\\/www.cercledecultura.org\\\/es\\\/#website\",\"url\":\"https:\\\/\\\/www.cercledecultura.org\\\/es\\\/\",\"name\":\"Cercle de Cultura\",\"description\":\"Entitat de car\u00e0cter privat i associatiu, independent, amb voluntat de participar en la vida p\u00fablica des de la pluralitat ideol\u00f2gica dels seus membres fundadors i futurs associats\",\"publisher\":{\"@id\":\"https:\\\/\\\/www.cercledecultura.org\\\/es\\\/#organization\"},\"potentialAction\":[{\"@type\":\"SearchAction\",\"target\":{\"@type\":\"EntryPoint\",\"urlTemplate\":\"https:\\\/\\\/www.cercledecultura.org\\\/es\\\/?s={search_term_string}\"},\"query-input\":{\"@type\":\"PropertyValueSpecification\",\"valueRequired\":true,\"valueName\":\"search_term_string\"}}],\"inLanguage\":\"es\"},{\"@type\":\"Organization\",\"@id\":\"https:\\\/\\\/www.cercledecultura.org\\\/es\\\/#organization\",\"name\":\"Cercle de Cultura\",\"url\":\"https:\\\/\\\/www.cercledecultura.org\\\/es\\\/\",\"logo\":{\"@type\":\"ImageObject\",\"inLanguage\":\"es\",\"@id\":\"https:\\\/\\\/www.cercledecultura.org\\\/es\\\/#\\\/schema\\\/logo\\\/image\\\/\",\"url\":\"https:\\\/\\\/www.cercledecultura.org\\\/wp-content\\\/uploads\\\/2020\\\/01\\\/logo-cercle-de-cultura.png\",\"contentUrl\":\"https:\\\/\\\/www.cercledecultura.org\\\/wp-content\\\/uploads\\\/2020\\\/01\\\/logo-cercle-de-cultura.png\",\"width\":350,\"height\":195,\"caption\":\"Cercle de Cultura\"},\"image\":{\"@id\":\"https:\\\/\\\/www.cercledecultura.org\\\/es\\\/#\\\/schema\\\/logo\\\/image\\\/\"}}]}<\/script>\n<!-- \/ Yoast SEO plugin. -->","yoast_head_json":{"title":"Sala de prensa - Cercle de Cultura","robots":{"index":"index","follow":"follow","max-snippet":"max-snippet:-1","max-image-preview":"max-image-preview:large","max-video-preview":"max-video-preview:-1"},"canonical":"https:\/\/www.cercledecultura.org\/es\/sala-de-prensa\/","og_locale":"es_ES","og_type":"article","og_title":"Sala de prensa - Cercle de Cultura","og_description":"Sala de prensaRecursosLogotipo Cercle de Cultura CuadradoLogotipo Cercle de Cultura Horizontal","og_url":"https:\/\/www.cercledecultura.org\/es\/sala-de-prensa\/","og_site_name":"Cercle de Cultura","article_modified_time":"2021-05-17T12:00:38+00:00","twitter_card":"summary_large_image","twitter_misc":{"Tiempo de lectura":"2 minutos"},"schema":{"@context":"https:\/\/schema.org","@graph":[{"@type":"WebPage","@id":"https:\/\/www.cercledecultura.org\/es\/sala-de-prensa\/","url":"https:\/\/www.cercledecultura.org\/es\/sala-de-prensa\/","name":"Sala de prensa - Cercle de Cultura","isPartOf":{"@id":"https:\/\/www.cercledecultura.org\/es\/#website"},"datePublished":"2021-05-17T11:44:07+00:00","dateModified":"2021-05-17T12:00:38+00:00","breadcrumb":{"@id":"https:\/\/www.cercledecultura.org\/es\/sala-de-prensa\/#breadcrumb"},"inLanguage":"es","potentialAction":[{"@type":"ReadAction","target":["https:\/\/www.cercledecultura.org\/es\/sala-de-prensa\/"]}]},{"@type":"BreadcrumbList","@id":"https:\/\/www.cercledecultura.org\/es\/sala-de-prensa\/#breadcrumb","itemListElement":[{"@type":"ListItem","position":1,"name":"Portada","item":"https:\/\/www.cercledecultura.org\/es\/"},{"@type":"ListItem","position":2,"name":"Sala de prensa"}]},{"@type":"WebSite","@id":"https:\/\/www.cercledecultura.org\/es\/#website","url":"https:\/\/www.cercledecultura.org\/es\/","name":"Cercle de Cultura","description":"Entitat de car\u00e0cter privat i associatiu, independent, amb voluntat de participar en la vida p\u00fablica des de la pluralitat ideol\u00f2gica dels seus membres fundadors i futurs associats","publisher":{"@id":"https:\/\/www.cercledecultura.org\/es\/#organization"},"potentialAction":[{"@type":"SearchAction","target":{"@type":"EntryPoint","urlTemplate":"https:\/\/www.cercledecultura.org\/es\/?s={search_term_string}"},"query-input":{"@type":"PropertyValueSpecification","valueRequired":true,"valueName":"search_term_string"}}],"inLanguage":"es"},{"@type":"Organization","@id":"https:\/\/www.cercledecultura.org\/es\/#organization","name":"Cercle de Cultura","url":"https:\/\/www.cercledecultura.org\/es\/","logo":{"@type":"ImageObject","inLanguage":"es","@id":"https:\/\/www.cercledecultura.org\/es\/#\/schema\/logo\/image\/","url":"https:\/\/www.cercledecultura.org\/wp-content\/uploads\/2020\/01\/logo-cercle-de-cultura.png","contentUrl":"https:\/\/www.cercledecultura.org\/wp-content\/uploads\/2020\/01\/logo-cercle-de-cultura.png","width":350,"height":195,"caption":"Cercle de Cultura"},"image":{"@id":"https:\/\/www.cercledecultura.org\/es\/#\/schema\/logo\/image\/"}}]}},"_links":{"self":[{"href":"https:\/\/www.cercledecultura.org\/es\/wp-json\/wp\/v2\/pages\/1670","targetHints":{"allow":["GET"]}}],"collection":[{"href":"https:\/\/www.cercledecultura.org\/es\/wp-json\/wp\/v2\/pages"}],"about":[{"href":"https:\/\/www.cercledecultura.org\/es\/wp-json\/wp\/v2\/types\/page"}],"author":[{"embeddable":true,"href":"https:\/\/www.cercledecultura.org\/es\/wp-json\/wp\/v2\/users\/1"}],"replies":[{"embeddable":true,"href":"https:\/\/www.cercledecultura.org\/es\/wp-json\/wp\/v2\/comments?post=1670"}],"version-history":[{"count":5,"href":"https:\/\/www.cercledecultura.org\/es\/wp-json\/wp\/v2\/pages\/1670\/revisions"}],"predecessor-version":[{"id":1686,"href":"https:\/\/www.cercledecultura.org\/es\/wp-json\/wp\/v2\/pages\/1670\/revisions\/1686"}],"wp:attachment":[{"href":"https:\/\/www.cercledecultura.org\/es\/wp-json\/wp\/v2\/media?parent=1670"}],"curies":[{"name":"wp","href":"https:\/\/api.w.org\/{rel}","templated":true}]}}