{"id":1689,"date":"2021-05-17T14:01:27","date_gmt":"2021-05-17T12:01:27","guid":{"rendered":"https:\/\/www.cercledecultura.org\/?page_id=1689"},"modified":"2022-11-29T11:28:53","modified_gmt":"2022-11-29T09:28:53","slug":"home","status":"publish","type":"page","link":"https:\/\/www.cercledecultura.org\/en\/","title":{"rendered":"Home"},"content":{"rendered":"<div class=\"vce-row-container\"><div class=\"vce-row vce-row--col-gap-0 no-margins vce-row-content--middle\" data-vce-full-width=\"true\" id=\"el-7834cae8\" data-vce-do-apply=\"all el-7834cae8\"><div class=\"vce-content-background-container\"><\/div><div class=\"vce-row-content\" data-vce-element-content=\"true\"><div class=\"vce-col vce-col--md-auto vce-col--xs-1 vce-col--xs-last vce-col--xs-first vce-col--sm-last vce-col--sm-first vce-col--md-last vce-col--lg-last vce-col--xl-last vce-col--md-first vce-col--lg-first vce-col--xl-first no-columns-margins\" id=\"el-0241cc1d\"><div class=\"vce-col-inner\" data-vce-do-apply=\"border margin background  el-0241cc1d\"><div class=\"vce-content-background-container\"><\/div><div class=\"vce-col-content\" data-vce-element-content=\"true\" data-vce-do-apply=\"padding el-0241cc1d\"><div class=\"vce-post-slider-block vce-slick-slider-custom vce-post-slider-block--stretch-slides vce-post-slider-block--text-align-left vce-post-slider-block--image-size-small vce-post-slider-block-item-background-color--ffffff\"><div class=\"vce vce-post-slider-block-wrapper\" id=\"el-426c6b2f\" data-vce-do-apply=\"all el-426c6b2f\" data-slick-autoplay=\"on\" data-slick-autoplay-delay=\"10000\" data-slick-arrows=\"off\" data-slick-infinite=\"on\" data-slick-dots=\"off\" data-slick-slides-to-show=\"1\"><\/div><\/div><\/div><\/div><\/div><\/div><\/div><\/div><div class=\"vce-row-container\"><div class=\"vce-row vce-row--col-gap-10 vce-row-equal-height vce-row-content--top\" data-vce-full-width=\"true\" data-vce-stretch-content=\"true\" id=\"el-5f7a966f\" data-vce-do-apply=\"all el-5f7a966f\"><div class=\"vce-content-background-container\"><\/div><div class=\"vce-dividers-wrapper\"><div class=\"vce-container-divider vce-divider-position--top vce-container-divider-new vce-visible-xl-only\" data-vce-do-apply=\"divider el-5f7a966f\"><div class=\"vce-container-divider-inner\"><svg class=\"vce-divider-svg\" viewBox=\"0 0 500 89\" width=\"100%\" preserveAspectRatio=\"none\"><g fill=\"rgb(237, 237, 237)\"><path d=\"M230,300.8320312 C129.788636,251.3809051 25.1367188,283.5544211 0,319.6582031 L0,0 L500,0 L500,265.0328382 C474.679688,319.6582031 348.710938,359.412109 230,300.8320312 Z\"><\/path><\/g><\/svg><\/div><\/div><div class=\"vce-container-divider vce-divider-position--top vce-container-divider-new vce-visible-lg-only\" data-vce-do-apply=\"divider el-5f7a966f\"><div class=\"vce-container-divider-inner\"><svg class=\"vce-divider-svg\" viewBox=\"0 0 500 89\" width=\"100%\" preserveAspectRatio=\"none\"><g fill=\"rgb(237, 237, 237)\"><path d=\"M230,550.8320312 C129.788636,501.3809051 25.1367188,533.5544211 0,569.6582031 L0,0 L500,0 L500,515.0328382 C474.679688,569.6582031 348.710938,609.412109 230,550.8320312 Z\"><\/path><\/g><\/svg><\/div><\/div><div class=\"vce-container-divider vce-divider-position--top vce-container-divider-new vce-visible-md-only\" data-vce-do-apply=\"divider el-5f7a966f\"><div class=\"vce-container-divider-inner\"><svg class=\"vce-divider-svg\" viewBox=\"0 0 500 89\" width=\"100%\" preserveAspectRatio=\"none\"><g fill=\"rgb(237, 237, 237)\"><path d=\"M230,550.8320312 C129.788636,501.3809051 25.1367188,533.5544211 0,569.6582031 L0,0 L500,0 L500,515.0328382 C474.679688,569.6582031 348.710938,609.412109 230,550.8320312 Z\"><\/path><\/g><\/svg><\/div><\/div><div class=\"vce-container-divider vce-divider-position--top vce-container-divider-new vce-visible-sm-only\" data-vce-do-apply=\"divider el-5f7a966f\"><div class=\"vce-container-divider-inner\"><svg class=\"vce-divider-svg\" viewBox=\"0 0 500 89\" width=\"100%\" preserveAspectRatio=\"none\"><g fill=\"rgb(237, 237, 237)\"><path d=\"M230,550.8320312 C129.788636,501.3809051 25.1367188,533.5544211 0,569.6582031 L0,0 L500,0 L500,515.0328382 C474.679688,569.6582031 348.710938,609.412109 230,550.8320312 Z\"><\/path><\/g><\/svg><\/div><\/div><div class=\"vce-container-divider vce-divider-position--top vce-container-divider-new vce-visible-xs-only\" data-vce-do-apply=\"divider el-5f7a966f\"><div class=\"vce-container-divider-inner\"><svg class=\"vce-divider-svg\" viewBox=\"0 0 500 89\" width=\"100%\" preserveAspectRatio=\"none\"><g fill=\"rgb(237, 237, 237)\"><path d=\"M230,1050.8320312 C129.788636,1001.3809051 25.1367188,1033.5544211 0,1069.6582031 L0,0 L500,0 L500,1015.0328382 C474.679688,1069.6582031 348.710938,1109.412109 230,1050.8320312 Z\"><\/path><\/g><\/svg><\/div><\/div><\/div><div class=\"vce-row-content\" data-vce-element-content=\"true\"><div class=\"vce-col vce-col--md-100p vce-col--xs-1 vce-col--xs-last vce-col--xs-first vce-col--sm-last vce-col--sm-first vce-col--md-last vce-col--lg-last vce-col--xl-last vce-col--md-first vce-col--lg-first vce-col--xl-first\" id=\"el-6d754adf\"><div class=\"vce-col-inner\" data-vce-do-apply=\"border margin background  el-6d754adf\"><div class=\"vce-col-content\" data-vce-element-content=\"true\" data-vce-do-apply=\"padding el-6d754adf\"><div class=\"vce-google-fonts-heading vce-google-fonts-heading--align-center vce-google-fonts-heading--color-empty--45--5C00FF--FF7200 vce-google-fonts-heading--font-family-Open-Sans\"><div class=\"vce-google-fonts-heading-wrapper\"><div class=\"vce-google-fonts-heading--background vce\" id=\"el-031e3ded\" data-vce-do-apply=\"border background  padding margin el-031e3ded\"><h3 class=\"vce-google-fonts-heading-inner\" style=\"font-weight: 400; font-style: normal;\">Present<\/h3><\/div><\/div><\/div><\/div><\/div><\/div><div class=\"vce-col vce-col--md-80p vce-col--xs-1 vce-col--xs-last vce-col--xs-first vce-col--sm-last vce-col--sm-first vce-col--md-first vce-col--lg-first vce-col--xl-first\" id=\"el-9e787c57\"><div class=\"vce-col-inner\" data-vce-do-apply=\"border margin background  el-9e787c57\"><div class=\"vce-col-content\" data-vce-element-content=\"true\" data-vce-do-apply=\"padding el-9e787c57\"><div class=\"vce-posts-grid-container vce-news-grid-container home-news\"><div class=\"vce vce-posts-grid-wrapper vce-news-grid-wrapper vce-posts-grid--gap-20 vce-posts-grid--columns-2 vce-posts-grid-pagination--color-b-29-100-197--b-27-157-209\" id=\"el-9a43277c\" data-vce-do-apply=\"all el-9a43277c\"><div class=\"vce-posts-grid-list\"><div class=\"vce-posts-grid-item\"><article class=\"vce-posts-grid-item-inner\"><div class=\"vce-post-description vce-post-description--title-color-b-27-157-209 vce-post-description--excerpt-color-b-62-61-61 vce-post-description--background-color-empty vce-post-description--author-color-ffce00 vce-post-description--meta-color-b-62-61-61\"><div class=\"vce-post-description--image\" style=\"background-image:url(https:\/\/www.cercledecultura.org\/wp-content\/uploads\/2021\/10\/edifici.jpg)\"><a href=\"https:\/\/www.cercledecultura.org\/en\/new-series-of-debates-entitled-museums-of-art-city-cultural-project-and-funding-needs\/\" aria-label=\"New series of debates entitled \"Museums of art, city, cultural project and funding needs\"\"><\/a><\/div><div class=\"vce-post-description--content\"><h3 class=\"vce-post-description--title\"><a href=\"https:\/\/www.cercledecultura.org\/en\/new-series-of-debates-entitled-museums-of-art-city-cultural-project-and-funding-needs\/\">New series of debates entitled \"Museums of art, city, cultural project and funding needs\"<\/a><\/h3><div class=\"vce-post-description--excerpt\"><p>Cercle de Cultura and Ateneu Barcelon\u00e8s are organizing a new series of debates entitled &#8220;Museums of art, city, cultural project and funding needs&#8221;. The first session will take place on October 28 at 6.30 pm at the Ateneu Barcelon\u00e8s, with the interventions of V\u00edctor Magrans, administrator of the MNAC, and Marko Daniel, director of the&hellip;<\/p>\n<\/div>\n<\/div><\/div><\/article><\/div><div class=\"vce-posts-grid-item\"><article class=\"vce-posts-grid-item-inner\"><div class=\"vce-post-description vce-post-description--title-color-b-27-157-209 vce-post-description--excerpt-color-b-62-61-61 vce-post-description--background-color-empty vce-post-description--author-color-ffce00 vce-post-description--meta-color-b-62-61-61\"><div class=\"vce-post-description--image\" style=\"background-image:url(https:\/\/www.cercledecultura.org\/wp-content\/uploads\/2021\/10\/library-g17adf1778_1920.jpg)\"><a href=\"https:\/\/www.cercledecultura.org\/en\/two-important-announcements\/\" aria-label=\"Two important announcements in culture\"><\/a><\/div><div class=\"vce-post-description--content\"><h3 class=\"vce-post-description--title\"><a href=\"https:\/\/www.cercledecultura.org\/en\/two-important-announcements\/\">Two important announcements in culture<\/a><\/h3><div class=\"vce-post-description--excerpt\"><p>The Cercle has considered it appropriate for the entity to regularly express its opinion in the face of significant events that shape or impact the cultural sector. If it is an important issue this opinion will take the form of a statement or manifesto. That is why it has also created a specific commission open&hellip;<\/p>\n<\/div>\n<\/div><\/div><\/article><\/div><div class=\"vce-posts-grid-item\"><article class=\"vce-posts-grid-item-inner\"><div class=\"vce-post-description vce-post-description--title-color-b-27-157-209 vce-post-description--excerpt-color-b-62-61-61 vce-post-description--background-color-empty vce-post-description--author-color-ffce00 vce-post-description--meta-color-b-62-61-61\"><div class=\"vce-post-description--image\" style=\"background-image:url(https:\/\/www.cercledecultura.org\/wp-content\/uploads\/2021\/02\/MniXWysUu3CnW3hoPQQ.jpg)\"><a href=\"https:\/\/www.cercledecultura.org\/en\/opportunities-do-not-exist-they-are-built\/\" aria-label=\"Opportunities do not exist: they are built\"><\/a><\/div><div class=\"vce-post-description--content\"><h3 class=\"vce-post-description--title\"><a href=\"https:\/\/www.cercledecultura.org\/en\/opportunities-do-not-exist-they-are-built\/\">Opportunities do not exist: they are built<\/a><\/h3><div class=\"vce-post-description--excerpt\"><p>It largely depends on us. Know how to take advantage of opportunities and our strengths and overcome the fragility of the cultural sectors. As well as knowing how to make people understand and convince that culture is not a decorative element of public policies and that it is not a set of marginal activities that&hellip;<\/p>\n<\/div>\n<\/div><\/div><\/article><\/div><div class=\"vce-posts-grid-item\"><article class=\"vce-posts-grid-item-inner\"><div class=\"vce-post-description vce-post-description--title-color-b-27-157-209 vce-post-description--excerpt-color-b-62-61-61 vce-post-description--background-color-empty vce-post-description--author-color-ffce00 vce-post-description--meta-color-b-62-61-61\"><div class=\"vce-post-description--image\" style=\"background-image:url(https:\/\/www.cercledecultura.org\/wp-content\/uploads\/2021\/02\/MniXWysUu3CnW3hoPQQ.jpg)\"><a href=\"https:\/\/www.cercledecultura.org\/en\/jordi-pardo-takes-over-segimon-borras-as-president-of-the-cercle-de-cultura\/\" aria-label=\"Jordi Pardo takes over Segimon Borr\u00e0s as president of Cercle de Cultura\"><\/a><\/div><div class=\"vce-post-description--content\"><h3 class=\"vce-post-description--title\"><a href=\"https:\/\/www.cercledecultura.org\/en\/jordi-pardo-takes-over-segimon-borras-as-president-of-the-cercle-de-cultura\/\">Jordi Pardo takes over Segimon Borr\u00e0s as president of Cercle de Cultura<\/a><\/h3><div class=\"vce-post-description--excerpt\"><p>Until now, the vice president and general director of the Pau Casals Foundation has been elected president of the Cercle de Cultura in the assembly that was held this Thursday, February 18.<\/p>\n<\/div>\n<\/div><\/div><\/article><\/div><\/div><div class=\"vce-posts-grid-pagination\">\n    <\/div>\n<\/div><\/div><\/div><\/div><\/div><div class=\"vce-col vce-col--md-20p vce-col--xs-1 vce-col--xs-last vce-col--xs-first vce-col--sm-last vce-col--sm-first vce-col--md-last vce-col--lg-last vce-col--xl-last\" id=\"el-1cb938ea\"><div class=\"vce-col-inner\" data-vce-do-apply=\"border margin background  el-1cb938ea\"><div class=\"vce-col-content\" data-vce-element-content=\"true\" data-vce-do-apply=\"padding el-1cb938ea\"><div class=\"vce-twitter-timeline vce-twitter-timeline--align-center\"><div class=\"vce-twitter-timeline-wrapper vce\" id=\"el-2fb19555\" data-vce-do-apply=\"all el-2fb19555\"><div class=\"vce-twitter-timeline-inner\" style=\"width: 500px;\"><a class=\"twitter-timeline\" data-tweet-limit=\"10\" data-theme=\"light\" href=\"https:\/\/twitter.com\/cercledecultura?ref_src=twsrc%5Etfw\">Tweets by cercledecultura<\/a>\n<script async=\"\" src=\"https:\/\/platform.twitter.com\/widgets.js\" charset=\"utf-8\"><\/script>\n<\/div><\/div><\/div><\/div><\/div><\/div><div class=\"vce-col vce-col--md-auto vce-col--xs-1 vce-col--xs-last vce-col--xs-first vce-col--sm-last vce-col--sm-first vce-col--md-last vce-col--lg-last vce-col--xl-last vce-col--md-first vce-col--lg-first vce-col--xl-first\" id=\"el-a124653d\"><div class=\"vce-col-inner\" data-vce-do-apply=\"border margin background  el-a124653d\"><div class=\"vce-content-background-container\"><\/div><div class=\"vce-col-content\" data-vce-element-content=\"true\" data-vce-do-apply=\"padding el-a124653d\"><div class=\"vce-button--style-outline-container vce-button--style-outline-container--align-center\"><span class=\"vce-button--style-outline-wrapper vce\" id=\"el-88483c01\" data-vce-do-apply=\"margin el-88483c01\"><a class=\"vce-button vce-button--style-outline-animated vce-button--style-outline--border-square vce-button--style-outline--size-medium vce-button--style-outline-animated--color-b-84-168-208--fff--3d3d3d vce-button--style-outline-animated--border-color-b-84-168-208--3d3d3d vce-button--style-outline-animated--background-color-b-84-168-208\" href=\"https:\/\/www.cercledecultura.org\/sala-de-premsa\/\" title=\"\" data-vce-do-apply=\"padding border background  el-88483c01\"><span class=\"vce-button--style-outline-text\">More news<\/span><\/a><\/span><\/div><\/div><\/div><\/div><\/div><\/div><\/div><div class=\"vce-row-container\" data-vce-boxed-width=\"true\"><div class=\"vce-row vce-row--col-gap-30 vce-row-equal-height vce-row-content--top\" id=\"el-a0586869\" data-vce-do-apply=\"all el-a0586869\"><div class=\"vce-content-background-container\"><\/div><div class=\"vce-row-content\" data-vce-element-content=\"true\"><div class=\"vce-col vce-col--md-auto vce-col--xs-1 vce-col--xs-last vce-col--xs-first vce-col--sm-last vce-col--sm-first vce-col--md-last vce-col--lg-last vce-col--xl-last vce-col--md-first vce-col--lg-first vce-col--xl-first\" id=\"el-eaa7bfb9\"><div class=\"vce-col-inner\" data-vce-do-apply=\"border margin background  el-eaa7bfb9\"><div class=\"vce-col-content\" data-vce-element-content=\"true\" data-vce-do-apply=\"padding el-eaa7bfb9\"><div class=\"vce-twitter-timeline vce-twitter-timeline--align-center\"><div class=\"vce-twitter-timeline-wrapper vce\" id=\"el-001aa049\" data-vce-do-apply=\"all el-001aa049\"><div class=\"vce-twitter-timeline-inner\" style=\"width: 500px;\"><a class=\"twitter-timeline\" data-tweet-limit=\"5\" data-theme=\"light\" href=\"https:\/\/twitter.com\/cercledecultura?ref_src=twsrc%5Etfw\">Tweets by cercledecultura<\/a>\n<script async=\"\" src=\"https:\/\/platform.twitter.com\/widgets.js\" charset=\"utf-8\"><\/script>\n<\/div><\/div><\/div><\/div><\/div><\/div><\/div><\/div><\/div>\n","protected":false},"excerpt":{"rendered":"<p>PresentTweets by cercledecultura More newsTweets by cercledecultura<\/p>\n","protected":false},"author":1,"featured_media":0,"parent":0,"menu_order":0,"comment_status":"closed","ping_status":"closed","template":"","meta":{"footnotes":""},"class_list":["post-1689","page","type-page","status-publish","hentry"],"yoast_head":"<!-- This site is optimized with the Yoast SEO plugin v27.5 - https:\/\/yoast.com\/product\/yoast-seo-wordpress\/ -->\n<title>Home - Cercle de Cultura<\/title>\n<meta name=\"robots\" content=\"index, follow, max-snippet:-1, max-image-preview:large, max-video-preview:-1\" \/>\n<link rel=\"canonical\" href=\"https:\/\/www.cercledecultura.org\/en\/\" \/>\n<meta property=\"og:locale\" content=\"en_US\" \/>\n<meta property=\"og:type\" content=\"article\" \/>\n<meta property=\"og:title\" content=\"Home - Cercle de Cultura\" \/>\n<meta property=\"og:description\" content=\"PresentTweets by cercledecultura More newsTweets by cercledecultura\" \/>\n<meta property=\"og:url\" content=\"https:\/\/www.cercledecultura.org\/en\/\" \/>\n<meta property=\"og:site_name\" content=\"Cercle de Cultura\" \/>\n<meta property=\"article:modified_time\" content=\"2022-11-29T09:28:53+00:00\" \/>\n<meta name=\"twitter:card\" content=\"summary_large_image\" \/>\n<meta name=\"twitter:label1\" content=\"Est. reading time\" \/>\n\t<meta name=\"twitter:data1\" content=\"3 minutes\" \/>\n<script type=\"application\/ld+json\" class=\"yoast-schema-graph\">{\"@context\":\"https:\\\/\\\/schema.org\",\"@graph\":[{\"@type\":\"WebPage\",\"@id\":\"https:\\\/\\\/www.cercledecultura.org\\\/en\\\/\",\"url\":\"https:\\\/\\\/www.cercledecultura.org\\\/en\\\/\",\"name\":\"Home - Cercle de Cultura\",\"isPartOf\":{\"@id\":\"https:\\\/\\\/www.cercledecultura.org\\\/en\\\/#website\"},\"datePublished\":\"2021-05-17T12:01:27+00:00\",\"dateModified\":\"2022-11-29T09:28:53+00:00\",\"breadcrumb\":{\"@id\":\"https:\\\/\\\/www.cercledecultura.org\\\/en\\\/#breadcrumb\"},\"inLanguage\":\"en-US\",\"potentialAction\":[{\"@type\":\"ReadAction\",\"target\":[\"https:\\\/\\\/www.cercledecultura.org\\\/en\\\/\"]}]},{\"@type\":\"BreadcrumbList\",\"@id\":\"https:\\\/\\\/www.cercledecultura.org\\\/en\\\/#breadcrumb\",\"itemListElement\":[{\"@type\":\"ListItem\",\"position\":1,\"name\":\"Portada\",\"item\":\"https:\\\/\\\/www.cercledecultura.org\\\/en\\\/\"},{\"@type\":\"ListItem\",\"position\":2,\"name\":\"Home\"}]},{\"@type\":\"WebSite\",\"@id\":\"https:\\\/\\\/www.cercledecultura.org\\\/en\\\/#website\",\"url\":\"https:\\\/\\\/www.cercledecultura.org\\\/en\\\/\",\"name\":\"Cercle de Cultura\",\"description\":\"Entitat de car\u00e0cter privat i associatiu, independent, amb voluntat de participar en la vida p\u00fablica des de la pluralitat ideol\u00f2gica dels seus membres fundadors i futurs associats\",\"publisher\":{\"@id\":\"https:\\\/\\\/www.cercledecultura.org\\\/en\\\/#organization\"},\"potentialAction\":[{\"@type\":\"SearchAction\",\"target\":{\"@type\":\"EntryPoint\",\"urlTemplate\":\"https:\\\/\\\/www.cercledecultura.org\\\/en\\\/?s={search_term_string}\"},\"query-input\":{\"@type\":\"PropertyValueSpecification\",\"valueRequired\":true,\"valueName\":\"search_term_string\"}}],\"inLanguage\":\"en-US\"},{\"@type\":\"Organization\",\"@id\":\"https:\\\/\\\/www.cercledecultura.org\\\/en\\\/#organization\",\"name\":\"Cercle de Cultura\",\"url\":\"https:\\\/\\\/www.cercledecultura.org\\\/en\\\/\",\"logo\":{\"@type\":\"ImageObject\",\"inLanguage\":\"en-US\",\"@id\":\"https:\\\/\\\/www.cercledecultura.org\\\/en\\\/#\\\/schema\\\/logo\\\/image\\\/\",\"url\":\"https:\\\/\\\/www.cercledecultura.org\\\/wp-content\\\/uploads\\\/2020\\\/01\\\/logo-cercle-de-cultura.png\",\"contentUrl\":\"https:\\\/\\\/www.cercledecultura.org\\\/wp-content\\\/uploads\\\/2020\\\/01\\\/logo-cercle-de-cultura.png\",\"width\":350,\"height\":195,\"caption\":\"Cercle de Cultura\"},\"image\":{\"@id\":\"https:\\\/\\\/www.cercledecultura.org\\\/en\\\/#\\\/schema\\\/logo\\\/image\\\/\"}}]}<\/script>\n<!-- \/ Yoast SEO plugin. -->","yoast_head_json":{"title":"Home - Cercle de Cultura","robots":{"index":"index","follow":"follow","max-snippet":"max-snippet:-1","max-image-preview":"max-image-preview:large","max-video-preview":"max-video-preview:-1"},"canonical":"https:\/\/www.cercledecultura.org\/en\/","og_locale":"en_US","og_type":"article","og_title":"Home - Cercle de Cultura","og_description":"PresentTweets by cercledecultura More newsTweets by cercledecultura","og_url":"https:\/\/www.cercledecultura.org\/en\/","og_site_name":"Cercle de Cultura","article_modified_time":"2022-11-29T09:28:53+00:00","twitter_card":"summary_large_image","twitter_misc":{"Est. reading time":"3 minutes"},"schema":{"@context":"https:\/\/schema.org","@graph":[{"@type":"WebPage","@id":"https:\/\/www.cercledecultura.org\/en\/","url":"https:\/\/www.cercledecultura.org\/en\/","name":"Home - Cercle de Cultura","isPartOf":{"@id":"https:\/\/www.cercledecultura.org\/en\/#website"},"datePublished":"2021-05-17T12:01:27+00:00","dateModified":"2022-11-29T09:28:53+00:00","breadcrumb":{"@id":"https:\/\/www.cercledecultura.org\/en\/#breadcrumb"},"inLanguage":"en-US","potentialAction":[{"@type":"ReadAction","target":["https:\/\/www.cercledecultura.org\/en\/"]}]},{"@type":"BreadcrumbList","@id":"https:\/\/www.cercledecultura.org\/en\/#breadcrumb","itemListElement":[{"@type":"ListItem","position":1,"name":"Portada","item":"https:\/\/www.cercledecultura.org\/en\/"},{"@type":"ListItem","position":2,"name":"Home"}]},{"@type":"WebSite","@id":"https:\/\/www.cercledecultura.org\/en\/#website","url":"https:\/\/www.cercledecultura.org\/en\/","name":"Cercle de Cultura","description":"Entitat de car\u00e0cter privat i associatiu, independent, amb voluntat de participar en la vida p\u00fablica des de la pluralitat ideol\u00f2gica dels seus membres fundadors i futurs associats","publisher":{"@id":"https:\/\/www.cercledecultura.org\/en\/#organization"},"potentialAction":[{"@type":"SearchAction","target":{"@type":"EntryPoint","urlTemplate":"https:\/\/www.cercledecultura.org\/en\/?s={search_term_string}"},"query-input":{"@type":"PropertyValueSpecification","valueRequired":true,"valueName":"search_term_string"}}],"inLanguage":"en-US"},{"@type":"Organization","@id":"https:\/\/www.cercledecultura.org\/en\/#organization","name":"Cercle de Cultura","url":"https:\/\/www.cercledecultura.org\/en\/","logo":{"@type":"ImageObject","inLanguage":"en-US","@id":"https:\/\/www.cercledecultura.org\/en\/#\/schema\/logo\/image\/","url":"https:\/\/www.cercledecultura.org\/wp-content\/uploads\/2020\/01\/logo-cercle-de-cultura.png","contentUrl":"https:\/\/www.cercledecultura.org\/wp-content\/uploads\/2020\/01\/logo-cercle-de-cultura.png","width":350,"height":195,"caption":"Cercle de Cultura"},"image":{"@id":"https:\/\/www.cercledecultura.org\/en\/#\/schema\/logo\/image\/"}}]}},"_links":{"self":[{"href":"https:\/\/www.cercledecultura.org\/en\/wp-json\/wp\/v2\/pages\/1689","targetHints":{"allow":["GET"]}}],"collection":[{"href":"https:\/\/www.cercledecultura.org\/en\/wp-json\/wp\/v2\/pages"}],"about":[{"href":"https:\/\/www.cercledecultura.org\/en\/wp-json\/wp\/v2\/types\/page"}],"author":[{"embeddable":true,"href":"https:\/\/www.cercledecultura.org\/en\/wp-json\/wp\/v2\/users\/1"}],"replies":[{"embeddable":true,"href":"https:\/\/www.cercledecultura.org\/en\/wp-json\/wp\/v2\/comments?post=1689"}],"version-history":[{"count":13,"href":"https:\/\/www.cercledecultura.org\/en\/wp-json\/wp\/v2\/pages\/1689\/revisions"}],"predecessor-version":[{"id":2710,"href":"https:\/\/www.cercledecultura.org\/en\/wp-json\/wp\/v2\/pages\/1689\/revisions\/2710"}],"wp:attachment":[{"href":"https:\/\/www.cercledecultura.org\/en\/wp-json\/wp\/v2\/media?parent=1689"}],"curies":[{"name":"wp","href":"https:\/\/api.w.org\/{rel}","templated":true}]}}