{"id":1676,"date":"2021-05-17T13:48:11","date_gmt":"2021-05-17T11:48:11","guid":{"rendered":"https:\/\/www.cercledecultura.org\/?page_id=1676"},"modified":"2021-05-17T13:59:41","modified_gmt":"2021-05-17T11:59:41","slug":"press-room","status":"publish","type":"page","link":"https:\/\/www.cercledecultura.org\/en\/press-room\/","title":{"rendered":"Press room"},"content":{"rendered":"<div class=\"vce-row-container\" data-vce-boxed-width=\"true\"><div class=\"vce-row vce-row--col-gap-30 vce-row-content--top\" id=\"el-d1f8de2c\" data-vce-do-apply=\"all el-d1f8de2c\"><div class=\"vce-row-content\" data-vce-element-content=\"true\"><div class=\"vce-col vce-col--md-auto vce-col--xs-1 vce-col--xs-last vce-col--xs-first vce-col--sm-last vce-col--sm-first vce-col--md-last vce-col--lg-last vce-col--xl-last vce-col--md-first vce-col--lg-first vce-col--xl-first\" id=\"el-15517ed4\"><div class=\"vce-col-inner\" data-vce-do-apply=\"border margin background  el-15517ed4\"><div class=\"vce-col-content\" data-vce-element-content=\"true\" data-vce-do-apply=\"padding el-15517ed4\"><div class=\"vce-google-fonts-heading page-title vce-google-fonts-heading--align-center vce-google-fonts-heading--color-empty--45--5C00FF--FF7200 vce-google-fonts-heading--font-family-Open-Sans\"><div class=\"vce-google-fonts-heading-wrapper\"><div class=\"vce-google-fonts-heading--background vce\" id=\"el-ccd4f494\" data-vce-do-apply=\"border background  padding margin el-ccd4f494\"><h1 class=\"vce-google-fonts-heading-inner\" style=\"font-weight: 400;\">Press room<\/h1><\/div><\/div><\/div><\/div><\/div><\/div><\/div><\/div><\/div><div class=\"vce-row-container\"><div class=\"vce-row vce-row--col-gap-30 vce-row-content--top\" data-vce-full-width=\"true\" data-vce-stretch-content=\"true\" id=\"el-efe5fa41\" data-vce-do-apply=\"all el-efe5fa41\"><div class=\"vce-content-background-container\"><\/div><div class=\"vce-dividers-wrapper\"><div class=\"vce-container-divider vce-divider-position--top vce-container-divider-new vce-visible-all-only\" data-vce-do-apply=\"divider el-efe5fa41\"><div class=\"vce-container-divider-inner\"><svg class=\"vce-divider-svg\" viewBox=\"0 0 500 89\" width=\"100%\" preserveAspectRatio=\"none\"><g fill=\"rgb(237, 237, 237)\"><path d=\"M230,175.83203120000002 C129.788636,126.3809051 25.1367188,158.5544211 0,194.65820309999998 L0,0 L500,0 L500,140.03283820000001 C474.679688,194.65820309999998 348.710938,234.412109 230,175.83203120000002 Z\"><\/path><\/g><\/svg><\/div><\/div><\/div><div class=\"vce-row-content\" data-vce-element-content=\"true\"><div class=\"vce-col vce-col--md-75p vce-col--xs-1 vce-col--xs-last vce-col--xs-first vce-col--sm-last vce-col--sm-first vce-col--md-first vce-col--lg-first vce-col--xl-first\" id=\"el-1b902200\"><div class=\"vce-col-inner\" data-vce-do-apply=\"border margin background  el-1b902200\"><div class=\"vce-col-content\" data-vce-element-content=\"true\" data-vce-do-apply=\"padding el-1b902200\"><div class=\"vce-posts-grid-container vce-side-grid-container press-note\"><div class=\"vce vce-posts-grid-wrapper vce-side-grid-wrapper vce-posts-grid--gap-10 vce-posts-grid--columns-1 vce-posts-grid-pagination--color-b-29-100-197--b-27-157-209\" id=\"el-df7ae307\" data-vce-do-apply=\"all el-df7ae307\"><div class=\"vce-posts-grid-list\"><div class=\"vce-posts-grid-item\"><article class=\"vce-posts-grid-item-inner\"><div class=\"vce-post-description vce-post-description--image-alignment-left vce-post-description--title-color-b-27-157-203 vce-post-description--excerpt-color-b-33-33-33 vce-post-description--author-color-ffce00 vce-post-description--meta-color-b-127-127-127\"><div class=\"vce-post-description--image\" style=\"background-image:url(https:\/\/www.cercledecultura.org\/wp-content\/uploads\/2021\/02\/MniXWysUu3CnW3hoPQQ.jpg)\"><a href=\"https:\/\/www.cercledecultura.org\/en\/jordi-pardo-takes-over-segimon-borras-as-president-of-the-cercle-de-cultura\/\"><\/a><\/div><div class=\"vce-post-description--content\"><p class=\"vce-post-description--meta\"><span>Posted <\/span><span class=\"vce-post-description--meta-date\">on <time datetime=\"2021-02-19 04:43:45\">19\/02\/2021 <\/time><\/span><\/p><h3 class=\"vce-post-description--title\"><a href=\"https:\/\/www.cercledecultura.org\/en\/jordi-pardo-takes-over-segimon-borras-as-president-of-the-cercle-de-cultura\/\">Jordi Pardo takes over Segimon Borr\u00e0s as president of Cercle de Cultura<\/a><\/h3><div class=\"vce-post-description--excerpt\"><p>Until now, the vice president and general director of the Pau Casals Foundation has been elected president of the Cercle de Cultura in the assembly that was held this Thursday, February 18.<\/p>\n<\/div>\n<a href=\"https:\/\/www.cercledecultura.org\/en\/jordi-pardo-takes-over-segimon-borras-as-president-of-the-cercle-de-cultura\/\" class=\"vce-post-link\"><div class=\"vce-button--style-outline-container vce-button--style-outline-container--align-left\"><span class=\"vce-button--style-outline-wrapper vce\" id=\"el-b1b44939\" data-vce-do-apply=\"margin el-b1b44939\"><button class=\"vce-button--style-outline-animated vce-button--style-outline--border-square vce-button--style-outline--size-small vce-button--style-outline-animated--color-b-84-168-208--fff--3d3d3d vce-button--style-outline-animated--border-color-b-84-168-208--3d3d3d vce-button--style-outline-animated--background-color-b-84-168-208\" data-vce-do-apply=\"padding border background  el-b1b44939\"><span class=\"vce-button--style-outline-text\">Llegir m\u00e9s<\/span><\/button><\/span><\/div><\/a><\/div><\/div><\/article><\/div><div class=\"vce-posts-grid-item\"><article class=\"vce-posts-grid-item-inner\"><div class=\"vce-post-description vce-post-description--image-alignment-left vce-post-description--title-color-b-27-157-203 vce-post-description--excerpt-color-b-33-33-33 vce-post-description--author-color-ffce00 vce-post-description--meta-color-b-127-127-127\"><div class=\"vce-post-description--image\" style=\"background-image:url(https:\/\/www.cercledecultura.org\/wp-content\/uploads\/2021\/02\/GDQyyq5JIEN8lwWH0dWQ.jpg)\"><a href=\"https:\/\/www.cercledecultura.org\/en\/press-release-from-the-cercle-de-cultura-on-the-culture-sectors-and-the-european-recovery-funds\/\"><\/a><\/div><div class=\"vce-post-description--content\"><p class=\"vce-post-description--meta\"><span>Posted <\/span><span class=\"vce-post-description--meta-date\">on <time datetime=\"2021-01-12 22:53:45\">13\/01\/2021 <\/time><\/span><\/p><h3 class=\"vce-post-description--title\"><a href=\"https:\/\/www.cercledecultura.org\/en\/press-release-from-the-cercle-de-cultura-on-the-culture-sectors-and-the-european-recovery-funds\/\">Press release from Cercle de Cultura on the culture sectors and the European Recovery Funds<\/a><\/h3><div class=\"vce-post-description--excerpt\"><p>Statement from the Cercle de Cultura regarding the strategic value of culture in the post-Covidien-19 economic transition and recovery. The Cercle de Cultura asks the State and Catalan public administrations that culture and cultural industries form part of the real priorities with which the European recovery, resilience and transformation funds are managed<\/p>\n<\/div>\n<a href=\"https:\/\/www.cercledecultura.org\/en\/press-release-from-the-cercle-de-cultura-on-the-culture-sectors-and-the-european-recovery-funds\/\" class=\"vce-post-link\"><div class=\"vce-button--style-outline-container vce-button--style-outline-container--align-left\"><span class=\"vce-button--style-outline-wrapper vce\" id=\"el-b1b44939\" data-vce-do-apply=\"margin el-b1b44939\"><button class=\"vce-button--style-outline-animated vce-button--style-outline--border-square vce-button--style-outline--size-small vce-button--style-outline-animated--color-b-84-168-208--fff--3d3d3d vce-button--style-outline-animated--border-color-b-84-168-208--3d3d3d vce-button--style-outline-animated--background-color-b-84-168-208\" data-vce-do-apply=\"padding border background  el-b1b44939\"><span class=\"vce-button--style-outline-text\">Llegir m\u00e9s<\/span><\/button><\/span><\/div><\/a><\/div><\/div><\/article><\/div><\/div><div class=\"vce-posts-grid-pagination\">\n    <\/div>\n<\/div><\/div><\/div><\/div><\/div><div class=\"vce-col vce-col--md-25p vce-col--xs-1 vce-col--xs-last vce-col--xs-first vce-col--sm-last vce-col--sm-first vce-col--md-last vce-col--lg-last vce-col--xl-last media-resources\" id=\"el-dcf4b3a4\"><div class=\"vce-col-inner\" data-vce-do-apply=\"border margin background  el-dcf4b3a4\"><div class=\"vce-col-content\" data-vce-element-content=\"true\" data-vce-do-apply=\"padding el-dcf4b3a4\"><div class=\"vce-google-fonts-heading vce-google-fonts-heading--align-center vce-google-fonts-heading--color-empty--45--5C00FF--FF7200 vce-google-fonts-heading--font-family-Open-Sans\"><div class=\"vce-google-fonts-heading-wrapper\"><div class=\"vce-google-fonts-heading--background vce\" id=\"el-edc1893e\" data-vce-do-apply=\"border background  padding margin el-edc1893e\"><p class=\"vce-google-fonts-heading-inner\" style=\"font-size: 25px; font-weight: 600;\">Recursos<\/p><\/div><\/div><\/div><div class=\"vce-single-image-container vce-single-image--align-left\"><div class=\"vce vce-single-image-wrapper\" id=\"el-fcd4ace2\" data-vce-do-apply=\"all el-fcd4ace2\"><figure><a href=\"https:\/\/www.cercledecultura.org\/wp-content\/uploads\/2020\/01\/favicon.jpg\" target=\"_blank\" class=\"vce-single-image-inner vce-single-image--absolute\" style=\"padding-bottom: 100%; width: 400px;\" rel=\"noopener\"><img loading=\"lazy\" decoding=\"async\" class=\"vce-single-image\" width=\"400\" height=\"400\" src=\"https:\/\/www.cercledecultura.org\/wp-content\/uploads\/2021\/05\/favicon-400x400.jpg\" srcset=\"https:\/\/www.cercledecultura.org\/wp-content\/uploads\/2021\/05\/favicon-320x320.jpg 320w,https:\/\/www.cercledecultura.org\/wp-content\/uploads\/2021\/05\/favicon-400x400.jpg 400w\" data-img-src=\"https:\/\/www.cercledecultura.org\/wp-content\/uploads\/2020\/01\/favicon.jpg\" alt=\"Cercle de Cultura Square Logo\" title=\"Cercle de Cultura Square Logo\" \/><\/a><figcaption>Cercle de Cultura Square Logo<\/figcaption><\/figure><\/div><\/div><div class=\"vce-single-image-container vce-single-image--align-left\"><div class=\"vce vce-single-image-wrapper\" id=\"el-73658f84\" data-vce-do-apply=\"all el-73658f84\"><figure><a href=\"https:\/\/www.cercledecultura.org\/wp-content\/uploads\/2020\/01\/logo-cercle-de-cultura.png\" target=\"_blank\" class=\"vce-single-image-inner vce-single-image--absolute\" style=\"padding-bottom: 55.7143%; width: 350px;\" rel=\"noopener\"><img loading=\"lazy\" decoding=\"async\" class=\"vce-single-image\" width=\"350\" height=\"195\" src=\"https:\/\/www.cercledecultura.org\/wp-content\/uploads\/2021\/05\/logo-cercle-de-cultura-350x195.png\" srcset=\"https:\/\/www.cercledecultura.org\/wp-content\/uploads\/2021\/05\/logo-cercle-de-cultura-320x178.png 320w,https:\/\/www.cercledecultura.org\/wp-content\/uploads\/2021\/05\/logo-cercle-de-cultura-350x195.png 350w\" data-img-src=\"https:\/\/www.cercledecultura.org\/wp-content\/uploads\/2020\/01\/logo-cercle-de-cultura.png\" alt=\"Cercle de Culture Horizontal Logo\" title=\"Cercle de Culture Horizontal Logo\" \/><\/a><figcaption>Cercle de Culture Horizontal Logo<\/figcaption><\/figure><\/div><\/div><\/div><\/div><\/div><\/div><\/div><\/div>\n","protected":false},"excerpt":{"rendered":"<p>Press roomRecursosCercle de Cultura Square LogoCercle de Culture Horizontal Logo<\/p>\n","protected":false},"author":1,"featured_media":0,"parent":0,"menu_order":0,"comment_status":"closed","ping_status":"closed","template":"","meta":{"footnotes":""},"class_list":["post-1676","page","type-page","status-publish","hentry"],"yoast_head":"<!-- This site is optimized with the Yoast SEO plugin v27.4 - https:\/\/yoast.com\/product\/yoast-seo-wordpress\/ -->\n<title>Press room - Cercle de Cultura<\/title>\n<meta name=\"robots\" content=\"index, follow, max-snippet:-1, max-image-preview:large, max-video-preview:-1\" \/>\n<link rel=\"canonical\" href=\"https:\/\/www.cercledecultura.org\/en\/press-room\/\" \/>\n<meta property=\"og:locale\" content=\"en_US\" \/>\n<meta property=\"og:type\" content=\"article\" \/>\n<meta property=\"og:title\" content=\"Press room - Cercle de Cultura\" \/>\n<meta property=\"og:description\" content=\"Press roomRecursosCercle de Cultura Square LogoCercle de Culture Horizontal Logo\" \/>\n<meta property=\"og:url\" content=\"https:\/\/www.cercledecultura.org\/en\/press-room\/\" \/>\n<meta property=\"og:site_name\" content=\"Cercle de Cultura\" \/>\n<meta property=\"article:modified_time\" content=\"2021-05-17T11:59:41+00:00\" \/>\n<meta name=\"twitter:card\" content=\"summary_large_image\" \/>\n<meta name=\"twitter:label1\" content=\"Est. reading time\" \/>\n\t<meta name=\"twitter:data1\" content=\"2 minutes\" \/>\n<script type=\"application\/ld+json\" class=\"yoast-schema-graph\">{\"@context\":\"https:\\\/\\\/schema.org\",\"@graph\":[{\"@type\":\"WebPage\",\"@id\":\"https:\\\/\\\/www.cercledecultura.org\\\/en\\\/press-room\\\/\",\"url\":\"https:\\\/\\\/www.cercledecultura.org\\\/en\\\/press-room\\\/\",\"name\":\"Press room - Cercle de Cultura\",\"isPartOf\":{\"@id\":\"https:\\\/\\\/www.cercledecultura.org\\\/en\\\/#website\"},\"datePublished\":\"2021-05-17T11:48:11+00:00\",\"dateModified\":\"2021-05-17T11:59:41+00:00\",\"breadcrumb\":{\"@id\":\"https:\\\/\\\/www.cercledecultura.org\\\/en\\\/press-room\\\/#breadcrumb\"},\"inLanguage\":\"en-US\",\"potentialAction\":[{\"@type\":\"ReadAction\",\"target\":[\"https:\\\/\\\/www.cercledecultura.org\\\/en\\\/press-room\\\/\"]}]},{\"@type\":\"BreadcrumbList\",\"@id\":\"https:\\\/\\\/www.cercledecultura.org\\\/en\\\/press-room\\\/#breadcrumb\",\"itemListElement\":[{\"@type\":\"ListItem\",\"position\":1,\"name\":\"Portada\",\"item\":\"https:\\\/\\\/www.cercledecultura.org\\\/en\\\/\"},{\"@type\":\"ListItem\",\"position\":2,\"name\":\"Press room\"}]},{\"@type\":\"WebSite\",\"@id\":\"https:\\\/\\\/www.cercledecultura.org\\\/en\\\/#website\",\"url\":\"https:\\\/\\\/www.cercledecultura.org\\\/en\\\/\",\"name\":\"Cercle de Cultura\",\"description\":\"Entitat de car\u00e0cter privat i associatiu, independent, amb voluntat de participar en la vida p\u00fablica des de la pluralitat ideol\u00f2gica dels seus membres fundadors i futurs associats\",\"publisher\":{\"@id\":\"https:\\\/\\\/www.cercledecultura.org\\\/en\\\/#organization\"},\"potentialAction\":[{\"@type\":\"SearchAction\",\"target\":{\"@type\":\"EntryPoint\",\"urlTemplate\":\"https:\\\/\\\/www.cercledecultura.org\\\/en\\\/?s={search_term_string}\"},\"query-input\":{\"@type\":\"PropertyValueSpecification\",\"valueRequired\":true,\"valueName\":\"search_term_string\"}}],\"inLanguage\":\"en-US\"},{\"@type\":\"Organization\",\"@id\":\"https:\\\/\\\/www.cercledecultura.org\\\/en\\\/#organization\",\"name\":\"Cercle de Cultura\",\"url\":\"https:\\\/\\\/www.cercledecultura.org\\\/en\\\/\",\"logo\":{\"@type\":\"ImageObject\",\"inLanguage\":\"en-US\",\"@id\":\"https:\\\/\\\/www.cercledecultura.org\\\/en\\\/#\\\/schema\\\/logo\\\/image\\\/\",\"url\":\"https:\\\/\\\/www.cercledecultura.org\\\/wp-content\\\/uploads\\\/2020\\\/01\\\/logo-cercle-de-cultura.png\",\"contentUrl\":\"https:\\\/\\\/www.cercledecultura.org\\\/wp-content\\\/uploads\\\/2020\\\/01\\\/logo-cercle-de-cultura.png\",\"width\":350,\"height\":195,\"caption\":\"Cercle de Cultura\"},\"image\":{\"@id\":\"https:\\\/\\\/www.cercledecultura.org\\\/en\\\/#\\\/schema\\\/logo\\\/image\\\/\"}}]}<\/script>\n<!-- \/ Yoast SEO plugin. -->","yoast_head_json":{"title":"Press room - Cercle de Cultura","robots":{"index":"index","follow":"follow","max-snippet":"max-snippet:-1","max-image-preview":"max-image-preview:large","max-video-preview":"max-video-preview:-1"},"canonical":"https:\/\/www.cercledecultura.org\/en\/press-room\/","og_locale":"en_US","og_type":"article","og_title":"Press room - Cercle de Cultura","og_description":"Press roomRecursosCercle de Cultura Square LogoCercle de Culture Horizontal Logo","og_url":"https:\/\/www.cercledecultura.org\/en\/press-room\/","og_site_name":"Cercle de Cultura","article_modified_time":"2021-05-17T11:59:41+00:00","twitter_card":"summary_large_image","twitter_misc":{"Est. reading time":"2 minutes"},"schema":{"@context":"https:\/\/schema.org","@graph":[{"@type":"WebPage","@id":"https:\/\/www.cercledecultura.org\/en\/press-room\/","url":"https:\/\/www.cercledecultura.org\/en\/press-room\/","name":"Press room - Cercle de Cultura","isPartOf":{"@id":"https:\/\/www.cercledecultura.org\/en\/#website"},"datePublished":"2021-05-17T11:48:11+00:00","dateModified":"2021-05-17T11:59:41+00:00","breadcrumb":{"@id":"https:\/\/www.cercledecultura.org\/en\/press-room\/#breadcrumb"},"inLanguage":"en-US","potentialAction":[{"@type":"ReadAction","target":["https:\/\/www.cercledecultura.org\/en\/press-room\/"]}]},{"@type":"BreadcrumbList","@id":"https:\/\/www.cercledecultura.org\/en\/press-room\/#breadcrumb","itemListElement":[{"@type":"ListItem","position":1,"name":"Portada","item":"https:\/\/www.cercledecultura.org\/en\/"},{"@type":"ListItem","position":2,"name":"Press room"}]},{"@type":"WebSite","@id":"https:\/\/www.cercledecultura.org\/en\/#website","url":"https:\/\/www.cercledecultura.org\/en\/","name":"Cercle de Cultura","description":"Entitat de car\u00e0cter privat i associatiu, independent, amb voluntat de participar en la vida p\u00fablica des de la pluralitat ideol\u00f2gica dels seus membres fundadors i futurs associats","publisher":{"@id":"https:\/\/www.cercledecultura.org\/en\/#organization"},"potentialAction":[{"@type":"SearchAction","target":{"@type":"EntryPoint","urlTemplate":"https:\/\/www.cercledecultura.org\/en\/?s={search_term_string}"},"query-input":{"@type":"PropertyValueSpecification","valueRequired":true,"valueName":"search_term_string"}}],"inLanguage":"en-US"},{"@type":"Organization","@id":"https:\/\/www.cercledecultura.org\/en\/#organization","name":"Cercle de Cultura","url":"https:\/\/www.cercledecultura.org\/en\/","logo":{"@type":"ImageObject","inLanguage":"en-US","@id":"https:\/\/www.cercledecultura.org\/en\/#\/schema\/logo\/image\/","url":"https:\/\/www.cercledecultura.org\/wp-content\/uploads\/2020\/01\/logo-cercle-de-cultura.png","contentUrl":"https:\/\/www.cercledecultura.org\/wp-content\/uploads\/2020\/01\/logo-cercle-de-cultura.png","width":350,"height":195,"caption":"Cercle de Cultura"},"image":{"@id":"https:\/\/www.cercledecultura.org\/en\/#\/schema\/logo\/image\/"}}]}},"_links":{"self":[{"href":"https:\/\/www.cercledecultura.org\/en\/wp-json\/wp\/v2\/pages\/1676","targetHints":{"allow":["GET"]}}],"collection":[{"href":"https:\/\/www.cercledecultura.org\/en\/wp-json\/wp\/v2\/pages"}],"about":[{"href":"https:\/\/www.cercledecultura.org\/en\/wp-json\/wp\/v2\/types\/page"}],"author":[{"embeddable":true,"href":"https:\/\/www.cercledecultura.org\/en\/wp-json\/wp\/v2\/users\/1"}],"replies":[{"embeddable":true,"href":"https:\/\/www.cercledecultura.org\/en\/wp-json\/wp\/v2\/comments?post=1676"}],"version-history":[{"count":3,"href":"https:\/\/www.cercledecultura.org\/en\/wp-json\/wp\/v2\/pages\/1676\/revisions"}],"predecessor-version":[{"id":1685,"href":"https:\/\/www.cercledecultura.org\/en\/wp-json\/wp\/v2\/pages\/1676\/revisions\/1685"}],"wp:attachment":[{"href":"https:\/\/www.cercledecultura.org\/en\/wp-json\/wp\/v2\/media?parent=1676"}],"curies":[{"name":"wp","href":"https:\/\/api.w.org\/{rel}","templated":true}]}}