{"id":1659,"date":"2021-05-17T13:35:34","date_gmt":"2021-05-17T11:35:34","guid":{"rendered":"https:\/\/www.cercledecultura.org\/?page_id=1659"},"modified":"2024-10-07T16:37:00","modified_gmt":"2024-10-07T14:37:00","slug":"board-members","status":"publish","type":"page","link":"https:\/\/www.cercledecultura.org\/en\/board-members\/","title":{"rendered":"Board members"},"content":{"rendered":"<div class=\"vce-row-container\"><div class=\"vce-row vce-row--col-gap-0 vce-row-content--top\" data-vce-full-width=\"true\" id=\"el-152c546a\" data-vce-do-apply=\"all el-152c546a\"><div class=\"vce-row-content\" data-vce-element-content=\"true\"><div class=\"vce-col vce-col--md-auto vce-col--xs-1 vce-col--xs-last vce-col--xs-first vce-col--sm-last vce-col--sm-first vce-col--md-last vce-col--lg-last vce-col--xl-last vce-col--md-first vce-col--lg-first vce-col--xl-first\" id=\"el-01a8e923\"><div class=\"vce-col-inner\" data-vce-do-apply=\"border margin background  el-01a8e923\"><div class=\"vce-col-content\" data-vce-element-content=\"true\" data-vce-do-apply=\"padding el-01a8e923\"><div class=\"vce-google-fonts-heading page-title vce-google-fonts-heading--align-center vce-google-fonts-heading--color-empty--45--5C00FF--FF7200 vce-google-fonts-heading--font-family-Open-Sans\"><div id=\"el-773fbe8c\" class=\"vce-google-fonts-heading-wrapper\"><div class=\"vce-google-fonts-heading--background vce\" data-vce-do-apply=\"border background  padding margin el-773fbe8c\"><h1 class=\"vce-google-fonts-heading-inner\" style=\"font-weight: 400; font-style: normal;\">Board members<\/h1><\/div><\/div><\/div><\/div><\/div><\/div><\/div><\/div><\/div><div class=\"vce-row-container\"><div class=\"vce-row vce-row--col-gap-0 vce-row-full-height vce-row-columns--top vce-row-content--top\" data-vce-full-width=\"true\" id=\"el-9b166c5b\" data-vce-do-apply=\"all el-9b166c5b\"><div class=\"vce-content-background-container\"><\/div><div class=\"vce-dividers-wrapper\"><div class=\"vce-container-divider vce-divider-position--top vce-container-divider-new vce-visible-xl-only\" data-vce-do-apply=\"divider el-9b166c5b\"><div class=\"vce-container-divider-inner\"><svg class=\"vce-divider-svg\" viewBox=\"0 0 500 89\" width=\"100%\" preserveAspectRatio=\"none\"><g fill=\"rgb(237, 237, 237)\"><path d=\"M230,175.83203120000002 C129.788636,126.3809051 25.1367188,158.5544211 0,194.65820309999998 L0,0 L500,0 L500,140.03283820000001 C474.679688,194.65820309999998 348.710938,234.412109 230,175.83203120000002 Z\"><\/path><\/g><\/svg><\/div><\/div><div class=\"vce-container-divider vce-divider-position--top vce-container-divider-new vce-visible-lg-only\" data-vce-do-apply=\"divider el-9b166c5b\"><div class=\"vce-container-divider-inner\"><svg class=\"vce-divider-svg\" viewBox=\"0 0 500 89\" width=\"100%\" preserveAspectRatio=\"none\"><g fill=\"rgb(237, 237, 237)\"><path d=\"M230,175.83203120000002 C129.788636,126.3809051 25.1367188,158.5544211 0,194.65820309999998 L0,0 L500,0 L500,140.03283820000001 C474.679688,194.65820309999998 348.710938,234.412109 230,175.83203120000002 Z\"><\/path><\/g><\/svg><\/div><\/div><div class=\"vce-container-divider vce-divider-position--top vce-container-divider-new vce-visible-md-only\" data-vce-do-apply=\"divider el-9b166c5b\"><div class=\"vce-container-divider-inner\"><svg class=\"vce-divider-svg\" viewBox=\"0 0 500 89\" width=\"100%\" preserveAspectRatio=\"none\"><g fill=\"rgb(237, 237, 237)\"><path d=\"M230,175.83203120000002 C129.788636,126.3809051 25.1367188,158.5544211 0,194.65820309999998 L0,0 L500,0 L500,140.03283820000001 C474.679688,194.65820309999998 348.710938,234.412109 230,175.83203120000002 Z\"><\/path><\/g><\/svg><\/div><\/div><div class=\"vce-container-divider vce-divider-position--top vce-container-divider-new vce-visible-sm-only\" data-vce-do-apply=\"divider el-9b166c5b\"><div class=\"vce-container-divider-inner\"><svg class=\"vce-divider-svg\" viewBox=\"0 0 500 89\" width=\"100%\" preserveAspectRatio=\"none\"><g fill=\"rgb(237, 237, 237)\"><path d=\"M230,175.83203120000002 C129.788636,126.3809051 25.1367188,158.5544211 0,194.65820309999998 L0,0 L500,0 L500,140.03283820000001 C474.679688,194.65820309999998 348.710938,234.412109 230,175.83203120000002 Z\"><\/path><\/g><\/svg><\/div><\/div><div class=\"vce-container-divider vce-divider-position--top vce-container-divider-new vce-visible-xs-only\" data-vce-do-apply=\"divider el-9b166c5b\"><div class=\"vce-container-divider-inner\"><svg class=\"vce-divider-svg\" viewBox=\"0 0 500 89\" width=\"100%\" preserveAspectRatio=\"none\"><g fill=\"rgb(237, 237, 237)\"><path d=\"M230,550.8320312 C129.788636,501.3809051 25.1367188,533.5544211 0,569.6582031 L0,0 L500,0 L500,515.0328382 C474.679688,569.6582031 348.710938,609.412109 230,550.8320312 Z\"><\/path><\/g><\/svg><\/div><\/div><\/div><div class=\"vce-row-content\" data-vce-element-content=\"true\"><div class=\"vce-col vce-col--md-auto vce-col--xs-1 vce-col--xs-last vce-col--xs-first vce-col--sm-last vce-col--sm-first vce-col--md-last vce-col--lg-last vce-col--xl-last vce-col--md-first vce-col--lg-first vce-col--xl-first\" id=\"el-95be14ef\"><div class=\"vce-col-inner\" data-vce-do-apply=\"border margin background  el-95be14ef\"><div class=\"vce-col-content\" data-vce-element-content=\"true\" data-vce-do-apply=\"padding el-95be14ef\"><div class=\"vce-text-block\"><div class=\"vce-text-block-wrapper vce\" id=\"el-45f35b2a\" data-vce-do-apply=\"all el-45f35b2a\"><p><strong>Honorary President:<\/strong><\/p><p>Pere Vicens Rahola<\/p><p><strong>President:<\/strong><\/p><p>Jordi Pardo Rodr\u00edguez<\/p><p><em>(The previous presidents of the entity have been Pere Vicens, Francesc Bellmunt and Segimon Borr\u00e0s)<\/em><\/p><p><strong>Vice-presidents:<\/strong> <\/p><p>Montserrat Bou Sala and Jordi Gonz\u00e1lez Molt\u00f3<\/p><p><strong>Secretary-Treasurer<\/strong><\/p><p>Pol Gil Marimon<\/p><p><strong>Vocals:<\/strong><\/p><p>Segimon Borr\u00e0s Campos<\/p><p>Imma Bu\u00f1uel Azor<\/p><p>Cristina Calvet G\u00f3mez<\/p><p>Pau Carri\u00f3 Lluci\u00e0<\/p><p>Bel\u00e9n Latorre Laguna<\/p><p>Esteve Le\u00f3n Aguilera<\/p><p>Alfons Martinell Sempere<\/p><p>Mireia Mayolas Creixams<\/p><p>Marta Puigderrajols Argem\u00ed<\/p><p>F\u00e8lix Riera Prado<\/p><p>Maria \u00c0ngels Torras i Ripoll<\/p><p><strong>Vocals representing the Economic Circle<\/strong>:<\/p><p>Pending<\/p><\/div><\/div><\/div><\/div><\/div><\/div><\/div><\/div>\n","protected":false},"excerpt":{"rendered":"<p>Board membersHonorary President:Pere Vicens RaholaPresident:Jordi Pardo Rodr\u00edguez(The previous presidents of the entity have been Pere Vicens, Francesc Bellmunt and Segimon Borr\u00e0s)Vice-presidents: Montserrat Bou Sala and Jordi Gonz\u00e1lez Molt\u00f3Secretary-TreasurerPol Gil MarimonVocals:Segimon Borr\u00e0s CamposImma Bu\u00f1uel AzorCristina Calvet G\u00f3mezPau Carri\u00f3 Lluci\u00e0Bel\u00e9n Latorre LagunaEsteve Le\u00f3n AguileraAlfons Martinell SempereMireia Mayolas CreixamsMarta Puigderrajols Argem\u00edF\u00e8lix Riera PradoMaria \u00c0ngels Torras i RipollVocals representing [&hellip;]<\/p>\n","protected":false},"author":1,"featured_media":0,"parent":0,"menu_order":0,"comment_status":"closed","ping_status":"closed","template":"","meta":{"footnotes":""},"class_list":["post-1659","page","type-page","status-publish","hentry"],"yoast_head":"<!-- This site is optimized with the Yoast SEO plugin v27.4 - https:\/\/yoast.com\/product\/yoast-seo-wordpress\/ -->\n<title>Board members - Cercle de Cultura<\/title>\n<meta name=\"robots\" content=\"index, follow, max-snippet:-1, max-image-preview:large, max-video-preview:-1\" \/>\n<link rel=\"canonical\" href=\"https:\/\/www.cercledecultura.org\/en\/board-members\/\" \/>\n<meta property=\"og:locale\" content=\"en_US\" \/>\n<meta property=\"og:type\" content=\"article\" \/>\n<meta property=\"og:title\" content=\"Board members - Cercle de Cultura\" \/>\n<meta property=\"og:description\" content=\"Board membersHonorary President:Pere Vicens RaholaPresident:Jordi Pardo Rodr\u00edguez(The previous presidents of the entity have been Pere Vicens, Francesc Bellmunt and Segimon Borr\u00e0s)Vice-presidents: Montserrat Bou Sala and Jordi Gonz\u00e1lez Molt\u00f3Secretary-TreasurerPol Gil MarimonVocals:Segimon Borr\u00e0s CamposImma Bu\u00f1uel AzorCristina Calvet G\u00f3mezPau Carri\u00f3 Lluci\u00e0Bel\u00e9n Latorre LagunaEsteve Le\u00f3n AguileraAlfons Martinell SempereMireia Mayolas CreixamsMarta Puigderrajols Argem\u00edF\u00e8lix Riera PradoMaria \u00c0ngels Torras i RipollVocals representing [&hellip;]\" \/>\n<meta property=\"og:url\" content=\"https:\/\/www.cercledecultura.org\/en\/board-members\/\" \/>\n<meta property=\"og:site_name\" content=\"Cercle de Cultura\" \/>\n<meta property=\"article:modified_time\" content=\"2024-10-07T14:37:00+00:00\" \/>\n<meta name=\"twitter:card\" content=\"summary_large_image\" \/>\n<script type=\"application\/ld+json\" class=\"yoast-schema-graph\">{\"@context\":\"https:\\\/\\\/schema.org\",\"@graph\":[{\"@type\":\"WebPage\",\"@id\":\"https:\\\/\\\/www.cercledecultura.org\\\/en\\\/board-members\\\/\",\"url\":\"https:\\\/\\\/www.cercledecultura.org\\\/en\\\/board-members\\\/\",\"name\":\"Board members - Cercle de Cultura\",\"isPartOf\":{\"@id\":\"https:\\\/\\\/www.cercledecultura.org\\\/en\\\/#website\"},\"datePublished\":\"2021-05-17T11:35:34+00:00\",\"dateModified\":\"2024-10-07T14:37:00+00:00\",\"breadcrumb\":{\"@id\":\"https:\\\/\\\/www.cercledecultura.org\\\/en\\\/board-members\\\/#breadcrumb\"},\"inLanguage\":\"en-US\",\"potentialAction\":[{\"@type\":\"ReadAction\",\"target\":[\"https:\\\/\\\/www.cercledecultura.org\\\/en\\\/board-members\\\/\"]}]},{\"@type\":\"BreadcrumbList\",\"@id\":\"https:\\\/\\\/www.cercledecultura.org\\\/en\\\/board-members\\\/#breadcrumb\",\"itemListElement\":[{\"@type\":\"ListItem\",\"position\":1,\"name\":\"Portada\",\"item\":\"https:\\\/\\\/www.cercledecultura.org\\\/en\\\/\"},{\"@type\":\"ListItem\",\"position\":2,\"name\":\"Board members\"}]},{\"@type\":\"WebSite\",\"@id\":\"https:\\\/\\\/www.cercledecultura.org\\\/en\\\/#website\",\"url\":\"https:\\\/\\\/www.cercledecultura.org\\\/en\\\/\",\"name\":\"Cercle de Cultura\",\"description\":\"Entitat de car\u00e0cter privat i associatiu, independent, amb voluntat de participar en la vida p\u00fablica des de la pluralitat ideol\u00f2gica dels seus membres fundadors i futurs associats\",\"publisher\":{\"@id\":\"https:\\\/\\\/www.cercledecultura.org\\\/en\\\/#organization\"},\"potentialAction\":[{\"@type\":\"SearchAction\",\"target\":{\"@type\":\"EntryPoint\",\"urlTemplate\":\"https:\\\/\\\/www.cercledecultura.org\\\/en\\\/?s={search_term_string}\"},\"query-input\":{\"@type\":\"PropertyValueSpecification\",\"valueRequired\":true,\"valueName\":\"search_term_string\"}}],\"inLanguage\":\"en-US\"},{\"@type\":\"Organization\",\"@id\":\"https:\\\/\\\/www.cercledecultura.org\\\/en\\\/#organization\",\"name\":\"Cercle de Cultura\",\"url\":\"https:\\\/\\\/www.cercledecultura.org\\\/en\\\/\",\"logo\":{\"@type\":\"ImageObject\",\"inLanguage\":\"en-US\",\"@id\":\"https:\\\/\\\/www.cercledecultura.org\\\/en\\\/#\\\/schema\\\/logo\\\/image\\\/\",\"url\":\"https:\\\/\\\/www.cercledecultura.org\\\/wp-content\\\/uploads\\\/2020\\\/01\\\/logo-cercle-de-cultura.png\",\"contentUrl\":\"https:\\\/\\\/www.cercledecultura.org\\\/wp-content\\\/uploads\\\/2020\\\/01\\\/logo-cercle-de-cultura.png\",\"width\":350,\"height\":195,\"caption\":\"Cercle de Cultura\"},\"image\":{\"@id\":\"https:\\\/\\\/www.cercledecultura.org\\\/en\\\/#\\\/schema\\\/logo\\\/image\\\/\"}}]}<\/script>\n<!-- \/ Yoast SEO plugin. -->","yoast_head_json":{"title":"Board members - Cercle de Cultura","robots":{"index":"index","follow":"follow","max-snippet":"max-snippet:-1","max-image-preview":"max-image-preview:large","max-video-preview":"max-video-preview:-1"},"canonical":"https:\/\/www.cercledecultura.org\/en\/board-members\/","og_locale":"en_US","og_type":"article","og_title":"Board members - Cercle de Cultura","og_description":"Board membersHonorary President:Pere Vicens RaholaPresident:Jordi Pardo Rodr\u00edguez(The previous presidents of the entity have been Pere Vicens, Francesc Bellmunt and Segimon Borr\u00e0s)Vice-presidents: Montserrat Bou Sala and Jordi Gonz\u00e1lez Molt\u00f3Secretary-TreasurerPol Gil MarimonVocals:Segimon Borr\u00e0s CamposImma Bu\u00f1uel AzorCristina Calvet G\u00f3mezPau Carri\u00f3 Lluci\u00e0Bel\u00e9n Latorre LagunaEsteve Le\u00f3n AguileraAlfons Martinell SempereMireia Mayolas CreixamsMarta Puigderrajols Argem\u00edF\u00e8lix Riera PradoMaria \u00c0ngels Torras i RipollVocals representing [&hellip;]","og_url":"https:\/\/www.cercledecultura.org\/en\/board-members\/","og_site_name":"Cercle de Cultura","article_modified_time":"2024-10-07T14:37:00+00:00","twitter_card":"summary_large_image","schema":{"@context":"https:\/\/schema.org","@graph":[{"@type":"WebPage","@id":"https:\/\/www.cercledecultura.org\/en\/board-members\/","url":"https:\/\/www.cercledecultura.org\/en\/board-members\/","name":"Board members - Cercle de Cultura","isPartOf":{"@id":"https:\/\/www.cercledecultura.org\/en\/#website"},"datePublished":"2021-05-17T11:35:34+00:00","dateModified":"2024-10-07T14:37:00+00:00","breadcrumb":{"@id":"https:\/\/www.cercledecultura.org\/en\/board-members\/#breadcrumb"},"inLanguage":"en-US","potentialAction":[{"@type":"ReadAction","target":["https:\/\/www.cercledecultura.org\/en\/board-members\/"]}]},{"@type":"BreadcrumbList","@id":"https:\/\/www.cercledecultura.org\/en\/board-members\/#breadcrumb","itemListElement":[{"@type":"ListItem","position":1,"name":"Portada","item":"https:\/\/www.cercledecultura.org\/en\/"},{"@type":"ListItem","position":2,"name":"Board members"}]},{"@type":"WebSite","@id":"https:\/\/www.cercledecultura.org\/en\/#website","url":"https:\/\/www.cercledecultura.org\/en\/","name":"Cercle de Cultura","description":"Entitat de car\u00e0cter privat i associatiu, independent, amb voluntat de participar en la vida p\u00fablica des de la pluralitat ideol\u00f2gica dels seus membres fundadors i futurs associats","publisher":{"@id":"https:\/\/www.cercledecultura.org\/en\/#organization"},"potentialAction":[{"@type":"SearchAction","target":{"@type":"EntryPoint","urlTemplate":"https:\/\/www.cercledecultura.org\/en\/?s={search_term_string}"},"query-input":{"@type":"PropertyValueSpecification","valueRequired":true,"valueName":"search_term_string"}}],"inLanguage":"en-US"},{"@type":"Organization","@id":"https:\/\/www.cercledecultura.org\/en\/#organization","name":"Cercle de Cultura","url":"https:\/\/www.cercledecultura.org\/en\/","logo":{"@type":"ImageObject","inLanguage":"en-US","@id":"https:\/\/www.cercledecultura.org\/en\/#\/schema\/logo\/image\/","url":"https:\/\/www.cercledecultura.org\/wp-content\/uploads\/2020\/01\/logo-cercle-de-cultura.png","contentUrl":"https:\/\/www.cercledecultura.org\/wp-content\/uploads\/2020\/01\/logo-cercle-de-cultura.png","width":350,"height":195,"caption":"Cercle de Cultura"},"image":{"@id":"https:\/\/www.cercledecultura.org\/en\/#\/schema\/logo\/image\/"}}]}},"_links":{"self":[{"href":"https:\/\/www.cercledecultura.org\/en\/wp-json\/wp\/v2\/pages\/1659","targetHints":{"allow":["GET"]}}],"collection":[{"href":"https:\/\/www.cercledecultura.org\/en\/wp-json\/wp\/v2\/pages"}],"about":[{"href":"https:\/\/www.cercledecultura.org\/en\/wp-json\/wp\/v2\/types\/page"}],"author":[{"embeddable":true,"href":"https:\/\/www.cercledecultura.org\/en\/wp-json\/wp\/v2\/users\/1"}],"replies":[{"embeddable":true,"href":"https:\/\/www.cercledecultura.org\/en\/wp-json\/wp\/v2\/comments?post=1659"}],"version-history":[{"count":8,"href":"https:\/\/www.cercledecultura.org\/en\/wp-json\/wp\/v2\/pages\/1659\/revisions"}],"predecessor-version":[{"id":3098,"href":"https:\/\/www.cercledecultura.org\/en\/wp-json\/wp\/v2\/pages\/1659\/revisions\/3098"}],"wp:attachment":[{"href":"https:\/\/www.cercledecultura.org\/en\/wp-json\/wp\/v2\/media?parent=1659"}],"curies":[{"name":"wp","href":"https:\/\/api.w.org\/{rel}","templated":true}]}}