{"id":1568,"date":"2021-05-17T11:47:14","date_gmt":"2021-05-17T09:47:14","guid":{"rendered":"https:\/\/www.cercledecultura.org\/activities\/"},"modified":"2021-05-18T09:19:03","modified_gmt":"2021-05-18T07:19:03","slug":"activities","status":"publish","type":"page","link":"https:\/\/www.cercledecultura.org\/en\/activities\/","title":{"rendered":"Activities"},"content":{"rendered":"<div class=\"vce-row-container\" data-vce-boxed-width=\"true\"><div class=\"vce-row vce-row--col-gap-30 vce-row-content--top\" id=\"el-9ee49d70\" data-vce-do-apply=\"all el-9ee49d70\"><div class=\"vce-row-content\" data-vce-element-content=\"true\"><div class=\"vce-col vce-col--md-auto vce-col--xs-1 vce-col--xs-last vce-col--xs-first vce-col--sm-last vce-col--sm-first vce-col--md-last vce-col--lg-last vce-col--xl-last vce-col--md-first vce-col--lg-first vce-col--xl-first\" id=\"el-5e6a4697\"><div class=\"vce-col-inner\" data-vce-do-apply=\"border margin background  el-5e6a4697\"><div class=\"vce-col-content\" data-vce-element-content=\"true\" data-vce-do-apply=\"padding el-5e6a4697\"><div class=\"vce-google-fonts-heading page-title vce-google-fonts-heading--align-center vce-google-fonts-heading--color-empty--45--5C00FF--FF7200 vce-google-fonts-heading--font-family-Open-Sans\"><div class=\"vce-google-fonts-heading-wrapper\"><div class=\"vce-google-fonts-heading--background vce\" id=\"el-c7f3875f\" data-vce-do-apply=\"border background  padding margin el-c7f3875f\"><h1 class=\"vce-google-fonts-heading-inner\" style=\"font-weight: 400;\">Activities<\/h1><\/div><\/div><\/div><\/div><\/div><\/div><\/div><\/div><\/div><div class=\"vce-row-container\"><div class=\"vce-row vce-row--col-gap-30 vce-row-content--top\" data-vce-full-width=\"true\" data-vce-stretch-content=\"true\" id=\"el-22f14f80\" data-vce-do-apply=\"all el-22f14f80\"><div class=\"vce-content-background-container\"><\/div><div class=\"vce-dividers-wrapper\"><div class=\"vce-container-divider vce-divider-position--top vce-container-divider-new vce-visible-all-only\" data-vce-do-apply=\"divider el-22f14f80\"><div class=\"vce-container-divider-inner\"><svg class=\"vce-divider-svg\" viewBox=\"0 0 500 89\" width=\"100%\" preserveAspectRatio=\"none\"><g fill=\"rgb(237, 237, 237)\"><path d=\"M230,175.83203120000002 C129.788636,126.3809051 25.1367188,158.5544211 0,194.65820309999998 L0,0 L500,0 L500,140.03283820000001 C474.679688,194.65820309999998 348.710938,234.412109 230,175.83203120000002 Z\"><\/path><\/g><\/svg><\/div><\/div><\/div><div class=\"vce-row-content\" data-vce-element-content=\"true\"><div class=\"vce-col vce-col--md-auto vce-col--xs-1 vce-col--xs-last vce-col--xs-first vce-col--sm-last vce-col--sm-first vce-col--md-last vce-col--lg-last vce-col--xl-last vce-col--md-first vce-col--lg-first vce-col--xl-first\" id=\"el-76339d84\"><div class=\"vce-col-inner\" data-vce-do-apply=\"border margin background  el-76339d84\"><div class=\"vce-col-content\" data-vce-element-content=\"true\" data-vce-do-apply=\"padding el-76339d84\"><div class=\"vce-posts-grid-container vce-news-grid-container activities\"><div class=\"vce vce-posts-grid-wrapper vce-news-grid-wrapper vce-posts-grid--gap-10 vce-posts-grid--columns-3 vce-posts-grid-pagination--color-b-29-100-197--b-27-157-209\" id=\"el-8edab528\" data-vce-do-apply=\"all el-8edab528\"><div class=\"vce-posts-grid-list\"><div class=\"vce-posts-grid-item\"><article class=\"vce-posts-grid-item-inner\"><div class=\"vce-post-description vce-post-description--title-color-b-27-157-203 vce-post-description--excerpt-color-4e4e4e vce-post-description--author-color-b-84-168-208 vce-post-description--meta-color-d7dfe4\"><div class=\"vce-post-description--image\" style=\"background-image:url(https:\/\/www.cercledecultura.org\/wp-content\/uploads\/2021\/10\/edifici.jpg)\"><a href=\"https:\/\/www.cercledecultura.org\/en\/new-series-of-debates-entitled-museums-of-art-city-cultural-project-and-funding-needs\/\"><\/a><\/div><div class=\"vce-post-description--content\"><h3 class=\"vce-post-description--title\"><a href=\"https:\/\/www.cercledecultura.org\/en\/new-series-of-debates-entitled-museums-of-art-city-cultural-project-and-funding-needs\/\">New series of debates entitled \"Museums of art, city, cultural project and funding needs\"<\/a><\/h3><div class=\"vce-post-description--excerpt\"><p>Cercle de Cultura and Ateneu Barcelon\u00e8s are organizing a new series of debates entitled &#8220;Museums of art, city, cultural project and funding needs&#8221;. The first session will take place on October 28 at 6.30 pm at the Ateneu Barcelon\u00e8s, with the interventions of V\u00edctor Magrans, administrator of the MNAC, and Marko Daniel, director of the&hellip;<\/p>\n<\/div>\n<a href=\"https:\/\/www.cercledecultura.org\/en\/new-series-of-debates-entitled-museums-of-art-city-cultural-project-and-funding-needs\/\" class=\"vce-post-link\"><div class=\"vce-button--style-outline-container vce-button--style-outline-container--align-center\"><span class=\"vce-button--style-outline-wrapper vce\" id=\"el-76d5d311\" data-vce-do-apply=\"margin el-76d5d311\"><button class=\"vce-button--style-outline-animated vce-button--style-outline--border-square vce-button--style-outline--size-small vce-button--style-outline-animated--color-b-27-157-203--fff--3d3d3d vce-button--style-outline-animated--border-color-b-27-157-203--3d3d3d vce-button--style-outline-animated--background-color-b-27-157-203\" data-vce-do-apply=\"padding border background  el-76d5d311\"><span class=\"vce-button--style-outline-text\">Read more<\/span><\/button><\/span><\/div><\/a><\/div><\/div><\/article><\/div><div class=\"vce-posts-grid-item\"><article class=\"vce-posts-grid-item-inner\"><div class=\"vce-post-description vce-post-description--title-color-b-27-157-203 vce-post-description--excerpt-color-4e4e4e vce-post-description--author-color-b-84-168-208 vce-post-description--meta-color-d7dfe4\"><div class=\"vce-post-description--image\" style=\"background-image:url(https:\/\/www.cercledecultura.org\/wp-content\/uploads\/2021\/04\/AdobeStock_165796967-scaled.jpeg)\"><a href=\"https:\/\/www.cercledecultura.org\/en\/cercle-de-cultura-promotes-debate-on-cultural-sectors-and-post-covidien-economic-recovery-programs\/\"><\/a><\/div><div class=\"vce-post-description--content\"><h3 class=\"vce-post-description--title\"><a href=\"https:\/\/www.cercledecultura.org\/en\/cercle-de-cultura-promotes-debate-on-cultural-sectors-and-post-covidien-economic-recovery-programs\/\">Cercle de Cultura promotes debate on cultural sectors and post-Covid economic recovery programs<\/a><\/h3><div class=\"vce-post-description--excerpt\"><p>The event took place on March 16 and was co-organized with the Cercle d&#8217;Economia, PROA, ADETCA and the Catalan Academy of Music.<\/p>\n<\/div>\n<a href=\"https:\/\/www.cercledecultura.org\/en\/cercle-de-cultura-promotes-debate-on-cultural-sectors-and-post-covidien-economic-recovery-programs\/\" class=\"vce-post-link\"><div class=\"vce-button--style-outline-container vce-button--style-outline-container--align-center\"><span class=\"vce-button--style-outline-wrapper vce\" id=\"el-76d5d311\" data-vce-do-apply=\"margin el-76d5d311\"><button class=\"vce-button--style-outline-animated vce-button--style-outline--border-square vce-button--style-outline--size-small vce-button--style-outline-animated--color-b-27-157-203--fff--3d3d3d vce-button--style-outline-animated--border-color-b-27-157-203--3d3d3d vce-button--style-outline-animated--background-color-b-27-157-203\" data-vce-do-apply=\"padding border background  el-76d5d311\"><span class=\"vce-button--style-outline-text\">Read more<\/span><\/button><\/span><\/div><\/a><\/div><\/div><\/article><\/div><div class=\"vce-posts-grid-item\"><article class=\"vce-posts-grid-item-inner\"><div class=\"vce-post-description vce-post-description--title-color-b-27-157-203 vce-post-description--excerpt-color-4e4e4e vce-post-description--author-color-b-84-168-208 vce-post-description--meta-color-d7dfe4\"><div class=\"vce-post-description--image\" style=\"background-image:url(https:\/\/www.cercledecultura.org\/wp-content\/uploads\/2021\/02\/jLfLkpjkWYI8w0H2xw.jpg)\"><a href=\"https:\/\/www.cercledecultura.org\/en\/cercle-de-cultura-collaborates-in-la-cultura-a-debate-an-electoral-event-on-culture-organized-by-the-apgcc\/\"><\/a><\/div><div class=\"vce-post-description--content\"><h3 class=\"vce-post-description--title\"><a href=\"https:\/\/www.cercledecultura.org\/en\/cercle-de-cultura-collaborates-in-la-cultura-a-debate-an-electoral-event-on-culture-organized-by-the-apgcc\/\">Cercle de Cultura collaborates in 'Culture under debate', an electoral event on culture organized by the APGCC<\/a><\/h3><div class=\"vce-post-description--excerpt\"><p>Culture under debate will bring together representatives of the different political forces running in the 14F elections.<\/p>\n<\/div>\n<a href=\"https:\/\/www.cercledecultura.org\/en\/cercle-de-cultura-collaborates-in-la-cultura-a-debate-an-electoral-event-on-culture-organized-by-the-apgcc\/\" class=\"vce-post-link\"><div class=\"vce-button--style-outline-container vce-button--style-outline-container--align-center\"><span class=\"vce-button--style-outline-wrapper vce\" id=\"el-76d5d311\" data-vce-do-apply=\"margin el-76d5d311\"><button class=\"vce-button--style-outline-animated vce-button--style-outline--border-square vce-button--style-outline--size-small vce-button--style-outline-animated--color-b-27-157-203--fff--3d3d3d vce-button--style-outline-animated--border-color-b-27-157-203--3d3d3d vce-button--style-outline-animated--background-color-b-27-157-203\" data-vce-do-apply=\"padding border background  el-76d5d311\"><span class=\"vce-button--style-outline-text\">Read more<\/span><\/button><\/span><\/div><\/a><\/div><\/div><\/article><\/div><div class=\"vce-posts-grid-item\"><article class=\"vce-posts-grid-item-inner\"><div class=\"vce-post-description vce-post-description--title-color-b-27-157-203 vce-post-description--excerpt-color-4e4e4e vce-post-description--author-color-b-84-168-208 vce-post-description--meta-color-d7dfe4\"><div class=\"vce-post-description--image\" style=\"background-image:url(https:\/\/www.cercledecultura.org\/wp-content\/uploads\/2021\/02\/clx2SjwDWE2kgVovTvzP3w.jpg)\"><a href=\"https:\/\/www.cercledecultura.org\/en\/if-culture-touches-you-now-its-your-turn-citizen-mobilization-campaign-to-save-culture\/\"><\/a><\/div><div class=\"vce-post-description--content\"><h3 class=\"vce-post-description--title\"><a href=\"https:\/\/www.cercledecultura.org\/en\/if-culture-touches-you-now-its-your-turn-citizen-mobilization-campaign-to-save-culture\/\">\"If culture touches you, now it's your turn.\" Citizen mobilization campaign to save culture<\/a><\/h3><div class=\"vce-post-description--excerpt\"><p>Through the laculturaemtoca.cat website, the campaign encourages citizens who love culture to buy, disseminate and \/ or donate to return to culture everything that has contributed to us in the extremely difficult times of the pandemic.<\/p>\n<\/div>\n<a href=\"https:\/\/www.cercledecultura.org\/en\/if-culture-touches-you-now-its-your-turn-citizen-mobilization-campaign-to-save-culture\/\" class=\"vce-post-link\"><div class=\"vce-button--style-outline-container vce-button--style-outline-container--align-center\"><span class=\"vce-button--style-outline-wrapper vce\" id=\"el-76d5d311\" data-vce-do-apply=\"margin el-76d5d311\"><button class=\"vce-button--style-outline-animated vce-button--style-outline--border-square vce-button--style-outline--size-small vce-button--style-outline-animated--color-b-27-157-203--fff--3d3d3d vce-button--style-outline-animated--border-color-b-27-157-203--3d3d3d vce-button--style-outline-animated--background-color-b-27-157-203\" data-vce-do-apply=\"padding border background  el-76d5d311\"><span class=\"vce-button--style-outline-text\">Read more<\/span><\/button><\/span><\/div><\/a><\/div><\/div><\/article><\/div><\/div><div class=\"vce-posts-grid-pagination\">\n    <\/div>\n<\/div><\/div><\/div><\/div><\/div><\/div><\/div><\/div>\n","protected":false},"excerpt":{"rendered":"<p>Activities<\/p>\n","protected":false},"author":0,"featured_media":0,"parent":0,"menu_order":0,"comment_status":"closed","ping_status":"closed","template":"","meta":{"footnotes":""},"class_list":["post-1568","page","type-page","status-publish","hentry"],"yoast_head":"<!-- This site is optimized with the Yoast SEO plugin v27.3 - https:\/\/yoast.com\/product\/yoast-seo-wordpress\/ -->\n<title>Activities - Cercle de Cultura<\/title>\n<meta name=\"robots\" content=\"index, follow, max-snippet:-1, max-image-preview:large, max-video-preview:-1\" \/>\n<link rel=\"canonical\" href=\"https:\/\/www.cercledecultura.org\/en\/activities\/\" \/>\n<meta property=\"og:locale\" content=\"en_US\" \/>\n<meta property=\"og:type\" content=\"article\" \/>\n<meta property=\"og:title\" content=\"Activities - Cercle de Cultura\" \/>\n<meta property=\"og:description\" content=\"Activities\" \/>\n<meta property=\"og:url\" content=\"https:\/\/www.cercledecultura.org\/en\/activities\/\" \/>\n<meta property=\"og:site_name\" content=\"Cercle de Cultura\" \/>\n<meta property=\"article:modified_time\" content=\"2021-05-18T07:19:03+00:00\" \/>\n<meta name=\"twitter:card\" content=\"summary_large_image\" \/>\n<meta name=\"twitter:label1\" content=\"Est. reading time\" \/>\n\t<meta name=\"twitter:data1\" content=\"2 minutes\" \/>\n<script type=\"application\/ld+json\" class=\"yoast-schema-graph\">{\"@context\":\"https:\\\/\\\/schema.org\",\"@graph\":[{\"@type\":\"WebPage\",\"@id\":\"https:\\\/\\\/www.cercledecultura.org\\\/en\\\/activities\\\/\",\"url\":\"https:\\\/\\\/www.cercledecultura.org\\\/en\\\/activities\\\/\",\"name\":\"Activities - Cercle de Cultura\",\"isPartOf\":{\"@id\":\"https:\\\/\\\/www.cercledecultura.org\\\/en\\\/#website\"},\"datePublished\":\"2021-05-17T09:47:14+00:00\",\"dateModified\":\"2021-05-18T07:19:03+00:00\",\"breadcrumb\":{\"@id\":\"https:\\\/\\\/www.cercledecultura.org\\\/en\\\/activities\\\/#breadcrumb\"},\"inLanguage\":\"en-US\",\"potentialAction\":[{\"@type\":\"ReadAction\",\"target\":[\"https:\\\/\\\/www.cercledecultura.org\\\/en\\\/activities\\\/\"]}]},{\"@type\":\"BreadcrumbList\",\"@id\":\"https:\\\/\\\/www.cercledecultura.org\\\/en\\\/activities\\\/#breadcrumb\",\"itemListElement\":[{\"@type\":\"ListItem\",\"position\":1,\"name\":\"Portada\",\"item\":\"https:\\\/\\\/www.cercledecultura.org\\\/en\\\/\"},{\"@type\":\"ListItem\",\"position\":2,\"name\":\"Activities\"}]},{\"@type\":\"WebSite\",\"@id\":\"https:\\\/\\\/www.cercledecultura.org\\\/en\\\/#website\",\"url\":\"https:\\\/\\\/www.cercledecultura.org\\\/en\\\/\",\"name\":\"Cercle de Cultura\",\"description\":\"Entitat de car\u00e0cter privat i associatiu, independent, amb voluntat de participar en la vida p\u00fablica des de la pluralitat ideol\u00f2gica dels seus membres fundadors i futurs associats\",\"publisher\":{\"@id\":\"https:\\\/\\\/www.cercledecultura.org\\\/en\\\/#organization\"},\"potentialAction\":[{\"@type\":\"SearchAction\",\"target\":{\"@type\":\"EntryPoint\",\"urlTemplate\":\"https:\\\/\\\/www.cercledecultura.org\\\/en\\\/?s={search_term_string}\"},\"query-input\":{\"@type\":\"PropertyValueSpecification\",\"valueRequired\":true,\"valueName\":\"search_term_string\"}}],\"inLanguage\":\"en-US\"},{\"@type\":\"Organization\",\"@id\":\"https:\\\/\\\/www.cercledecultura.org\\\/en\\\/#organization\",\"name\":\"Cercle de Cultura\",\"url\":\"https:\\\/\\\/www.cercledecultura.org\\\/en\\\/\",\"logo\":{\"@type\":\"ImageObject\",\"inLanguage\":\"en-US\",\"@id\":\"https:\\\/\\\/www.cercledecultura.org\\\/en\\\/#\\\/schema\\\/logo\\\/image\\\/\",\"url\":\"https:\\\/\\\/www.cercledecultura.org\\\/wp-content\\\/uploads\\\/2020\\\/01\\\/logo-cercle-de-cultura.png\",\"contentUrl\":\"https:\\\/\\\/www.cercledecultura.org\\\/wp-content\\\/uploads\\\/2020\\\/01\\\/logo-cercle-de-cultura.png\",\"width\":350,\"height\":195,\"caption\":\"Cercle de Cultura\"},\"image\":{\"@id\":\"https:\\\/\\\/www.cercledecultura.org\\\/en\\\/#\\\/schema\\\/logo\\\/image\\\/\"}}]}<\/script>\n<!-- \/ Yoast SEO plugin. -->","yoast_head_json":{"title":"Activities - Cercle de Cultura","robots":{"index":"index","follow":"follow","max-snippet":"max-snippet:-1","max-image-preview":"max-image-preview:large","max-video-preview":"max-video-preview:-1"},"canonical":"https:\/\/www.cercledecultura.org\/en\/activities\/","og_locale":"en_US","og_type":"article","og_title":"Activities - Cercle de Cultura","og_description":"Activities","og_url":"https:\/\/www.cercledecultura.org\/en\/activities\/","og_site_name":"Cercle de Cultura","article_modified_time":"2021-05-18T07:19:03+00:00","twitter_card":"summary_large_image","twitter_misc":{"Est. reading time":"2 minutes"},"schema":{"@context":"https:\/\/schema.org","@graph":[{"@type":"WebPage","@id":"https:\/\/www.cercledecultura.org\/en\/activities\/","url":"https:\/\/www.cercledecultura.org\/en\/activities\/","name":"Activities - Cercle de Cultura","isPartOf":{"@id":"https:\/\/www.cercledecultura.org\/en\/#website"},"datePublished":"2021-05-17T09:47:14+00:00","dateModified":"2021-05-18T07:19:03+00:00","breadcrumb":{"@id":"https:\/\/www.cercledecultura.org\/en\/activities\/#breadcrumb"},"inLanguage":"en-US","potentialAction":[{"@type":"ReadAction","target":["https:\/\/www.cercledecultura.org\/en\/activities\/"]}]},{"@type":"BreadcrumbList","@id":"https:\/\/www.cercledecultura.org\/en\/activities\/#breadcrumb","itemListElement":[{"@type":"ListItem","position":1,"name":"Portada","item":"https:\/\/www.cercledecultura.org\/en\/"},{"@type":"ListItem","position":2,"name":"Activities"}]},{"@type":"WebSite","@id":"https:\/\/www.cercledecultura.org\/en\/#website","url":"https:\/\/www.cercledecultura.org\/en\/","name":"Cercle de Cultura","description":"Entitat de car\u00e0cter privat i associatiu, independent, amb voluntat de participar en la vida p\u00fablica des de la pluralitat ideol\u00f2gica dels seus membres fundadors i futurs associats","publisher":{"@id":"https:\/\/www.cercledecultura.org\/en\/#organization"},"potentialAction":[{"@type":"SearchAction","target":{"@type":"EntryPoint","urlTemplate":"https:\/\/www.cercledecultura.org\/en\/?s={search_term_string}"},"query-input":{"@type":"PropertyValueSpecification","valueRequired":true,"valueName":"search_term_string"}}],"inLanguage":"en-US"},{"@type":"Organization","@id":"https:\/\/www.cercledecultura.org\/en\/#organization","name":"Cercle de Cultura","url":"https:\/\/www.cercledecultura.org\/en\/","logo":{"@type":"ImageObject","inLanguage":"en-US","@id":"https:\/\/www.cercledecultura.org\/en\/#\/schema\/logo\/image\/","url":"https:\/\/www.cercledecultura.org\/wp-content\/uploads\/2020\/01\/logo-cercle-de-cultura.png","contentUrl":"https:\/\/www.cercledecultura.org\/wp-content\/uploads\/2020\/01\/logo-cercle-de-cultura.png","width":350,"height":195,"caption":"Cercle de Cultura"},"image":{"@id":"https:\/\/www.cercledecultura.org\/en\/#\/schema\/logo\/image\/"}}]}},"_links":{"self":[{"href":"https:\/\/www.cercledecultura.org\/en\/wp-json\/wp\/v2\/pages\/1568","targetHints":{"allow":["GET"]}}],"collection":[{"href":"https:\/\/www.cercledecultura.org\/en\/wp-json\/wp\/v2\/pages"}],"about":[{"href":"https:\/\/www.cercledecultura.org\/en\/wp-json\/wp\/v2\/types\/page"}],"replies":[{"embeddable":true,"href":"https:\/\/www.cercledecultura.org\/en\/wp-json\/wp\/v2\/comments?post=1568"}],"version-history":[{"count":3,"href":"https:\/\/www.cercledecultura.org\/en\/wp-json\/wp\/v2\/pages\/1568\/revisions"}],"predecessor-version":[{"id":2322,"href":"https:\/\/www.cercledecultura.org\/en\/wp-json\/wp\/v2\/pages\/1568\/revisions\/2322"}],"wp:attachment":[{"href":"https:\/\/www.cercledecultura.org\/en\/wp-json\/wp\/v2\/media?parent=1568"}],"curies":[{"name":"wp","href":"https:\/\/api.w.org\/{rel}","templated":true}]}}