{"id":8,"date":"2020-01-09T09:05:15","date_gmt":"2020-01-09T09:05:15","guid":{"rendered":"https:\/\/pre.cercledecultura.org\/?page_id=8"},"modified":"2023-01-30T13:14:37","modified_gmt":"2023-01-30T11:14:37","slug":"inici","status":"publish","type":"page","link":"https:\/\/www.cercledecultura.org\/ca\/","title":{"rendered":"Inici"},"content":{"rendered":"<div class=\"vce-row-container\"><div class=\"vce-row vce-row--col-gap-0 no-margins vce-row-content--middle\" data-vce-full-width=\"true\" id=\"el-7834cae8\" data-vce-do-apply=\"all el-7834cae8\"><div class=\"vce-content-background-container\"><\/div><div class=\"vce-row-content\" data-vce-element-content=\"true\"><div class=\"vce-col vce-col--md-auto vce-col--xs-1 vce-col--xs-last vce-col--xs-first vce-col--sm-last vce-col--sm-first vce-col--md-last vce-col--lg-last vce-col--xl-last vce-col--md-first vce-col--lg-first vce-col--xl-first no-columns-margins\" id=\"el-0241cc1d\"><div class=\"vce-col-inner\" data-vce-do-apply=\"border margin background  el-0241cc1d\"><div class=\"vce-content-background-container\"><\/div><div class=\"vce-col-content\" data-vce-element-content=\"true\" data-vce-do-apply=\"padding el-0241cc1d\"><div class=\"vce-post-slider-block vce-slick-slider-custom vce-post-slider-block--stretch-slides vce-post-slider-block--text-align-left vce-post-slider-block--image-size-small vce-post-slider-block-item-background-color--ffffff\"><div class=\"vce vce-post-slider-block-wrapper\" id=\"el-426c6b2f\" data-vce-do-apply=\"all el-426c6b2f\" data-slick-autoplay=\"on\" data-slick-autoplay-delay=\"10000\" data-slick-arrows=\"off\" data-slick-infinite=\"on\" data-slick-dots=\"off\" data-slick-slides-to-show=\"1\"><div class=\"vce-post-slider-block-list\">\n                   \n                   <div class=\"slick-list\">\n                     <div class=\"slick-track\"><div class=\"vce-post-slider-block-item vc-slick-item vce-post-slider-block-item--color-3E3D3D vce-post-slider-block-item--description-color-555555\"><div class=\"vce-post-slider-block-item-inner\"><a href=\"https:\/\/www.cercledecultura.org\/ca\/taula-rodona-sobre-cultura-i-salut\/\" class=\"vce-post-slider-block-item-link\" aria-label=\"Cultura i salut, una alian\u00e7a transformadora\"><\/a><div class=\"vce-post-description--background-wrapper-box\">\n    <div class=\"vce-post-description--background-wrapper\">\n        <div class=\"vce-post-description--background\" style=\"background-image: url(https:\/\/www.cercledecultura.org\/wp-content\/uploads\/2026\/03\/Collage-acte-15-abril-CC-1.jpg);\"><\/div>\n    <\/div>\n<\/div>\n<div class=\"vce-post-slider-block-item-content\"><h3 class=\"vce-post-slider-block-item-title\">Cultura i salut, una alian\u00e7a transformadora<\/h3><div class=\"vce-post-description--excerpt\"><p>El 2019 l&#8217;Organitzaci\u00f3 Mundial de la Salut (OMS) publicava un informe analitzant m\u00e9s de 900 publicacions cient\u00edfiques de tot el m\u00f3n en les que es posava de manifest el rol de la cultura i les arts en la salut i el benestar. En aquest mateix informe, es recomanava incloure l\u2019art i la cultura als sistemes&hellip;<\/p>\n<\/div>\n<\/div><\/div><\/div><div class=\"vce-post-slider-block-item vc-slick-item vce-post-slider-block-item--color-3E3D3D vce-post-slider-block-item--description-color-555555\"><div class=\"vce-post-slider-block-item-inner\"><a href=\"https:\/\/www.cercledecultura.org\/ca\/declaracio-en-favor-de-laprovacio-de-pressupostos-publics\/\" class=\"vce-post-slider-block-item-link\" aria-label=\"Declaraci\u00f3 en favor de l'aprovaci\u00f3 de pressupostos p\u00fablics i de l\u2019assoliment dels objectius percentuals en cultura\"><\/a><div class=\"vce-post-description--background-wrapper-box\">\n    <div class=\"vce-post-description--background-wrapper\">\n        <div class=\"vce-post-description--background\" style=\"background-image: url(https:\/\/www.cercledecultura.org\/wp-content\/uploads\/2026\/02\/Declaracio-del-mon-cultural-en-favor-de-laprovacio-de-pressupostos-publics-marc-2026.png);\"><\/div>\n    <\/div>\n<\/div>\n<div class=\"vce-post-slider-block-item-content\"><h3 class=\"vce-post-slider-block-item-title\">Declaraci\u00f3 en favor de l'aprovaci\u00f3 de pressupostos p\u00fablics i de l\u2019assoliment dels objectius percentuals en cultura<\/h3><div class=\"vce-post-description--excerpt\"><p>El sector cultural catal\u00e0 es relaciona amb quatre administracions p\u00fabliques: el Govern de l\u2019Estat; l\u2019administraci\u00f3 municipal; les diputacions i, la m\u00e9s determinant de totes, la Generalitat de Catalunya. &nbsp; Des de 2023 ni a l\u2019Estat, ni a Catalunya, ni a Barcelona no aproven cap nou pressupost i aix\u00f2 suposa un greu problema pel conjunt de&hellip;<\/p>\n<\/div>\n<\/div><\/div><\/div><\/div>\n                   <\/div>\n                   \n                   \n                <\/div><\/div><\/div><\/div><\/div><\/div><\/div><\/div><\/div><div class=\"vce-row-container\"><div class=\"vce-row vce-row--col-gap-10 vce-row-equal-height vce-row-content--top\" data-vce-full-width=\"true\" data-vce-stretch-content=\"true\" id=\"el-5f7a966f\" data-vce-do-apply=\"all el-5f7a966f\"><div class=\"vce-content-background-container\"><\/div><div class=\"vce-dividers-wrapper\"><div class=\"vce-container-divider vce-divider-position--top vce-container-divider-new vce-visible-xl-only\" data-vce-do-apply=\"divider el-5f7a966f\"><div class=\"vce-container-divider-inner\"><svg class=\"vce-divider-svg\" viewBox=\"0 0 500 89\" width=\"100%\" preserveAspectRatio=\"none\"><g fill=\"rgb(237, 237, 237)\"><path d=\"M230,300.8320312 C129.788636,251.3809051 25.1367188,283.5544211 0,319.6582031 L0,0 L500,0 L500,265.0328382 C474.679688,319.6582031 348.710938,359.412109 230,300.8320312 Z\"><\/path><\/g><\/svg><\/div><\/div><div class=\"vce-container-divider vce-divider-position--top vce-container-divider-new vce-visible-lg-only\" data-vce-do-apply=\"divider el-5f7a966f\"><div class=\"vce-container-divider-inner\"><svg class=\"vce-divider-svg\" viewBox=\"0 0 500 89\" width=\"100%\" preserveAspectRatio=\"none\"><g fill=\"rgb(237, 237, 237)\"><path d=\"M230,550.8320312 C129.788636,501.3809051 25.1367188,533.5544211 0,569.6582031 L0,0 L500,0 L500,515.0328382 C474.679688,569.6582031 348.710938,609.412109 230,550.8320312 Z\"><\/path><\/g><\/svg><\/div><\/div><div class=\"vce-container-divider vce-divider-position--top vce-container-divider-new vce-visible-md-only\" data-vce-do-apply=\"divider el-5f7a966f\"><div class=\"vce-container-divider-inner\"><svg class=\"vce-divider-svg\" viewBox=\"0 0 500 89\" width=\"100%\" preserveAspectRatio=\"none\"><g fill=\"rgb(237, 237, 237)\"><path d=\"M230,550.8320312 C129.788636,501.3809051 25.1367188,533.5544211 0,569.6582031 L0,0 L500,0 L500,515.0328382 C474.679688,569.6582031 348.710938,609.412109 230,550.8320312 Z\"><\/path><\/g><\/svg><\/div><\/div><div class=\"vce-container-divider vce-divider-position--top vce-container-divider-new vce-visible-sm-only\" data-vce-do-apply=\"divider el-5f7a966f\"><div class=\"vce-container-divider-inner\"><svg class=\"vce-divider-svg\" viewBox=\"0 0 500 89\" width=\"100%\" preserveAspectRatio=\"none\"><g fill=\"rgb(237, 237, 237)\"><path d=\"M230,550.8320312 C129.788636,501.3809051 25.1367188,533.5544211 0,569.6582031 L0,0 L500,0 L500,515.0328382 C474.679688,569.6582031 348.710938,609.412109 230,550.8320312 Z\"><\/path><\/g><\/svg><\/div><\/div><div class=\"vce-container-divider vce-divider-position--top vce-container-divider-new vce-visible-xs-only\" data-vce-do-apply=\"divider el-5f7a966f\"><div class=\"vce-container-divider-inner\"><svg class=\"vce-divider-svg\" viewBox=\"0 0 500 89\" width=\"100%\" preserveAspectRatio=\"none\"><g fill=\"rgb(237, 237, 237)\"><path d=\"M230,1050.8320312 C129.788636,1001.3809051 25.1367188,1033.5544211 0,1069.6582031 L0,0 L500,0 L500,1015.0328382 C474.679688,1069.6582031 348.710938,1109.412109 230,1050.8320312 Z\"><\/path><\/g><\/svg><\/div><\/div><\/div><div class=\"vce-row-content\" data-vce-element-content=\"true\"><div class=\"vce-col vce-col--md-100p vce-col--xs-1 vce-col--xs-last vce-col--xs-first vce-col--sm-last vce-col--sm-first vce-col--md-last vce-col--lg-last vce-col--xl-last vce-col--md-first vce-col--lg-first vce-col--xl-first\" id=\"el-6d754adf\"><div class=\"vce-col-inner\" data-vce-do-apply=\"border margin background  el-6d754adf\"><div class=\"vce-col-content\" data-vce-element-content=\"true\" data-vce-do-apply=\"padding el-6d754adf\"><div class=\"vce-google-fonts-heading vce-google-fonts-heading--align-center vce-google-fonts-heading--color-empty--45--5C00FF--FF7200 vce-google-fonts-heading--font-family-Open-Sans\"><div class=\"vce-google-fonts-heading-wrapper\"><div class=\"vce-google-fonts-heading--background vce\" id=\"el-031e3ded\" data-vce-do-apply=\"border background  padding margin el-031e3ded\"><h3 class=\"vce-google-fonts-heading-inner\" style=\"font-weight: 400; font-style: normal;\">Actualitat<\/h3><\/div><\/div><\/div><\/div><\/div><\/div><div class=\"vce-col vce-col--md-80p vce-col--xs-1 vce-col--xs-last vce-col--xs-first vce-col--sm-last vce-col--sm-first vce-col--md-first vce-col--lg-first vce-col--xl-first\" id=\"el-9e787c57\"><div class=\"vce-col-inner\" data-vce-do-apply=\"border margin background  el-9e787c57\"><div class=\"vce-col-content\" data-vce-element-content=\"true\" data-vce-do-apply=\"padding el-9e787c57\"><div class=\"vce-posts-grid-container vce-news-grid-container home-news\"><div class=\"vce vce-posts-grid-wrapper vce-news-grid-wrapper vce-posts-grid--gap-20 vce-posts-grid--columns-2 vce-posts-grid-pagination--color-b-29-100-197--b-27-157-209\" id=\"el-9a43277c\" data-vce-do-apply=\"all el-9a43277c\"><div class=\"vce-posts-grid-list\"><div class=\"vce-posts-grid-item\"><article class=\"vce-posts-grid-item-inner\"><div class=\"vce-post-description vce-post-description--title-color-b-27-157-209 vce-post-description--excerpt-color-b-62-61-61 vce-post-description--background-color-empty vce-post-description--author-color-ffce00 vce-post-description--meta-color-b-62-61-61\"><div class=\"vce-post-description--image\" style=\"background-image:url(https:\/\/www.cercledecultura.org\/wp-content\/uploads\/2026\/03\/Collage-acte-15-abril-CC-1.jpg)\"><a href=\"https:\/\/www.cercledecultura.org\/ca\/taula-rodona-sobre-cultura-i-salut\/\" aria-label=\"Cultura i salut, una alian\u00e7a transformadora\"><\/a><\/div><div class=\"vce-post-description--content\"><h3 class=\"vce-post-description--title\"><a href=\"https:\/\/www.cercledecultura.org\/ca\/taula-rodona-sobre-cultura-i-salut\/\">Cultura i salut, una alian\u00e7a transformadora<\/a><\/h3><div class=\"vce-post-description--excerpt\"><p>El 2019 l&#8217;Organitzaci\u00f3 Mundial de la Salut (OMS) publicava un informe analitzant m\u00e9s de 900 publicacions cient\u00edfiques de tot el m\u00f3n en les que es posava de manifest el rol de la cultura i les arts en la salut i el benestar. En aquest mateix informe, es recomanava incloure l\u2019art i la cultura als sistemes&hellip;<\/p>\n<\/div>\n<\/div><\/div><\/article><\/div><div class=\"vce-posts-grid-item\"><article class=\"vce-posts-grid-item-inner\"><div class=\"vce-post-description vce-post-description--title-color-b-27-157-209 vce-post-description--excerpt-color-b-62-61-61 vce-post-description--background-color-empty vce-post-description--author-color-ffce00 vce-post-description--meta-color-b-62-61-61\"><div class=\"vce-post-description--image\" style=\"background-image:url(https:\/\/www.cercledecultura.org\/wp-content\/uploads\/2026\/02\/Collage-acte-25-marc-CC.jpg)\"><a href=\"https:\/\/www.cercledecultura.org\/ca\/taula-rodona-publics-i-algoritmes\/\" aria-label=\"Taula rodona \"P\u00fablics i algoritmes\"\"><\/a><\/div><div class=\"vce-post-description--content\"><h3 class=\"vce-post-description--title\"><a href=\"https:\/\/www.cercledecultura.org\/ca\/taula-rodona-publics-i-algoritmes\/\">Taula rodona \"P\u00fablics i algoritmes\"<\/a><\/h3><div class=\"vce-post-description--excerpt\"><p>El dimecres 25 de mar\u00e7, des del Cercle de Cultura va organitzar la taula rodona \u201cP\u00fablics i algoritmes\u201d, una trobada per reflexionar sobre els sistemes de recomanaci\u00f3 algor\u00edtmica i el seu impacte en la configuraci\u00f3 dels p\u00fablics culturals.\u00a0\u00a0 &nbsp; L\u2019acte es va organitzar a prop\u00f2sit de la publicaci\u00f3 del llibre P\u00fablicos y algoritmos. Estrategias de&hellip;<\/p>\n<\/div>\n<\/div><\/div><\/article><\/div><div class=\"vce-posts-grid-item\"><article class=\"vce-posts-grid-item-inner\"><div class=\"vce-post-description vce-post-description--title-color-b-27-157-209 vce-post-description--excerpt-color-b-62-61-61 vce-post-description--background-color-empty vce-post-description--author-color-ffce00 vce-post-description--meta-color-b-62-61-61\"><div class=\"vce-post-description--image\" style=\"background-image:url(https:\/\/www.cercledecultura.org\/wp-content\/uploads\/2025\/12\/Collage-web-acte-29-gener-CC.jpg)\"><a href=\"https:\/\/www.cercledecultura.org\/ca\/taula-rodona-humanisme-tecnologic\/\" aria-label=\"Taula rodona \"Humanisme tecnol\u00f2gic?\"\"><\/a><\/div><div class=\"vce-post-description--content\"><h3 class=\"vce-post-description--title\"><a href=\"https:\/\/www.cercledecultura.org\/ca\/taula-rodona-humanisme-tecnologic\/\">Taula rodona \"Humanisme tecnol\u00f2gic?\"<\/a><\/h3><div class=\"vce-post-description--excerpt\"><p>Qu\u00e8 significa la disrupci\u00f3 tecnol\u00f2gica?\u00a0\u00a0 &nbsp; La disrupci\u00f3, aquesta paraula tan de moda, es produeix quan una tecnologia canvia les regles del joc d\u2019un mercat o d\u2019un sector, de la vida de les persones o d\u2019una societat sencera.\u00a0\u00a0 &nbsp; Com ser\u00e0 la tecnologia del futur? \u00c9s la tecnologia digital el \u201cBig Bang\u201d universal del segle&hellip;<\/p>\n<\/div>\n<\/div><\/div><\/article><\/div><div class=\"vce-posts-grid-item\"><article class=\"vce-posts-grid-item-inner\"><div class=\"vce-post-description vce-post-description--title-color-b-27-157-209 vce-post-description--excerpt-color-b-62-61-61 vce-post-description--background-color-empty vce-post-description--author-color-ffce00 vce-post-description--meta-color-b-62-61-61\"><div class=\"vce-post-description--image\" style=\"background-image:url(https:\/\/www.cercledecultura.org\/wp-content\/uploads\/2025\/11\/Collage-xarxes-acte-10-desembre-CC-1.jpg)\"><a href=\"https:\/\/www.cercledecultura.org\/ca\/ministeri-de-cultura-balanc-i-perspectiva-de-dos-anys\/\" aria-label=\"Ministeri de Cultura: balan\u00e7 i perspectiva de dos anys\"><\/a><\/div><div class=\"vce-post-description--content\"><h3 class=\"vce-post-description--title\"><a href=\"https:\/\/www.cercledecultura.org\/ca\/ministeri-de-cultura-balanc-i-perspectiva-de-dos-anys\/\">Ministeri de Cultura: balan\u00e7 i perspectiva de dos anys<\/a><\/h3><div class=\"vce-post-description--excerpt\"><p>El dimecres, 10 de desembre, des del Cercle de Cultura va tenir lloc\u00a0l\u2019acte \u201cMinisteri de Cultura: balan\u00e7 i perspectiva de dos anys\u201d, una conversa amb Jordi Mart\u00ed Grau, secretari d\u2019Estat de Cultura.\u00a0 &nbsp; El secretari d\u2019Estat de Cultura va revisar les l\u00ednies program\u00e0tiques del Ministeri de Cultura despr\u00e9s de dos anys, tractant elements clau com&hellip;<\/p>\n<\/div>\n<\/div><\/div><\/article><\/div><\/div><div class=\"vce-posts-grid-pagination\">\n    <\/div>\n<\/div><\/div><\/div><\/div><\/div><div class=\"vce-col vce-col--md-20p vce-col--xs-1 vce-col--xs-last vce-col--xs-first vce-col--sm-last vce-col--sm-first vce-col--md-last vce-col--lg-last vce-col--xl-last\" id=\"el-1cb938ea\"><div class=\"vce-col-inner\" data-vce-do-apply=\"border margin background  el-1cb938ea\"><div class=\"vce-col-content\" data-vce-element-content=\"true\" data-vce-do-apply=\"padding el-1cb938ea\"><div class=\"vce-twitter-timeline vce-twitter-timeline--align-center\"><div class=\"vce-twitter-timeline-wrapper vce\" id=\"el-2fb19555\" data-vce-do-apply=\"all el-2fb19555\"><div class=\"vce-twitter-timeline-inner\" style=\"width: 500px;\"><a class=\"twitter-timeline\" data-tweet-limit=\"10\" data-theme=\"light\" href=\"https:\/\/twitter.com\/cercledecultura?ref_src=twsrc%5Etfw\">Tweets by cercledecultura<\/a>\n<script async=\"\" src=\"https:\/\/platform.twitter.com\/widgets.js\" charset=\"utf-8\"><\/script>\n<\/div><\/div><\/div><\/div><\/div><\/div><div class=\"vce-col vce-col--md-auto vce-col--xs-1 vce-col--xs-last vce-col--xs-first vce-col--sm-last vce-col--sm-first vce-col--md-last vce-col--lg-last vce-col--xl-last vce-col--md-first vce-col--lg-first vce-col--xl-first\" id=\"el-a124653d\"><div class=\"vce-col-inner\" data-vce-do-apply=\"border margin background  el-a124653d\"><div class=\"vce-content-background-container\"><\/div><div class=\"vce-col-content\" data-vce-element-content=\"true\" data-vce-do-apply=\"padding el-a124653d\"><div class=\"vce-button--style-outline-container vce-button--style-outline-container--align-center\"><span class=\"vce-button--style-outline-wrapper vce\" id=\"el-88483c01\" data-vce-do-apply=\"margin el-88483c01\"><a class=\"vce-button vce-button--style-outline-animated vce-button--style-outline--border-square vce-button--style-outline--size-medium vce-button--style-outline-animated--color-b-84-168-208--fff--3d3d3d vce-button--style-outline-animated--border-color-b-84-168-208--3d3d3d vce-button--style-outline-animated--background-color-b-84-168-208\" href=\"https:\/\/www.cercledecultura.org\/sala-de-premsa\/\" title=\"\" data-vce-do-apply=\"padding border background  el-88483c01\"><span class=\"vce-button--style-outline-text\">M\u00e9s not\u00edcies<\/span><\/a><\/span><\/div><\/div><\/div><\/div><\/div><\/div><\/div><div class=\"vce-row-container\" data-vce-boxed-width=\"true\"><div class=\"vce-row vce-row--col-gap-30 vce-row-equal-height vce-row-content--top\" id=\"el-a0586869\" data-vce-do-apply=\"all el-a0586869\"><div class=\"vce-content-background-container\"><\/div><div class=\"vce-row-content\" data-vce-element-content=\"true\"><div class=\"vce-col vce-col--md-auto vce-col--xs-1 vce-col--xs-last vce-col--xs-first vce-col--sm-last vce-col--sm-first vce-col--md-last vce-col--lg-last vce-col--xl-last vce-col--md-first vce-col--lg-first vce-col--xl-first\" id=\"el-eaa7bfb9\"><div class=\"vce-col-inner\" data-vce-do-apply=\"border margin background  el-eaa7bfb9\"><div class=\"vce-col-content\" data-vce-element-content=\"true\" data-vce-do-apply=\"padding el-eaa7bfb9\"><div class=\"vce-twitter-timeline vce-twitter-timeline--align-center\"><div class=\"vce-twitter-timeline-wrapper vce\" id=\"el-001aa049\" data-vce-do-apply=\"all el-001aa049\"><div class=\"vce-twitter-timeline-inner\" style=\"width: 500px;\"><a class=\"twitter-timeline\" data-tweet-limit=\"5\" data-theme=\"light\" href=\"https:\/\/twitter.com\/cercledecultura?ref_src=twsrc%5Etfw\">Tweets by cercledecultura<\/a>\n<script async=\"\" src=\"https:\/\/platform.twitter.com\/widgets.js\" charset=\"utf-8\"><\/script>\n<\/div><\/div><\/div><\/div><\/div><\/div><\/div><\/div><\/div>\n","protected":false},"excerpt":{"rendered":"<p>ActualitatTweets by cercledecultura M\u00e9s not\u00edciesTweets by cercledecultura<\/p>\n","protected":false},"author":1,"featured_media":0,"parent":0,"menu_order":0,"comment_status":"closed","ping_status":"closed","template":"","meta":{"footnotes":""},"class_list":["post-8","page","type-page","status-publish","hentry"],"yoast_head":"<!-- This site is optimized with the Yoast SEO plugin v27.5 - https:\/\/yoast.com\/product\/yoast-seo-wordpress\/ -->\n<title>Inici - Cercle de Cultura<\/title>\n<meta name=\"robots\" content=\"index, follow, max-snippet:-1, max-image-preview:large, max-video-preview:-1\" \/>\n<link rel=\"canonical\" href=\"https:\/\/www.cercledecultura.org\/ca\/\" \/>\n<meta property=\"og:locale\" content=\"ca_ES\" \/>\n<meta property=\"og:type\" content=\"article\" \/>\n<meta property=\"og:title\" content=\"Inici - Cercle de Cultura\" \/>\n<meta property=\"og:description\" content=\"ActualitatTweets by cercledecultura M\u00e9s not\u00edciesTweets by cercledecultura\" \/>\n<meta property=\"og:url\" content=\"https:\/\/www.cercledecultura.org\/ca\/\" \/>\n<meta property=\"og:site_name\" content=\"Cercle de Cultura\" \/>\n<meta property=\"article:modified_time\" content=\"2023-01-30T11:14:37+00:00\" \/>\n<meta name=\"twitter:card\" content=\"summary_large_image\" \/>\n<meta name=\"twitter:label1\" content=\"Temps estimat de lectura\" \/>\n\t<meta name=\"twitter:data1\" content=\"1 minut\" \/>\n<script type=\"application\/ld+json\" class=\"yoast-schema-graph\">{\"@context\":\"https:\\\/\\\/schema.org\",\"@graph\":[{\"@type\":\"WebPage\",\"@id\":\"https:\\\/\\\/www.cercledecultura.org\\\/ca\\\/\",\"url\":\"https:\\\/\\\/www.cercledecultura.org\\\/ca\\\/\",\"name\":\"Inici - Cercle de Cultura\",\"isPartOf\":{\"@id\":\"https:\\\/\\\/www.cercledecultura.org\\\/ca\\\/#website\"},\"datePublished\":\"2020-01-09T09:05:15+00:00\",\"dateModified\":\"2023-01-30T11:14:37+00:00\",\"breadcrumb\":{\"@id\":\"https:\\\/\\\/www.cercledecultura.org\\\/ca\\\/#breadcrumb\"},\"inLanguage\":\"ca\",\"potentialAction\":[{\"@type\":\"ReadAction\",\"target\":[\"https:\\\/\\\/www.cercledecultura.org\\\/ca\\\/\"]}]},{\"@type\":\"BreadcrumbList\",\"@id\":\"https:\\\/\\\/www.cercledecultura.org\\\/ca\\\/#breadcrumb\",\"itemListElement\":[{\"@type\":\"ListItem\",\"position\":1,\"name\":\"Portada\",\"item\":\"https:\\\/\\\/www.cercledecultura.org\\\/ca\\\/\"},{\"@type\":\"ListItem\",\"position\":2,\"name\":\"Inici\"}]},{\"@type\":\"WebSite\",\"@id\":\"https:\\\/\\\/www.cercledecultura.org\\\/ca\\\/#website\",\"url\":\"https:\\\/\\\/www.cercledecultura.org\\\/ca\\\/\",\"name\":\"Cercle de Cultura\",\"description\":\"Entitat de car\u00e0cter privat i associatiu, independent, amb voluntat de participar en la vida p\u00fablica des de la pluralitat ideol\u00f2gica dels seus membres fundadors i futurs associats\",\"publisher\":{\"@id\":\"https:\\\/\\\/www.cercledecultura.org\\\/ca\\\/#organization\"},\"potentialAction\":[{\"@type\":\"SearchAction\",\"target\":{\"@type\":\"EntryPoint\",\"urlTemplate\":\"https:\\\/\\\/www.cercledecultura.org\\\/ca\\\/?s={search_term_string}\"},\"query-input\":{\"@type\":\"PropertyValueSpecification\",\"valueRequired\":true,\"valueName\":\"search_term_string\"}}],\"inLanguage\":\"ca\"},{\"@type\":\"Organization\",\"@id\":\"https:\\\/\\\/www.cercledecultura.org\\\/ca\\\/#organization\",\"name\":\"Cercle de Cultura\",\"url\":\"https:\\\/\\\/www.cercledecultura.org\\\/ca\\\/\",\"logo\":{\"@type\":\"ImageObject\",\"inLanguage\":\"ca\",\"@id\":\"https:\\\/\\\/www.cercledecultura.org\\\/ca\\\/#\\\/schema\\\/logo\\\/image\\\/\",\"url\":\"https:\\\/\\\/www.cercledecultura.org\\\/wp-content\\\/uploads\\\/2020\\\/01\\\/logo-cercle-de-cultura.png\",\"contentUrl\":\"https:\\\/\\\/www.cercledecultura.org\\\/wp-content\\\/uploads\\\/2020\\\/01\\\/logo-cercle-de-cultura.png\",\"width\":350,\"height\":195,\"caption\":\"Cercle de Cultura\"},\"image\":{\"@id\":\"https:\\\/\\\/www.cercledecultura.org\\\/ca\\\/#\\\/schema\\\/logo\\\/image\\\/\"}}]}<\/script>\n<!-- \/ Yoast SEO plugin. -->","yoast_head_json":{"title":"Inici - Cercle de Cultura","robots":{"index":"index","follow":"follow","max-snippet":"max-snippet:-1","max-image-preview":"max-image-preview:large","max-video-preview":"max-video-preview:-1"},"canonical":"https:\/\/www.cercledecultura.org\/ca\/","og_locale":"ca_ES","og_type":"article","og_title":"Inici - Cercle de Cultura","og_description":"ActualitatTweets by cercledecultura M\u00e9s not\u00edciesTweets by cercledecultura","og_url":"https:\/\/www.cercledecultura.org\/ca\/","og_site_name":"Cercle de Cultura","article_modified_time":"2023-01-30T11:14:37+00:00","twitter_card":"summary_large_image","twitter_misc":{"Temps estimat de lectura":"1 minut"},"schema":{"@context":"https:\/\/schema.org","@graph":[{"@type":"WebPage","@id":"https:\/\/www.cercledecultura.org\/ca\/","url":"https:\/\/www.cercledecultura.org\/ca\/","name":"Inici - Cercle de Cultura","isPartOf":{"@id":"https:\/\/www.cercledecultura.org\/ca\/#website"},"datePublished":"2020-01-09T09:05:15+00:00","dateModified":"2023-01-30T11:14:37+00:00","breadcrumb":{"@id":"https:\/\/www.cercledecultura.org\/ca\/#breadcrumb"},"inLanguage":"ca","potentialAction":[{"@type":"ReadAction","target":["https:\/\/www.cercledecultura.org\/ca\/"]}]},{"@type":"BreadcrumbList","@id":"https:\/\/www.cercledecultura.org\/ca\/#breadcrumb","itemListElement":[{"@type":"ListItem","position":1,"name":"Portada","item":"https:\/\/www.cercledecultura.org\/ca\/"},{"@type":"ListItem","position":2,"name":"Inici"}]},{"@type":"WebSite","@id":"https:\/\/www.cercledecultura.org\/ca\/#website","url":"https:\/\/www.cercledecultura.org\/ca\/","name":"Cercle de Cultura","description":"Entitat de car\u00e0cter privat i associatiu, independent, amb voluntat de participar en la vida p\u00fablica des de la pluralitat ideol\u00f2gica dels seus membres fundadors i futurs associats","publisher":{"@id":"https:\/\/www.cercledecultura.org\/ca\/#organization"},"potentialAction":[{"@type":"SearchAction","target":{"@type":"EntryPoint","urlTemplate":"https:\/\/www.cercledecultura.org\/ca\/?s={search_term_string}"},"query-input":{"@type":"PropertyValueSpecification","valueRequired":true,"valueName":"search_term_string"}}],"inLanguage":"ca"},{"@type":"Organization","@id":"https:\/\/www.cercledecultura.org\/ca\/#organization","name":"Cercle de Cultura","url":"https:\/\/www.cercledecultura.org\/ca\/","logo":{"@type":"ImageObject","inLanguage":"ca","@id":"https:\/\/www.cercledecultura.org\/ca\/#\/schema\/logo\/image\/","url":"https:\/\/www.cercledecultura.org\/wp-content\/uploads\/2020\/01\/logo-cercle-de-cultura.png","contentUrl":"https:\/\/www.cercledecultura.org\/wp-content\/uploads\/2020\/01\/logo-cercle-de-cultura.png","width":350,"height":195,"caption":"Cercle de Cultura"},"image":{"@id":"https:\/\/www.cercledecultura.org\/ca\/#\/schema\/logo\/image\/"}}]}},"_links":{"self":[{"href":"https:\/\/www.cercledecultura.org\/ca\/wp-json\/wp\/v2\/pages\/8","targetHints":{"allow":["GET"]}}],"collection":[{"href":"https:\/\/www.cercledecultura.org\/ca\/wp-json\/wp\/v2\/pages"}],"about":[{"href":"https:\/\/www.cercledecultura.org\/ca\/wp-json\/wp\/v2\/types\/page"}],"author":[{"embeddable":true,"href":"https:\/\/www.cercledecultura.org\/ca\/wp-json\/wp\/v2\/users\/1"}],"replies":[{"embeddable":true,"href":"https:\/\/www.cercledecultura.org\/ca\/wp-json\/wp\/v2\/comments?post=8"}],"version-history":[{"count":160,"href":"https:\/\/www.cercledecultura.org\/ca\/wp-json\/wp\/v2\/pages\/8\/revisions"}],"predecessor-version":[{"id":2707,"href":"https:\/\/www.cercledecultura.org\/ca\/wp-json\/wp\/v2\/pages\/8\/revisions\/2707"}],"wp:attachment":[{"href":"https:\/\/www.cercledecultura.org\/ca\/wp-json\/wp\/v2\/media?parent=8"}],"curies":[{"name":"wp","href":"https:\/\/api.w.org\/{rel}","templated":true}]}}