{"id":3,"date":"2020-01-09T08:09:01","date_gmt":"2020-01-09T08:09:01","guid":{"rendered":"https:\/\/pre.cercledecultura.org\/?page_id=3"},"modified":"2021-05-17T12:00:34","modified_gmt":"2021-05-17T10:00:34","slug":"avis-legal","status":"publish","type":"page","link":"https:\/\/www.cercledecultura.org\/ca\/avis-legal\/","title":{"rendered":"Av\u00eds legal"},"content":{"rendered":"<div class=\"vce-row-container\"><div class=\"vce-row vce-row--col-gap-30 vce-row-content--top\" data-vce-full-width=\"true\" id=\"el-0b3051a4\" data-vce-do-apply=\"all el-0b3051a4\"><div class=\"vce-content-background-container\"><\/div><div class=\"vce-row-content\" data-vce-element-content=\"true\"><div class=\"vce-col vce-col--md-auto vce-col--xs-1 vce-col--xs-last vce-col--xs-first vce-col--sm-last vce-col--sm-first vce-col--md-last vce-col--lg-last vce-col--xl-last vce-col--md-first vce-col--lg-first vce-col--xl-first\" id=\"el-e7651390\"><div class=\"vce-col-inner\" data-vce-do-apply=\"border margin background  el-e7651390\"><div class=\"vce-col-content\" data-vce-element-content=\"true\" data-vce-do-apply=\"padding el-e7651390\"><div class=\"vce-google-fonts-heading page-title vce-google-fonts-heading--align-center vce-google-fonts-heading--color-empty--45--5C00FF--FF7200 vce-google-fonts-heading--font-family-Open-Sans\"><div class=\"vce-google-fonts-heading-wrapper\"><div class=\"vce-google-fonts-heading--background vce\" id=\"el-dafbb33a\" data-vce-do-apply=\"border background  padding margin el-dafbb33a\"><h1 class=\"vce-google-fonts-heading-inner\" style=\"font-weight: 400;\">Av\u00eds legal<\/h1><\/div><\/div><\/div><\/div><\/div><\/div><\/div><\/div><\/div><div class=\"vce-row-container\"><div class=\"vce-row vce-row--col-gap-30 vce-row-content--top vcv-state--show-resizer\" data-vce-full-width=\"true\" id=\"el-3af7c4a3\" data-vce-do-apply=\"all el-3af7c4a3\"><div class=\"vce-content-background-container\"><\/div><div class=\"vce-dividers-wrapper\"><div class=\"vce-container-divider vce-divider-position--top vce-container-divider-new vce-visible-all-only\" data-vce-do-apply=\"divider el-3af7c4a3\"><div class=\"vce-container-divider-inner\"><svg class=\"vce-divider-svg\" viewBox=\"0 0 500 89\" width=\"100%\" preserveAspectRatio=\"none\"><g fill=\"rgb(237, 237, 237)\"><path d=\"M230,175.83203120000002 C129.788636,126.3809051 25.1367188,158.5544211 0,194.65820309999998 L0,0 L500,0 L500,140.03283820000001 C474.679688,194.65820309999998 348.710938,234.412109 230,175.83203120000002 Z\"><\/path><\/g><\/svg><\/div><\/div><\/div><div class=\"vce-row-content\" data-vce-element-content=\"true\"><div class=\"vce-col vce-col--md-auto vce-col--xs-1 vce-col--xs-last vce-col--xs-first vce-col--sm-last vce-col--sm-first vce-col--md-last vce-col--lg-last vce-col--xl-last vce-col--md-first vce-col--lg-first vce-col--xl-first\" id=\"el-5ed3da9c\"><div class=\"vce-col-inner\" data-vce-do-apply=\"border margin background  el-5ed3da9c\"><div class=\"vce-col-content\" data-vce-element-content=\"true\" data-vce-do-apply=\"padding el-5ed3da9c\"><div class=\"vce-text-block\"><div class=\"vce-text-block-wrapper vce\" id=\"el-fb5b58d1\" data-vce-do-apply=\"all el-fb5b58d1\"><p><strong>Condicions generals d\u2019acc\u00e9s<\/strong><\/p><p>Dades identificatives de l\u2019entitat gestora de la p\u00e0gina web. L\u2019Associaci\u00f3 Cercle de Cultura 2010 (en endavant el \u201cCercle de Cultura\u201d) t\u00e9 el seu domicili social al carrer Proven\u00e7a, n\u00famero 298, 08008, Barcelona. Est\u00e0 inscrit en el Registre d\u2019Associacions de la Direcci\u00f3 General de Dret i d\u2019Entitats Jur\u00eddiques del Departament de Just\u00edcia de la Generalitat de Catalunya, amb el n\u00famero 44322-J\/1 i el seu NIF \u00e9s G65448540. Correu electr\u00f2nic:&nbsp;<a href=\"mailto:secretaria@cercledecultura.org\">secretaria@cercledecultura.org<\/a><\/p><p>1. Acc\u00e9s i \u00fas de la p\u00e0gina web<\/p><p>1.1. Acc\u00e9s a la p\u00e0gina web<\/p><p>Aquestes condicions generals d\u2019acc\u00e9s i \u00fas regulen l\u2019acc\u00e9s i utilitzaci\u00f3 d\u2019aquesta p\u00e0gina web, que el Cercle de Cultura posa a disposici\u00f3 dels usuaris d\u2019Internet (en endavant, la P\u00e0gina \u201cweb\u201d), i que t\u00e9 per objecte facilitar a l\u2019usuari informaci\u00f3 relativa al Cercle de Cultura, les confer\u00e8ncies i reunions organitzades pels seus socis, aix\u00ed com informaci\u00f3 respecte de tots aquells aspectes de transcend\u00e8ncia per l\u2019economia i la societat.<br>L\u2019acc\u00e9s a la p\u00e0gina web comporta l\u2019acceptaci\u00f3 d\u2019aquestes condicions generals d\u2019acc\u00e9s i \u00fas, per la qual cosa li demanem que les llegeixi atentament abans de fer \u00fas. Si no accepta aquestes condicions, li demanem que s\u2019abstingui d\u2019utilitzar la p\u00e0gina web i el seu contingut.<br>Aix\u00ed mateix, el Cercle de Cultura informa als usuaris d\u2019aquesta p\u00e0gina web que aquestes condicions generals d\u2019acc\u00e9s i \u00fas podran ser adaptades o modificades en qualsevol moment sense notificaci\u00f3 pr\u00e8via. En conseq\u00fc\u00e8ncia, l\u2019usuari haur\u00e0 de llegir i acceptar aquestes condicions generals d\u2019acc\u00e9s i \u00fas en cadascuna de les ocasions en qu\u00e8 desitgi utilitzar la p\u00e0gina web.<\/p><p>1.2. Utilitzaci\u00f3 de la p\u00e0gina web<\/p><p>L\u2019usuari es compromet a fer un \u00fas diligent de la p\u00e0gina web i de la informaci\u00f3 que aquesta cont\u00e9, amb total subjecci\u00f3 tant a la normativa aplicable com a aquestes condicions generals d\u2019acc\u00e9s i \u00fas.<\/p><p>2. R\u00e8gim de responsabilitat<\/p><p>2.1. Funcionament de la p\u00e0gina web<\/p><p>El Cercle de Cultura realitza els seus millors esfor\u00e7os per mantenir la P\u00e0gina Web en bon funcionament, evitant errors o, si escau, reparant-los, i mantenint els continguts de la P\u00e0gina Web degudament actualitzats. No obstant aix\u00f2, el Cercle de Cultura no garanteix la disponibilitat i continu\u00eftat a l\u2019acc\u00e9s a la P\u00e0gina Web ni la inexist\u00e8ncia d\u2019errors en els seus continguts, com tampoc que aquests \u00faltims siguin oportunament actualitzats.<\/p><p>2.2. Modificacions en la informaci\u00f3 de la p\u00e0gina web<\/p><p>El Cercle de Cultura es reserva la facultat d\u2019efectuar, en qualsevol moment i sense necessitat de previ av\u00eds, modificacions, supressions o actualitzacions sobre la informaci\u00f3 continguda en la p\u00e0gina web, la seva configuraci\u00f3 o presentaci\u00f3.<\/p><p>2.3. \u00das de la informaci\u00f3 continguda en la p\u00e0gina web<\/p><p>Tant l\u2019acc\u00e9s a la p\u00e0gina web, com l\u2019\u00fas que pugui fer de qualsevol informaci\u00f3 o sol\u00b7licitud que aquesta contingui, es realitzen sota la responsabilitat exclusiva de l\u2019usuari. El Cercle de Cultura no es responsabilitza de qualsevol dany o perjudici que poguessin derivar-se, directa o indirectament, de l\u2019acc\u00e9s o \u00fas de la informaci\u00f3 continguda en la p\u00e0gina web, i especialment, d\u2019aquella informaci\u00f3 relativa a tercers diferents del Cercle de Cultura. En concret, en relaci\u00f3 amb la informaci\u00f3 continguda a la p\u00e0gina web relativa a reunions i confer\u00e8ncies organitzades pel Cercle de Cultura, el Cercle de Cultura deixa expressa const\u00e0ncia que les opinions manifestades pels participants s\u00f3n estrictament seves i que en cap cas reflecteixen la opini\u00f3 del Cercle de Cultura. Addicionalment, el Cercle de Cultura no es fa responsable de cap dany o perjudici en el programari o maquinari de l\u2019usuari que es derivi de l\u2019acc\u00e9s a la p\u00e0gina web.<\/p><p>3. Responsabilitat de l\u2019usuari<\/p><p>L\u2019usuari \u00e9s conscient, i accepta volunt\u00e0riament, que l\u2019\u00fas de la P\u00e0gina Web t\u00e9 lloc, en tot cas, sota la seva \u00fanica i exclusiva responsabilitat.<br>L\u2019usuari respondr\u00e0 dels danys i perjudicis de tota naturalesa que el Cercle de Cultura pugui patir com a conseq\u00fc\u00e8ncia de l\u2019incompliment de qualsevol de les obligacions a les quals resta sotm\u00e8s en virtut d\u2019aquestes condicions generals d\u2019acc\u00e9s i \u00fas, o de la legislaci\u00f3 aplicable en relaci\u00f3 amb la utilitzaci\u00f3 de la p\u00e0gina web.<\/p><p>4. Pol\u00edtica en mat\u00e8ria d\u2019enlla\u00e7os d\u2019hipertext (links)<\/p><p>El Cercle de Cultura no assumeix cap responsabilitat derivada de la connexi\u00f3 o dels continguts dels enlla\u00e7os d\u2019hipertext a tercers llocs web, ni la seva exist\u00e8ncia implica que el Cercle de Cultura avali, promocioni, garanteixi o recomani els llocs web enlla\u00e7ats.<br>Aix\u00ed mateix, aquells tercers que tinguin intenci\u00f3 d\u2019incloure en la seva p\u00e0gina web un enlla\u00e7 d\u2019hipertext que dirigeixi a la P\u00e0gina Web hauran d\u2019obtenir necess\u00e0riament el consentiment previ, expr\u00e9s i per escrit del Cercle de Cultura.<\/p><p>5. Protecci\u00f3 de dades personals<\/p><p>5.1. Responsable del tractament de les seves dades personals<\/p><p>Responsable del tractament de les seves dades personals<br>Responsable: CERCLE DE CULTURA<br>CIF: G08484735<br>Direcci\u00f3: C \/ Proven\u00e7a, 298, 08008 Barcelona<br>E-mail:&nbsp;<a href=\"mailto:secretaria@cercledecultura.org\">secretaria@cercledecultura.org<\/a><\/p><p>5.2. Finalitat del tractament de les seves dades personals<\/p><p>Les seves dades personals seran tractades amb la finalitat de donar resposta a les consultes que ens plantegin a trav\u00e9s de l\u2019apartat \u201ccontacte\u201d del lloc web del CERCLE DE CULTURA, aix\u00ed com per gestionar qualsevol altra petici\u00f3 que ens facin a trav\u00e9s del nostre lloc web.<\/p><p>5.3. Legitimaci\u00f3 per al tractament de les seves dades personals<\/p><p>La base legal per al tractament de les seves dades \u00e9s el consentiment de l\u2019interessat.<\/p><p>5.4 Temps de conservaci\u00f3 de les seves dades personals<\/p><p>Les dades proporcionades es conservaran mentre l\u2019interessat no sol\u00b7liciti la supressi\u00f3 de la informaci\u00f3 o durant els anys necessaris per complir amb les obligacions legals.<\/p><p>5.5 Altres destinataris als que podran comunicar-se les seves dades personals<\/p><p>Les dades personals de l\u2019usuari seran posats a disposici\u00f3 del prestador de serveis inform\u00e0tics que gestiona la nostra plataforma, incloent el sistema de \u201ccomputaci\u00f3 en el n\u00favol\u201d i l\u2019eventual subcontractaci\u00f3 en tercers prove\u00efdors. Els prove\u00efdors subcontractats compliran en tot moment amb les condicions establertes en el RGPD, incloses les relatives a les transfer\u00e8ncies internacionals de dades fora de la UE.<\/p><p>No es preveuen altres comunicacions de dades, tret que siguin necess\u00e0ries per donar compliment a una obligaci\u00f3 legal.<\/p><p>5.6 Drets de l\u2019usuari d\u2019acord amb l\u2019RGPD<\/p><p>Els usuaris tindran dret a accedir a les seves dades personals, aix\u00ed com a sol\u00b7licitar la rectificaci\u00f3 de les dades inexactes o, si escau, sol\u00b7licitar la seva supressi\u00f3 quan, entre d\u2019altres motius, les dades ja no siguin necessaris per als fins que van ser recollides.<\/p><p>En determinades circumst\u00e0ncies, els usuaris podran sol\u00b7licitar la limitaci\u00f3 del tractament de les seves dades, en aquest cas \u00fanicament els conservarem per a l\u2019exercici o la defensa de reclamacions.<\/p><p>Per motius relacionats amb la seva situaci\u00f3 particular, els usuaris podran oposar-se al tractament de les seves dades. CERCLE DE CULTURA deixar\u00e0 de tractar les dades, excepte per motius leg\u00edtims imperiosos, per a l\u2019exercici o la defensa de possibles reclamacions.<\/p><p>En virtut del dret a la portabilitat, els usuaris tenen dret a obtenir les dades personals que els incumbeixen en un format estructurat d\u2019\u00fas com\u00fa i lectura mec\u00e0nica i a transmetre\u2019ls a un altre responsable.<\/p><p>5.7 Mode d\u2019exercir els drets RGPD<\/p><p>Mitjan\u00e7ant un escrit, adjuntant fotoc\u00f2pia del DNI o document identificatiu equivalent, dirigit a CERCLE DE CULTURA, C \/ Proven\u00e7a, 298, 08008 Barcelona.<\/p><p>5.8 Reclamaci\u00f3 davant l\u2019AEPD<\/p><p>Si considera que els seus drets no s\u2019han at\u00e8s degudament, t\u00e9 dret a presentar una reclamaci\u00f3 davant l\u2019Ag\u00e8ncia Espanyola de Protecci\u00f3 de Dades.<\/p><p>6. Propietat industrial i intel\u00b7lectual<\/p><p>Tots els drets de propietat intel\u00b7lectual, continguts, disseny, bases de dades i codis que cont\u00e9 la p\u00e0gina web s\u00f3n titularitat del Cercle de Cultura o d\u2019algun dels seus socis, als quals correspon, llevat que s\u2019indiqui una titularitat diferent en cada cas, el exercici exclusiu dels seus drets d\u2019explotaci\u00f3. La reproducci\u00f3, distribuci\u00f3, comercialitzaci\u00f3 o transformaci\u00f3 no autoritzades d\u2019aquestes obres, llevat que es realitzi per a \u00fas personal i privat, constitueix una infracci\u00f3 dels drets de propietat intel\u00b7lectual del Cercle de Cultura.<br>La utilitzaci\u00f3 no autoritzada dels continguts d\u2019aquesta p\u00e0gina web, com tamb\u00e9 els perjudicis ocasionats en els drets de propietat intel\u00b7lectual i industrial del Cercle de Cultura, poden donar lloc a l\u2019exercici de les accions que legalment li corresponguin, i a les responsabilitats que, si \u00e9s possible , es derivin. En conseq\u00fc\u00e8ncia, en cas de voler obtenir qualsevol autoritzaci\u00f3, haur\u00e0 de sol\u00b7licitar-la a la seg\u00fcent adre\u00e7a de correu electr\u00f2nic:&nbsp;<a href=\"mailto:secretaria@cercledecultura.org\">secretaria@cercledecultura.org<\/a><\/p><p>7. Legislaci\u00f3 aplicable i jurisdicci\u00f3<\/p><p>L\u2019acc\u00e9s i utilitzaci\u00f3 de la p\u00e0gina web es regir\u00e0 i interpretar\u00e0 de conformitat amb la legislaci\u00f3 espanyola.<br>Qualsevol controv\u00e8rsia que pugui sorgir entre el Cercle de Cultura i els usuaris que accedeixin a la p\u00e0gina web ser\u00e0 dirimida, amb ren\u00fancia expressa de les parts al seu propi f\u00f2rum, pels Jutjats i Tribunals de la ciutat de Barcelona (Espanya).<\/p><\/div><\/div><\/div><\/div><\/div><\/div><\/div><\/div>\n","protected":false},"excerpt":{"rendered":"<p>Av\u00eds legalCondicions generals d\u2019acc\u00e9sDades identificatives de l\u2019entitat gestora de la p\u00e0gina web. L\u2019Associaci\u00f3 Cercle de Cultura 2010 (en endavant el \u201cCercle de Cultura\u201d) t\u00e9 el seu domicili social al carrer Proven\u00e7a, n\u00famero 298, 08008, Barcelona. Est\u00e0 inscrit en el Registre d\u2019Associacions de la Direcci\u00f3 General de Dret i d\u2019Entitats Jur\u00eddiques del Departament de Just\u00edcia de [&hellip;]<\/p>\n","protected":false},"author":1,"featured_media":0,"parent":0,"menu_order":0,"comment_status":"closed","ping_status":"closed","template":"","meta":{"footnotes":""},"class_list":["post-3","page","type-page","status-publish","hentry"],"yoast_head":"<!-- This site is optimized with the Yoast SEO plugin v27.5 - https:\/\/yoast.com\/product\/yoast-seo-wordpress\/ -->\n<title>Av\u00eds legal - Cercle de Cultura<\/title>\n<meta name=\"robots\" content=\"index, follow, max-snippet:-1, max-image-preview:large, max-video-preview:-1\" \/>\n<link rel=\"canonical\" href=\"https:\/\/www.cercledecultura.org\/ca\/avis-legal\/\" \/>\n<meta property=\"og:locale\" content=\"ca_ES\" \/>\n<meta property=\"og:type\" content=\"article\" \/>\n<meta property=\"og:title\" content=\"Av\u00eds legal - Cercle de Cultura\" \/>\n<meta property=\"og:description\" content=\"Av\u00eds legalCondicions generals d\u2019acc\u00e9sDades identificatives de l\u2019entitat gestora de la p\u00e0gina web. L\u2019Associaci\u00f3 Cercle de Cultura 2010 (en endavant el \u201cCercle de Cultura\u201d) t\u00e9 el seu domicili social al carrer Proven\u00e7a, n\u00famero 298, 08008, Barcelona. Est\u00e0 inscrit en el Registre d\u2019Associacions de la Direcci\u00f3 General de Dret i d\u2019Entitats Jur\u00eddiques del Departament de Just\u00edcia de [&hellip;]\" \/>\n<meta property=\"og:url\" content=\"https:\/\/www.cercledecultura.org\/ca\/avis-legal\/\" \/>\n<meta property=\"og:site_name\" content=\"Cercle de Cultura\" \/>\n<meta property=\"article:modified_time\" content=\"2021-05-17T10:00:34+00:00\" \/>\n<meta name=\"twitter:card\" content=\"summary_large_image\" \/>\n<meta name=\"twitter:label1\" content=\"Temps estimat de lectura\" \/>\n\t<meta name=\"twitter:data1\" content=\"8 minuts\" \/>\n<script type=\"application\/ld+json\" class=\"yoast-schema-graph\">{\"@context\":\"https:\\\/\\\/schema.org\",\"@graph\":[{\"@type\":\"WebPage\",\"@id\":\"https:\\\/\\\/www.cercledecultura.org\\\/ca\\\/avis-legal\\\/\",\"url\":\"https:\\\/\\\/www.cercledecultura.org\\\/ca\\\/avis-legal\\\/\",\"name\":\"Av\u00eds legal - Cercle de Cultura\",\"isPartOf\":{\"@id\":\"https:\\\/\\\/www.cercledecultura.org\\\/ca\\\/#website\"},\"datePublished\":\"2020-01-09T08:09:01+00:00\",\"dateModified\":\"2021-05-17T10:00:34+00:00\",\"breadcrumb\":{\"@id\":\"https:\\\/\\\/www.cercledecultura.org\\\/ca\\\/avis-legal\\\/#breadcrumb\"},\"inLanguage\":\"ca\",\"potentialAction\":[{\"@type\":\"ReadAction\",\"target\":[\"https:\\\/\\\/www.cercledecultura.org\\\/ca\\\/avis-legal\\\/\"]}]},{\"@type\":\"BreadcrumbList\",\"@id\":\"https:\\\/\\\/www.cercledecultura.org\\\/ca\\\/avis-legal\\\/#breadcrumb\",\"itemListElement\":[{\"@type\":\"ListItem\",\"position\":1,\"name\":\"Portada\",\"item\":\"https:\\\/\\\/www.cercledecultura.org\\\/ca\\\/\"},{\"@type\":\"ListItem\",\"position\":2,\"name\":\"Av\u00eds legal\"}]},{\"@type\":\"WebSite\",\"@id\":\"https:\\\/\\\/www.cercledecultura.org\\\/ca\\\/#website\",\"url\":\"https:\\\/\\\/www.cercledecultura.org\\\/ca\\\/\",\"name\":\"Cercle de Cultura\",\"description\":\"Entitat de car\u00e0cter privat i associatiu, independent, amb voluntat de participar en la vida p\u00fablica des de la pluralitat ideol\u00f2gica dels seus membres fundadors i futurs associats\",\"publisher\":{\"@id\":\"https:\\\/\\\/www.cercledecultura.org\\\/ca\\\/#organization\"},\"potentialAction\":[{\"@type\":\"SearchAction\",\"target\":{\"@type\":\"EntryPoint\",\"urlTemplate\":\"https:\\\/\\\/www.cercledecultura.org\\\/ca\\\/?s={search_term_string}\"},\"query-input\":{\"@type\":\"PropertyValueSpecification\",\"valueRequired\":true,\"valueName\":\"search_term_string\"}}],\"inLanguage\":\"ca\"},{\"@type\":\"Organization\",\"@id\":\"https:\\\/\\\/www.cercledecultura.org\\\/ca\\\/#organization\",\"name\":\"Cercle de Cultura\",\"url\":\"https:\\\/\\\/www.cercledecultura.org\\\/ca\\\/\",\"logo\":{\"@type\":\"ImageObject\",\"inLanguage\":\"ca\",\"@id\":\"https:\\\/\\\/www.cercledecultura.org\\\/ca\\\/#\\\/schema\\\/logo\\\/image\\\/\",\"url\":\"https:\\\/\\\/www.cercledecultura.org\\\/wp-content\\\/uploads\\\/2020\\\/01\\\/logo-cercle-de-cultura.png\",\"contentUrl\":\"https:\\\/\\\/www.cercledecultura.org\\\/wp-content\\\/uploads\\\/2020\\\/01\\\/logo-cercle-de-cultura.png\",\"width\":350,\"height\":195,\"caption\":\"Cercle de Cultura\"},\"image\":{\"@id\":\"https:\\\/\\\/www.cercledecultura.org\\\/ca\\\/#\\\/schema\\\/logo\\\/image\\\/\"}}]}<\/script>\n<!-- \/ Yoast SEO plugin. -->","yoast_head_json":{"title":"Av\u00eds legal - Cercle de Cultura","robots":{"index":"index","follow":"follow","max-snippet":"max-snippet:-1","max-image-preview":"max-image-preview:large","max-video-preview":"max-video-preview:-1"},"canonical":"https:\/\/www.cercledecultura.org\/ca\/avis-legal\/","og_locale":"ca_ES","og_type":"article","og_title":"Av\u00eds legal - Cercle de Cultura","og_description":"Av\u00eds legalCondicions generals d\u2019acc\u00e9sDades identificatives de l\u2019entitat gestora de la p\u00e0gina web. L\u2019Associaci\u00f3 Cercle de Cultura 2010 (en endavant el \u201cCercle de Cultura\u201d) t\u00e9 el seu domicili social al carrer Proven\u00e7a, n\u00famero 298, 08008, Barcelona. Est\u00e0 inscrit en el Registre d\u2019Associacions de la Direcci\u00f3 General de Dret i d\u2019Entitats Jur\u00eddiques del Departament de Just\u00edcia de [&hellip;]","og_url":"https:\/\/www.cercledecultura.org\/ca\/avis-legal\/","og_site_name":"Cercle de Cultura","article_modified_time":"2021-05-17T10:00:34+00:00","twitter_card":"summary_large_image","twitter_misc":{"Temps estimat de lectura":"8 minuts"},"schema":{"@context":"https:\/\/schema.org","@graph":[{"@type":"WebPage","@id":"https:\/\/www.cercledecultura.org\/ca\/avis-legal\/","url":"https:\/\/www.cercledecultura.org\/ca\/avis-legal\/","name":"Av\u00eds legal - Cercle de Cultura","isPartOf":{"@id":"https:\/\/www.cercledecultura.org\/ca\/#website"},"datePublished":"2020-01-09T08:09:01+00:00","dateModified":"2021-05-17T10:00:34+00:00","breadcrumb":{"@id":"https:\/\/www.cercledecultura.org\/ca\/avis-legal\/#breadcrumb"},"inLanguage":"ca","potentialAction":[{"@type":"ReadAction","target":["https:\/\/www.cercledecultura.org\/ca\/avis-legal\/"]}]},{"@type":"BreadcrumbList","@id":"https:\/\/www.cercledecultura.org\/ca\/avis-legal\/#breadcrumb","itemListElement":[{"@type":"ListItem","position":1,"name":"Portada","item":"https:\/\/www.cercledecultura.org\/ca\/"},{"@type":"ListItem","position":2,"name":"Av\u00eds legal"}]},{"@type":"WebSite","@id":"https:\/\/www.cercledecultura.org\/ca\/#website","url":"https:\/\/www.cercledecultura.org\/ca\/","name":"Cercle de Cultura","description":"Entitat de car\u00e0cter privat i associatiu, independent, amb voluntat de participar en la vida p\u00fablica des de la pluralitat ideol\u00f2gica dels seus membres fundadors i futurs associats","publisher":{"@id":"https:\/\/www.cercledecultura.org\/ca\/#organization"},"potentialAction":[{"@type":"SearchAction","target":{"@type":"EntryPoint","urlTemplate":"https:\/\/www.cercledecultura.org\/ca\/?s={search_term_string}"},"query-input":{"@type":"PropertyValueSpecification","valueRequired":true,"valueName":"search_term_string"}}],"inLanguage":"ca"},{"@type":"Organization","@id":"https:\/\/www.cercledecultura.org\/ca\/#organization","name":"Cercle de Cultura","url":"https:\/\/www.cercledecultura.org\/ca\/","logo":{"@type":"ImageObject","inLanguage":"ca","@id":"https:\/\/www.cercledecultura.org\/ca\/#\/schema\/logo\/image\/","url":"https:\/\/www.cercledecultura.org\/wp-content\/uploads\/2020\/01\/logo-cercle-de-cultura.png","contentUrl":"https:\/\/www.cercledecultura.org\/wp-content\/uploads\/2020\/01\/logo-cercle-de-cultura.png","width":350,"height":195,"caption":"Cercle de Cultura"},"image":{"@id":"https:\/\/www.cercledecultura.org\/ca\/#\/schema\/logo\/image\/"}}]}},"_links":{"self":[{"href":"https:\/\/www.cercledecultura.org\/ca\/wp-json\/wp\/v2\/pages\/3","targetHints":{"allow":["GET"]}}],"collection":[{"href":"https:\/\/www.cercledecultura.org\/ca\/wp-json\/wp\/v2\/pages"}],"about":[{"href":"https:\/\/www.cercledecultura.org\/ca\/wp-json\/wp\/v2\/types\/page"}],"author":[{"embeddable":true,"href":"https:\/\/www.cercledecultura.org\/ca\/wp-json\/wp\/v2\/users\/1"}],"replies":[{"embeddable":true,"href":"https:\/\/www.cercledecultura.org\/ca\/wp-json\/wp\/v2\/comments?post=3"}],"version-history":[{"count":14,"href":"https:\/\/www.cercledecultura.org\/ca\/wp-json\/wp\/v2\/pages\/3\/revisions"}],"predecessor-version":[{"id":1585,"href":"https:\/\/www.cercledecultura.org\/ca\/wp-json\/wp\/v2\/pages\/3\/revisions\/1585"}],"wp:attachment":[{"href":"https:\/\/www.cercledecultura.org\/ca\/wp-json\/wp\/v2\/media?parent=3"}],"curies":[{"name":"wp","href":"https:\/\/api.w.org\/{rel}","templated":true}]}}