{"id":2366,"date":"2021-07-13T16:59:02","date_gmt":"2021-07-13T14:59:02","guid":{"rendered":"https:\/\/www.cercledecultura.org\/?page_id=2366"},"modified":"2021-07-13T17:12:11","modified_gmt":"2021-07-13T15:12:11","slug":"comissions-de-treball","status":"publish","type":"page","link":"https:\/\/www.cercledecultura.org\/ca\/comissions-de-treball\/","title":{"rendered":"Comissions de treball"},"content":{"rendered":"<div class=\"vce-row-container\"><div class=\"vce-row vce-row--col-gap-0 vce-row-content--top\" id=\"el-c80eecae\" data-vce-do-apply=\"all el-c80eecae\" data-vce-full-width=\"true\"><div class=\"vce-content-background-container\"><\/div><div class=\"vce-row-content\" data-vce-element-content=\"true\"><div class=\"vce-col vce-col--md-auto vce-col--xs-1 vce-col--xs-last vce-col--xs-first vce-col--sm-last vce-col--sm-first vce-col--md-last vce-col--lg-last vce-col--xl-last vce-col--md-first vce-col--lg-first vce-col--xl-first\" id=\"el-cb4913cc\"><div class=\"vce-col-inner\" data-vce-do-apply=\"border margin background  el-cb4913cc\"><div class=\"vce-col-content\" data-vce-element-content=\"true\" data-vce-do-apply=\"padding el-cb4913cc\"><div class=\"vce-google-fonts-heading page-title vce-google-fonts-heading--align-center vce-google-fonts-heading--color-empty--45--5C00FF--FF7200 vce-google-fonts-heading--font-family-Open-Sans\"><div class=\"vce-google-fonts-heading-wrapper\"><div class=\"vce-google-fonts-heading--background vce\" id=\"el-cf66fd69\" data-vce-do-apply=\"border background  padding margin el-cf66fd69\"><h1 class=\"vce-google-fonts-heading-inner\" style=\"font-weight: 400;\">Comissions de treball<\/h1><\/div><\/div><\/div><\/div><\/div><\/div><\/div><\/div><\/div><div class=\"vce-row-container\"><div class=\"vce-row vce-row--col-gap-0 vce-row-full-height vce-row-columns--top vce-row-content--top\" id=\"el-b87f271e\" data-vce-do-apply=\"all el-b87f271e\" data-vce-full-width=\"true\"><div class=\"vce-content-background-container\"><\/div><div class=\"vce-dividers-wrapper\"><div class=\"vce-container-divider vce-divider-position--top vce-container-divider-new vce-visible-xl-only\" data-vce-do-apply=\"divider el-b87f271e\"><div class=\"vce-container-divider-inner\"><svg class=\"vce-divider-svg\" viewBox=\"0 0 500 89\" width=\"100%\" preserveAspectRatio=\"none\"><g fill=\"rgb(237, 237, 237)\"><path d=\"M230,175.83203120000002 C129.788636,126.3809051 25.1367188,158.5544211 0,194.65820309999998 L0,0 L500,0 L500,140.03283820000001 C474.679688,194.65820309999998 348.710938,234.412109 230,175.83203120000002 Z\"><\/path><\/g><\/svg><\/div><\/div><\/div><div class=\"vce-row-content\" data-vce-element-content=\"true\"><div class=\"vce-col vce-col--md-auto vce-col--xs-1 vce-col--xs-last vce-col--xs-first vce-col--sm-last vce-col--sm-first vce-col--md-last vce-col--lg-last vce-col--xl-last vce-col--md-first vce-col--lg-first vce-col--xl-first\" id=\"el-13cf9ff0\"><div class=\"vce-col-inner\" data-vce-do-apply=\"border margin background  el-13cf9ff0\"><div class=\"vce-col-content\" data-vce-element-content=\"true\" data-vce-do-apply=\"padding el-13cf9ff0\"><div class=\"vce-text-block\"><div class=\"vce-text-block-wrapper vce\" id=\"el-70ed0921\" data-vce-do-apply=\"all el-70ed0921\"><p><strong>Comissi\u00f3 de Comunicaci\u00f3:<\/strong><\/p>\n<p><span style=\"font-size: inherit; text-align: inherit;\">Marta Puigderrajols (coordinadora i membre de la junta directiva)<\/span><\/p>\n<p>Bel\u00e9n Latorre (s\u00f2cia i membre de la junta directiva)<\/p>\n<p>Joan Safont (soci)<\/p>\n<p>Jordi Monta\u00f1a (soci i membre de la junta directiva)<\/p>\n<p><strong>Comissi\u00f3 del \u201cBar\u00f2metre de la Cultura\u201d:<\/strong><\/p>\n<p>Alfons Martinell (coordinador i membre de la junta directiva)<\/p>\n<p>Esteve Le\u00f3n (soci i membre de la junta directiva)<\/p>\n<p>Pau Carri\u00f3 (soci i membre de la junta directiva)<\/p>\n<p>Ricardo Klein (soci)<\/p>\n<p>Antoni Laporte (soci)<\/p>\n<p><strong>Comissi\u00f3 de programaci\u00f3 d\u2019activitats i projectes:<\/strong><\/p>\n<p>Jordi Gonz\u00e1lez (coordinador i membre de la junta directiva)<\/p>\n<p>Segimon Borr\u00e0s (soci i membre de la junta directiva)<\/p>\n<p>Laura Bertran (s\u00f2cia i membre de la junta directiva)<\/p>\n<p>Eva Faustino (s\u00f2cia i membre de la junta directiva)<\/p>\n<p>Marta Puigderrajols (s\u00f2cia i membre de la junta directiva)<\/p>\n<p>Pep Morella (soci)<\/p>\n<p>Agust\u00ed Fructuoso (soci i membre de la junta directiva)<\/p>\n<p><strong>Comissi\u00f3 d\u2019Economia:<\/strong><\/p>\n<p>Montserrat Bou (coordinadora i membre de la junta directiva)<\/p>\n<p>Agust\u00ed Fructuoso (soci i membre de la junta directiva)<\/p>\n<p>Miquel \u00c0ngel Barrabia (soci i membre de la junta directiva)<\/p>\n<p>Eva Faustino (s\u00f2cia i membre de la junta directiva)<\/p>\n<p>Jordi Gonz\u00e1lez (soci i membre de la junta directiva)<\/p>\n<p>Segimon Borr\u00e0s (soci i membre de la junta directiva)<\/p>\n<p><strong>Comissi\u00f3 de socis i empreses col\u00b7laboradores:<\/strong><\/p>\n<p>M. \u00c0ngels Torras (coordinadora i membre de la junta directiva)<\/p>\n<p>Miquel \u00c0ngel Barrabia (soci i membre de la junta directiva)<\/p>\n<p>Montserrat Antol\u00ed (s\u00f2cia)<\/p>\n<p><strong>Comissi\u00f3 de manifestos i declaracions:<\/strong><\/p>\n<p>Esteve Le\u00f3n (coordinador ii membre de la junta directiva)<\/p>\n<p>M. \u00c0ngels Torras (s\u00f2cia i membre de la junta directiva)<\/p>\n<p>Jordi Pardo (soci i membre de la junta directiva)<\/p>\n<p><span style=\"text-align: inherit;\">Lluci\u00e0 Homs (soci)<\/span><\/p>\n<p><strong>Comissi\u00f3 Territorial:<\/strong><\/p>\n<p>Jaume Colomer (coordinador i membre de la junta directiva)<\/p>\n<p>Carme Fenoll (s\u00f2cia i membre de la junta directiva)<\/p><\/div><\/div><\/div><\/div><\/div><\/div><\/div><\/div>\n","protected":false},"excerpt":{"rendered":"<p>Comissions de treballComissi\u00f3 de Comunicaci\u00f3: Marta Puigderrajols (coordinadora i membre de la junta directiva) Bel\u00e9n Latorre (s\u00f2cia i membre de la junta directiva) Joan Safont (soci) Jordi Monta\u00f1a (soci i membre de la junta directiva) Comissi\u00f3 del \u201cBar\u00f2metre de la Cultura\u201d: Alfons Martinell (coordinador i membre de la junta directiva) Esteve Le\u00f3n (soci i membre [&hellip;]<\/p>\n","protected":false},"author":1,"featured_media":0,"parent":0,"menu_order":0,"comment_status":"closed","ping_status":"closed","template":"","meta":{"footnotes":""},"class_list":["post-2366","page","type-page","status-publish","hentry"],"yoast_head":"<!-- This site is optimized with the Yoast SEO plugin v27.3 - https:\/\/yoast.com\/product\/yoast-seo-wordpress\/ -->\n<title>Comissions de treball - Cercle de Cultura<\/title>\n<meta name=\"robots\" content=\"index, follow, max-snippet:-1, max-image-preview:large, max-video-preview:-1\" \/>\n<link rel=\"canonical\" href=\"https:\/\/www.cercledecultura.org\/ca\/comissions-de-treball\/\" \/>\n<meta property=\"og:locale\" content=\"ca_ES\" \/>\n<meta property=\"og:type\" content=\"article\" \/>\n<meta property=\"og:title\" content=\"Comissions de treball - Cercle de Cultura\" \/>\n<meta property=\"og:description\" content=\"Comissions de treballComissi\u00f3 de Comunicaci\u00f3: Marta Puigderrajols (coordinadora i membre de la junta directiva) Bel\u00e9n Latorre (s\u00f2cia i membre de la junta directiva) Joan Safont (soci) Jordi Monta\u00f1a (soci i membre de la junta directiva) Comissi\u00f3 del \u201cBar\u00f2metre de la Cultura\u201d: Alfons Martinell (coordinador i membre de la junta directiva) Esteve Le\u00f3n (soci i membre [&hellip;]\" \/>\n<meta property=\"og:url\" content=\"https:\/\/www.cercledecultura.org\/ca\/comissions-de-treball\/\" \/>\n<meta property=\"og:site_name\" content=\"Cercle de Cultura\" \/>\n<meta property=\"article:modified_time\" content=\"2021-07-13T15:12:11+00:00\" \/>\n<meta name=\"twitter:card\" content=\"summary_large_image\" \/>\n<meta name=\"twitter:label1\" content=\"Temps estimat de lectura\" \/>\n\t<meta name=\"twitter:data1\" content=\"1 minut\" \/>\n<script type=\"application\/ld+json\" class=\"yoast-schema-graph\">{\"@context\":\"https:\\\/\\\/schema.org\",\"@graph\":[{\"@type\":\"WebPage\",\"@id\":\"https:\\\/\\\/www.cercledecultura.org\\\/ca\\\/comissions-de-treball\\\/\",\"url\":\"https:\\\/\\\/www.cercledecultura.org\\\/ca\\\/comissions-de-treball\\\/\",\"name\":\"Comissions de treball - Cercle de Cultura\",\"isPartOf\":{\"@id\":\"https:\\\/\\\/www.cercledecultura.org\\\/ca\\\/#website\"},\"datePublished\":\"2021-07-13T14:59:02+00:00\",\"dateModified\":\"2021-07-13T15:12:11+00:00\",\"breadcrumb\":{\"@id\":\"https:\\\/\\\/www.cercledecultura.org\\\/ca\\\/comissions-de-treball\\\/#breadcrumb\"},\"inLanguage\":\"ca\",\"potentialAction\":[{\"@type\":\"ReadAction\",\"target\":[\"https:\\\/\\\/www.cercledecultura.org\\\/ca\\\/comissions-de-treball\\\/\"]}]},{\"@type\":\"BreadcrumbList\",\"@id\":\"https:\\\/\\\/www.cercledecultura.org\\\/ca\\\/comissions-de-treball\\\/#breadcrumb\",\"itemListElement\":[{\"@type\":\"ListItem\",\"position\":1,\"name\":\"Portada\",\"item\":\"https:\\\/\\\/www.cercledecultura.org\\\/ca\\\/\"},{\"@type\":\"ListItem\",\"position\":2,\"name\":\"Comissions de treball\"}]},{\"@type\":\"WebSite\",\"@id\":\"https:\\\/\\\/www.cercledecultura.org\\\/ca\\\/#website\",\"url\":\"https:\\\/\\\/www.cercledecultura.org\\\/ca\\\/\",\"name\":\"Cercle de Cultura\",\"description\":\"Entitat de car\u00e0cter privat i associatiu, independent, amb voluntat de participar en la vida p\u00fablica des de la pluralitat ideol\u00f2gica dels seus membres fundadors i futurs associats\",\"publisher\":{\"@id\":\"https:\\\/\\\/www.cercledecultura.org\\\/ca\\\/#organization\"},\"potentialAction\":[{\"@type\":\"SearchAction\",\"target\":{\"@type\":\"EntryPoint\",\"urlTemplate\":\"https:\\\/\\\/www.cercledecultura.org\\\/ca\\\/?s={search_term_string}\"},\"query-input\":{\"@type\":\"PropertyValueSpecification\",\"valueRequired\":true,\"valueName\":\"search_term_string\"}}],\"inLanguage\":\"ca\"},{\"@type\":\"Organization\",\"@id\":\"https:\\\/\\\/www.cercledecultura.org\\\/ca\\\/#organization\",\"name\":\"Cercle de Cultura\",\"url\":\"https:\\\/\\\/www.cercledecultura.org\\\/ca\\\/\",\"logo\":{\"@type\":\"ImageObject\",\"inLanguage\":\"ca\",\"@id\":\"https:\\\/\\\/www.cercledecultura.org\\\/ca\\\/#\\\/schema\\\/logo\\\/image\\\/\",\"url\":\"https:\\\/\\\/www.cercledecultura.org\\\/wp-content\\\/uploads\\\/2020\\\/01\\\/logo-cercle-de-cultura.png\",\"contentUrl\":\"https:\\\/\\\/www.cercledecultura.org\\\/wp-content\\\/uploads\\\/2020\\\/01\\\/logo-cercle-de-cultura.png\",\"width\":350,\"height\":195,\"caption\":\"Cercle de Cultura\"},\"image\":{\"@id\":\"https:\\\/\\\/www.cercledecultura.org\\\/ca\\\/#\\\/schema\\\/logo\\\/image\\\/\"}}]}<\/script>\n<!-- \/ Yoast SEO plugin. -->","yoast_head_json":{"title":"Comissions de treball - Cercle de Cultura","robots":{"index":"index","follow":"follow","max-snippet":"max-snippet:-1","max-image-preview":"max-image-preview:large","max-video-preview":"max-video-preview:-1"},"canonical":"https:\/\/www.cercledecultura.org\/ca\/comissions-de-treball\/","og_locale":"ca_ES","og_type":"article","og_title":"Comissions de treball - Cercle de Cultura","og_description":"Comissions de treballComissi\u00f3 de Comunicaci\u00f3: Marta Puigderrajols (coordinadora i membre de la junta directiva) Bel\u00e9n Latorre (s\u00f2cia i membre de la junta directiva) Joan Safont (soci) Jordi Monta\u00f1a (soci i membre de la junta directiva) Comissi\u00f3 del \u201cBar\u00f2metre de la Cultura\u201d: Alfons Martinell (coordinador i membre de la junta directiva) Esteve Le\u00f3n (soci i membre [&hellip;]","og_url":"https:\/\/www.cercledecultura.org\/ca\/comissions-de-treball\/","og_site_name":"Cercle de Cultura","article_modified_time":"2021-07-13T15:12:11+00:00","twitter_card":"summary_large_image","twitter_misc":{"Temps estimat de lectura":"1 minut"},"schema":{"@context":"https:\/\/schema.org","@graph":[{"@type":"WebPage","@id":"https:\/\/www.cercledecultura.org\/ca\/comissions-de-treball\/","url":"https:\/\/www.cercledecultura.org\/ca\/comissions-de-treball\/","name":"Comissions de treball - Cercle de Cultura","isPartOf":{"@id":"https:\/\/www.cercledecultura.org\/ca\/#website"},"datePublished":"2021-07-13T14:59:02+00:00","dateModified":"2021-07-13T15:12:11+00:00","breadcrumb":{"@id":"https:\/\/www.cercledecultura.org\/ca\/comissions-de-treball\/#breadcrumb"},"inLanguage":"ca","potentialAction":[{"@type":"ReadAction","target":["https:\/\/www.cercledecultura.org\/ca\/comissions-de-treball\/"]}]},{"@type":"BreadcrumbList","@id":"https:\/\/www.cercledecultura.org\/ca\/comissions-de-treball\/#breadcrumb","itemListElement":[{"@type":"ListItem","position":1,"name":"Portada","item":"https:\/\/www.cercledecultura.org\/ca\/"},{"@type":"ListItem","position":2,"name":"Comissions de treball"}]},{"@type":"WebSite","@id":"https:\/\/www.cercledecultura.org\/ca\/#website","url":"https:\/\/www.cercledecultura.org\/ca\/","name":"Cercle de Cultura","description":"Entitat de car\u00e0cter privat i associatiu, independent, amb voluntat de participar en la vida p\u00fablica des de la pluralitat ideol\u00f2gica dels seus membres fundadors i futurs associats","publisher":{"@id":"https:\/\/www.cercledecultura.org\/ca\/#organization"},"potentialAction":[{"@type":"SearchAction","target":{"@type":"EntryPoint","urlTemplate":"https:\/\/www.cercledecultura.org\/ca\/?s={search_term_string}"},"query-input":{"@type":"PropertyValueSpecification","valueRequired":true,"valueName":"search_term_string"}}],"inLanguage":"ca"},{"@type":"Organization","@id":"https:\/\/www.cercledecultura.org\/ca\/#organization","name":"Cercle de Cultura","url":"https:\/\/www.cercledecultura.org\/ca\/","logo":{"@type":"ImageObject","inLanguage":"ca","@id":"https:\/\/www.cercledecultura.org\/ca\/#\/schema\/logo\/image\/","url":"https:\/\/www.cercledecultura.org\/wp-content\/uploads\/2020\/01\/logo-cercle-de-cultura.png","contentUrl":"https:\/\/www.cercledecultura.org\/wp-content\/uploads\/2020\/01\/logo-cercle-de-cultura.png","width":350,"height":195,"caption":"Cercle de Cultura"},"image":{"@id":"https:\/\/www.cercledecultura.org\/ca\/#\/schema\/logo\/image\/"}}]}},"_links":{"self":[{"href":"https:\/\/www.cercledecultura.org\/ca\/wp-json\/wp\/v2\/pages\/2366","targetHints":{"allow":["GET"]}}],"collection":[{"href":"https:\/\/www.cercledecultura.org\/ca\/wp-json\/wp\/v2\/pages"}],"about":[{"href":"https:\/\/www.cercledecultura.org\/ca\/wp-json\/wp\/v2\/types\/page"}],"author":[{"embeddable":true,"href":"https:\/\/www.cercledecultura.org\/ca\/wp-json\/wp\/v2\/users\/1"}],"replies":[{"embeddable":true,"href":"https:\/\/www.cercledecultura.org\/ca\/wp-json\/wp\/v2\/comments?post=2366"}],"version-history":[{"count":5,"href":"https:\/\/www.cercledecultura.org\/ca\/wp-json\/wp\/v2\/pages\/2366\/revisions"}],"predecessor-version":[{"id":2372,"href":"https:\/\/www.cercledecultura.org\/ca\/wp-json\/wp\/v2\/pages\/2366\/revisions\/2372"}],"wp:attachment":[{"href":"https:\/\/www.cercledecultura.org\/ca\/wp-json\/wp\/v2\/media?parent=2366"}],"curies":[{"name":"wp","href":"https:\/\/api.w.org\/{rel}","templated":true}]}}